{"id":137,"date":"2019-10-06T17:06:38","date_gmt":"2019-10-06T15:06:38","guid":{"rendered":"https:\/\/heleianestalzibo.eu\/?page_id=137"},"modified":"2025-10-04T12:30:13","modified_gmt":"2025-10-04T10:30:13","slug":"nao-ja-kaela-nahakasvajate-kirurgiline-ravi","status":"publish","type":"page","link":"https:\/\/heleianestalzibo.eu\/en\/nao-ja-kaela-nahakasvajate-kirurgiline-ravi\/","title":{"rendered":"Surgical Treatment of Facial and Neck Skin Tumours"},"content":{"rendered":"<h3 class=\"wp-block-heading\"><strong>What is surgical treatment of skin tumours?<\/strong><\/h3>\n\n\n\n<p><strong>Surgical removal of skin tumours<\/strong> is indicated for both benign and malignant skin lesions. It is the most effective and standard treatment method for malignant skin cancers, ensuring complete removal of the tumour and reducing the risk of recurrence.<\/p>\n\n\n\n<h3 class=\"wp-block-heading\"><strong>How the procedure is performed<\/strong><\/h3>\n\n\n\n<ul class=\"wp-block-list\">\n<li>The tumour is removed together with a margin of healthy skin, called <strong>the safety margin<\/strong>.<br><\/li>\n\n\n\n<li>The width of this margin depends on the type, size, and depth of the tumour.<br><\/li>\n\n\n\n<li>Most small skin tumours can be removed <strong>under local anaesthesia.<\/strong>The procedure typically takes about <strong>30 minutes<\/strong>.<br><\/li>\n\n\n\n<li>Incisions are made along natural skin lines or folds to achieve the best possible <strong>cosmetic result<\/strong>.<br><\/li>\n\n\n\n<li>The removed tissue is always sent for <strong>histological examination<\/strong>to confirm the tumour type and to ensure that the surgical margins are free of cancer cells.<br><\/li>\n<\/ul>\n\n\n\n<h3 class=\"wp-block-heading\"><strong>Recovery and results<\/strong><\/h3>\n\n\n\n<ul class=\"wp-block-list\">\n<li>Healing is usually quick, and the resulting scar is as fine and discreet as possible.<br><\/li>\n\n\n\n<li>Further treatment or follow-up may be required depending on the histology report.<br><\/li>\n<\/ul>\n\n\n\n<p>Timely and thorough surgical treatment provides the best prognosis and minimises the risk of recurrence.<\/p>","protected":false},"excerpt":{"rendered":"<p>Mis on nahakasvajate kirurgiline ravi? Nahakasvaja kirurgiline ravi on n\u00e4idustatud nii healoomuliste kui ka pahaloomuliste naha kollete eemaldamiseks. See on k\u00f5ige t\u00f5husam ja standardne ravimeetod pahaloomuliste nahakasvajate korral, tagades kasvaja t\u00e4ieliku eemaldamise ja v\u00e4hendades kordumise riski. Kuidas protseduur toimub? Taastumine ja tulemused \u00d5igeaegne ja p\u00f5hjalik kirurgiline ravi tagab parima prognoosi ja v\u00e4hendab kordumise riski.<\/p>","protected":false},"author":2,"featured_media":0,"parent":0,"menu_order":0,"comment_status":"closed","ping_status":"closed","template":"","meta":{"footnotes":""},"class_list":["post-137","page","type-page","status-publish","hentry"],"yoast_head":"<!-- This site is optimized with the Yoast SEO plugin v25.9 - https:\/\/yoast.com\/wordpress\/plugins\/seo\/ -->\n<title>Nahajasvajate kirurgiline ravi - Heleia Nestal Zibo<\/title>\n<meta name=\"description\" content=\"Nahakasvaja kirurgiline ravi on n\u00e4idustatud nii healoomuliste, kui ka pahaloomuliste naha kollete eemaldamiseks.\" \/>\n<meta name=\"robots\" content=\"index, follow, max-snippet:-1, max-image-preview:large, max-video-preview:-1\" \/>\n<link rel=\"canonical\" href=\"https:\/\/heleianestalzibo.eu\/en\/nao-ja-kaela-nahakasvajate-kirurgiline-ravi\/\" \/>\n<meta property=\"og:locale\" content=\"en_GB\" \/>\n<meta property=\"og:type\" content=\"article\" \/>\n<meta property=\"og:title\" content=\"Nahajasvajate kirurgiline ravi - Heleia Nestal Zibo\" \/>\n<meta property=\"og:description\" content=\"Nahakasvaja kirurgiline ravi on n\u00e4idustatud nii healoomuliste, kui ka pahaloomuliste naha kollete eemaldamiseks.\" \/>\n<meta property=\"og:url\" content=\"https:\/\/heleianestalzibo.eu\/en\/nao-ja-kaela-nahakasvajate-kirurgiline-ravi\/\" \/>\n<meta property=\"og:site_name\" content=\"Heleia Nestal Zibo\" \/>\n<meta property=\"article:modified_time\" content=\"2025-10-04T10:30:13+00:00\" \/>\n<meta name=\"twitter:card\" content=\"summary_large_image\" \/>\n<meta name=\"twitter:label1\" content=\"Estimated reading time\" \/>\n\t<meta name=\"twitter:data1\" content=\"1 minute\" \/>\n<script type=\"application\/ld+json\" class=\"yoast-schema-graph\">{\"@context\":\"https:\/\/schema.org\",\"@graph\":[{\"@type\":\"WebPage\",\"@id\":\"https:\/\/heleianestalzibo.eu\/nao-ja-kaela-nahakasvajate-kirurgiline-ravi\/\",\"url\":\"https:\/\/heleianestalzibo.eu\/nao-ja-kaela-nahakasvajate-kirurgiline-ravi\/\",\"name\":\"Nahajasvajate kirurgiline ravi - Heleia Nestal Zibo\",\"isPartOf\":{\"@id\":\"https:\/\/heleianestalzibo.eu\/#website\"},\"datePublished\":\"2019-10-06T15:06:38+00:00\",\"dateModified\":\"2025-10-04T10:30:13+00:00\",\"description\":\"Nahakasvaja kirurgiline ravi on n\u00e4idustatud nii healoomuliste, kui ka pahaloomuliste naha kollete eemaldamiseks.\",\"breadcrumb\":{\"@id\":\"https:\/\/heleianestalzibo.eu\/nao-ja-kaela-nahakasvajate-kirurgiline-ravi\/#breadcrumb\"},\"inLanguage\":\"en-GB\",\"potentialAction\":[{\"@type\":\"ReadAction\",\"target\":[\"https:\/\/heleianestalzibo.eu\/nao-ja-kaela-nahakasvajate-kirurgiline-ravi\/\"]}]},{\"@type\":\"BreadcrumbList\",\"@id\":\"https:\/\/heleianestalzibo.eu\/nao-ja-kaela-nahakasvajate-kirurgiline-ravi\/#breadcrumb\",\"itemListElement\":[{\"@type\":\"ListItem\",\"position\":1,\"name\":\"Home\",\"item\":\"https:\/\/heleianestalzibo.eu\/\"},{\"@type\":\"ListItem\",\"position\":2,\"name\":\"N\u00e4o ja kaela nahakasvajate kirurgiline ravi\"}]},{\"@type\":\"WebSite\",\"@id\":\"https:\/\/heleianestalzibo.eu\/#website\",\"url\":\"https:\/\/heleianestalzibo.eu\/\",\"name\":\"Heleia Nestal Zibo\",\"description\":\"Kolju- ja n&auml;okirurg\",\"publisher\":{\"@id\":\"https:\/\/heleianestalzibo.eu\/#\/schema\/person\/0d02ef88bc0fa1398e9263e383a51584\"},\"potentialAction\":[{\"@type\":\"SearchAction\",\"target\":{\"@type\":\"EntryPoint\",\"urlTemplate\":\"https:\/\/heleianestalzibo.eu\/?s={search_term_string}\"},\"query-input\":{\"@type\":\"PropertyValueSpecification\",\"valueRequired\":true,\"valueName\":\"search_term_string\"}}],\"inLanguage\":\"en-GB\"},{\"@type\":[\"Person\",\"Organization\"],\"@id\":\"https:\/\/heleianestalzibo.eu\/#\/schema\/person\/0d02ef88bc0fa1398e9263e383a51584\",\"name\":\"hnz\",\"logo\":{\"@id\":\"https:\/\/heleianestalzibo.eu\/#\/schema\/person\/image\/\"}}]}<\/script>\n<!-- \/ Yoast SEO plugin. -->","yoast_head_json":{"title":"Nahajasvajate kirurgiline ravi - Heleia Nestal Zibo","description":"Nahakasvaja kirurgiline ravi on n\u00e4idustatud nii healoomuliste, kui ka pahaloomuliste naha kollete eemaldamiseks.","robots":{"index":"index","follow":"follow","max-snippet":"max-snippet:-1","max-image-preview":"max-image-preview:large","max-video-preview":"max-video-preview:-1"},"canonical":"https:\/\/heleianestalzibo.eu\/en\/nao-ja-kaela-nahakasvajate-kirurgiline-ravi\/","og_locale":"en_GB","og_type":"article","og_title":"Nahajasvajate kirurgiline ravi - Heleia Nestal Zibo","og_description":"Nahakasvaja kirurgiline ravi on n\u00e4idustatud nii healoomuliste, kui ka pahaloomuliste naha kollete eemaldamiseks.","og_url":"https:\/\/heleianestalzibo.eu\/en\/nao-ja-kaela-nahakasvajate-kirurgiline-ravi\/","og_site_name":"Heleia Nestal Zibo","article_modified_time":"2025-10-04T10:30:13+00:00","twitter_card":"summary_large_image","twitter_misc":{"Estimated reading time":"1 minute"},"schema":{"@context":"https:\/\/schema.org","@graph":[{"@type":"WebPage","@id":"https:\/\/heleianestalzibo.eu\/nao-ja-kaela-nahakasvajate-kirurgiline-ravi\/","url":"https:\/\/heleianestalzibo.eu\/nao-ja-kaela-nahakasvajate-kirurgiline-ravi\/","name":"Nahajasvajate kirurgiline ravi - Heleia Nestal Zibo","isPartOf":{"@id":"https:\/\/heleianestalzibo.eu\/#website"},"datePublished":"2019-10-06T15:06:38+00:00","dateModified":"2025-10-04T10:30:13+00:00","description":"Nahakasvaja kirurgiline ravi on n\u00e4idustatud nii healoomuliste, kui ka pahaloomuliste naha kollete eemaldamiseks.","breadcrumb":{"@id":"https:\/\/heleianestalzibo.eu\/nao-ja-kaela-nahakasvajate-kirurgiline-ravi\/#breadcrumb"},"inLanguage":"en-GB","potentialAction":[{"@type":"ReadAction","target":["https:\/\/heleianestalzibo.eu\/nao-ja-kaela-nahakasvajate-kirurgiline-ravi\/"]}]},{"@type":"BreadcrumbList","@id":"https:\/\/heleianestalzibo.eu\/nao-ja-kaela-nahakasvajate-kirurgiline-ravi\/#breadcrumb","itemListElement":[{"@type":"ListItem","position":1,"name":"Home","item":"https:\/\/heleianestalzibo.eu\/"},{"@type":"ListItem","position":2,"name":"N\u00e4o ja kaela nahakasvajate kirurgiline ravi"}]},{"@type":"WebSite","@id":"https:\/\/heleianestalzibo.eu\/#website","url":"https:\/\/heleianestalzibo.eu\/","name":"Heleia Nestal Zibo","description":"Craniofacial Surgeon","publisher":{"@id":"https:\/\/heleianestalzibo.eu\/#\/schema\/person\/0d02ef88bc0fa1398e9263e383a51584"},"potentialAction":[{"@type":"SearchAction","target":{"@type":"EntryPoint","urlTemplate":"https:\/\/heleianestalzibo.eu\/?s={search_term_string}"},"query-input":{"@type":"PropertyValueSpecification","valueRequired":true,"valueName":"search_term_string"}}],"inLanguage":"en-GB"},{"@type":["Person","Organization"],"@id":"https:\/\/heleianestalzibo.eu\/#\/schema\/person\/0d02ef88bc0fa1398e9263e383a51584","name":"hnz","logo":{"@id":"https:\/\/heleianestalzibo.eu\/#\/schema\/person\/image\/"}}]}},"rttpg_featured_image_url":null,"rttpg_author":{"display_name":"J K","author_link":"https:\/\/heleianestalzibo.eu\/en\/author\/jcrist\/"},"rttpg_comment":0,"rttpg_category":null,"rttpg_excerpt":"Mis on nahakasvajate kirurgiline ravi? Nahakasvaja kirurgiline ravi on n\u00e4idustatud nii healoomuliste kui ka pahaloomuliste naha kollete eemaldamiseks. See on k\u00f5ige t\u00f5husam ja standardne ravimeetod pahaloomuliste nahakasvajate korral, tagades kasvaja t\u00e4ieliku eemaldamise ja v\u00e4hendades kordumise riski. Kuidas protseduur toimub? Taastumine ja tulemused \u00d5igeaegne ja p\u00f5hjalik kirurgiline ravi tagab parima prognoosi ja v\u00e4hendab kordumise riski.","_links":{"self":[{"href":"https:\/\/heleianestalzibo.eu\/en\/wp-json\/wp\/v2\/pages\/137","targetHints":{"allow":["GET"]}}],"collection":[{"href":"https:\/\/heleianestalzibo.eu\/en\/wp-json\/wp\/v2\/pages"}],"about":[{"href":"https:\/\/heleianestalzibo.eu\/en\/wp-json\/wp\/v2\/types\/page"}],"author":[{"embeddable":true,"href":"https:\/\/heleianestalzibo.eu\/en\/wp-json\/wp\/v2\/users\/2"}],"replies":[{"embeddable":true,"href":"https:\/\/heleianestalzibo.eu\/en\/wp-json\/wp\/v2\/comments?post=137"}],"version-history":[{"count":4,"href":"https:\/\/heleianestalzibo.eu\/en\/wp-json\/wp\/v2\/pages\/137\/revisions"}],"predecessor-version":[{"id":1137,"href":"https:\/\/heleianestalzibo.eu\/en\/wp-json\/wp\/v2\/pages\/137\/revisions\/1137"}],"wp:attachment":[{"href":"https:\/\/heleianestalzibo.eu\/en\/wp-json\/wp\/v2\/media?parent=137"}],"curies":[{"name":"wp","href":"https:\/\/api.w.org\/{rel}","templated":true}]}}