{"id":25,"date":"2019-07-30T22:47:11","date_gmt":"2019-07-30T20:47:11","guid":{"rendered":"https:\/\/heleianestalzibo.eu\/?page_id=25"},"modified":"2025-09-26T11:36:15","modified_gmt":"2025-09-26T09:36:15","slug":"avaleht-heleia-nestal-zibo","status":"publish","type":"page","link":"https:\/\/heleianestalzibo.eu\/en\/avaleht-heleia-nestal-zibo\/","title":{"rendered":"Contact"},"content":{"rendered":"<h2 class=\"wp-block-heading\">Appointments with Dr. Heleia Nestal Zibo take place<\/h2>\n\n\n\n<p><\/p>\n\n\n\n<h2 class=\"wp-block-heading\"><strong>At the Confido Medical Centre&nbsp;<\/strong><\/h2>\n\n\n\n<p><a href=\"http:\/\/www.confido.ee\">www.confido.ee<\/a><\/p>\n\n\n\n<p>&nbsp;Registration at: 1330 or +372 6299 277 Veerenni 51, Tallinn 10138info@confido.ee<\/p>\n\n\n\n<h3 class=\"wp-block-heading\">&nbsp;<\/h3>\n\n\n\n<div class=\"wp-block-buttons is-content-justification-center is-layout-flex wp-container-core-buttons-is-layout-a89b3969 wp-block-buttons-is-layout-flex\">\n<div class=\"wp-block-button\"><a class=\"wp-block-button__link wp-element-button\" href=\"https:\/\/www.confido.ee\/en\/information-and-contact\/our-people\/dr-heleia-nestal-zibo\/\">Book a consultation<\/a><\/div>\n<\/div>\n\n\n\n<figure class=\"wp-block-image aligncenter\"><img loading=\"lazy\" decoding=\"async\" width=\"700\" height=\"1393\" src=\"https:\/\/heleianestalzibo.eu\/wp-content\/uploads\/2019\/11\/Heleia-contact.png\" alt=\"\" class=\"wp-image-350\" srcset=\"https:\/\/heleianestalzibo.eu\/wp-content\/uploads\/2019\/11\/Heleia-contact.png 700w, https:\/\/heleianestalzibo.eu\/wp-content\/uploads\/2019\/11\/Heleia-contact-151x300.png 151w, https:\/\/heleianestalzibo.eu\/wp-content\/uploads\/2019\/11\/Heleia-contact-515x1024.png 515w\" sizes=\"auto, (max-width: 700px) 100vw, 700px\" \/><figcaption class=\"wp-element-caption\">Heleia Nestal Zibo, MD, DDS<\/figcaption><\/figure>\n\n\n\n<p><\/p>","protected":false},"excerpt":{"rendered":"<p>Dr. Heleia Nestal Zibo vastuv\u00f5tud toimuvad Confido Meditsiinikeskuses&nbsp; www.confido.ee &nbsp;Registratuuri telefonid:&nbsp;1330 v\u00f5i +372 6299 277&nbsp;Veerenni 51, Tallinn 10138info@confido.ee &nbsp;<\/p>","protected":false},"author":2,"featured_media":0,"parent":0,"menu_order":0,"comment_status":"closed","ping_status":"closed","template":"","meta":{"footnotes":""},"class_list":["post-25","page","type-page","status-publish","hentry"],"yoast_head":"<!-- This site is optimized with the Yoast SEO plugin v25.9 - https:\/\/yoast.com\/wordpress\/plugins\/seo\/ -->\n<title>Heleia Nestal Zibo kontakt - Heleia Nestal Zibo<\/title>\n<meta name=\"description\" content=\"Dr. Heleia Nestal Zibo vastuv\u00f5tud toimuvad P\u00f5hja-Eesti Regionaalhaiglas.Registreerimiseks helistada registratuuri:+372 6171579 v\u00f5i +372 6171876\" \/>\n<meta name=\"robots\" content=\"index, follow, max-snippet:-1, max-image-preview:large, max-video-preview:-1\" \/>\n<link rel=\"canonical\" href=\"https:\/\/heleianestalzibo.eu\/en\/avaleht-heleia-nestal-zibo\/\" \/>\n<meta property=\"og:locale\" content=\"en_GB\" \/>\n<meta property=\"og:type\" content=\"article\" \/>\n<meta property=\"og:title\" content=\"Heleia Nestal Zibo kontakt - Heleia Nestal Zibo\" \/>\n<meta property=\"og:description\" content=\"Dr. Heleia Nestal Zibo vastuv\u00f5tud toimuvad P\u00f5hja-Eesti Regionaalhaiglas.Registreerimiseks helistada registratuuri:+372 6171579 v\u00f5i +372 6171876\" \/>\n<meta property=\"og:url\" content=\"https:\/\/heleianestalzibo.eu\/en\/avaleht-heleia-nestal-zibo\/\" \/>\n<meta property=\"og:site_name\" content=\"Heleia Nestal Zibo\" \/>\n<meta property=\"article:modified_time\" content=\"2025-09-26T09:36:15+00:00\" \/>\n<meta property=\"og:image\" content=\"https:\/\/heleianestalzibo.eu\/wp-content\/uploads\/2019\/11\/Heleia-contact.png\" \/>\n\t<meta property=\"og:image:width\" content=\"700\" \/>\n\t<meta property=\"og:image:height\" content=\"1393\" \/>\n\t<meta property=\"og:image:type\" content=\"image\/png\" \/>\n<meta name=\"twitter:card\" content=\"summary_large_image\" \/>\n<meta name=\"twitter:label1\" content=\"Estimated reading time\" \/>\n\t<meta name=\"twitter:data1\" content=\"1 minute\" \/>\n<script type=\"application\/ld+json\" class=\"yoast-schema-graph\">{\"@context\":\"https:\/\/schema.org\",\"@graph\":[{\"@type\":\"WebPage\",\"@id\":\"https:\/\/heleianestalzibo.eu\/et\/avaleht-heleia-nestal-zibo\/\",\"url\":\"https:\/\/heleianestalzibo.eu\/et\/avaleht-heleia-nestal-zibo\/\",\"name\":\"Heleia Nestal Zibo kontakt - Heleia Nestal Zibo\",\"isPartOf\":{\"@id\":\"https:\/\/heleianestalzibo.eu\/#website\"},\"primaryImageOfPage\":{\"@id\":\"https:\/\/heleianestalzibo.eu\/et\/avaleht-heleia-nestal-zibo\/#primaryimage\"},\"image\":{\"@id\":\"https:\/\/heleianestalzibo.eu\/et\/avaleht-heleia-nestal-zibo\/#primaryimage\"},\"thumbnailUrl\":\"https:\/\/heleianestalzibo.eu\/wp-content\/uploads\/2019\/11\/Heleia-contact.png\",\"datePublished\":\"2019-07-30T20:47:11+00:00\",\"dateModified\":\"2025-09-26T09:36:15+00:00\",\"description\":\"Dr. Heleia Nestal Zibo vastuv\u00f5tud toimuvad P\u00f5hja-Eesti Regionaalhaiglas.Registreerimiseks helistada registratuuri:+372 6171579 v\u00f5i +372 6171876\",\"breadcrumb\":{\"@id\":\"https:\/\/heleianestalzibo.eu\/et\/avaleht-heleia-nestal-zibo\/#breadcrumb\"},\"inLanguage\":\"en-GB\",\"potentialAction\":[{\"@type\":\"ReadAction\",\"target\":[\"https:\/\/heleianestalzibo.eu\/et\/avaleht-heleia-nestal-zibo\/\"]}]},{\"@type\":\"ImageObject\",\"inLanguage\":\"en-GB\",\"@id\":\"https:\/\/heleianestalzibo.eu\/et\/avaleht-heleia-nestal-zibo\/#primaryimage\",\"url\":\"https:\/\/heleianestalzibo.eu\/wp-content\/uploads\/2019\/11\/Heleia-contact.png\",\"contentUrl\":\"https:\/\/heleianestalzibo.eu\/wp-content\/uploads\/2019\/11\/Heleia-contact.png\"},{\"@type\":\"BreadcrumbList\",\"@id\":\"https:\/\/heleianestalzibo.eu\/et\/avaleht-heleia-nestal-zibo\/#breadcrumb\",\"itemListElement\":[{\"@type\":\"ListItem\",\"position\":1,\"name\":\"Home\",\"item\":\"https:\/\/heleianestalzibo.eu\/\"},{\"@type\":\"ListItem\",\"position\":2,\"name\":\"Kontakt\"}]},{\"@type\":\"WebSite\",\"@id\":\"https:\/\/heleianestalzibo.eu\/#website\",\"url\":\"https:\/\/heleianestalzibo.eu\/\",\"name\":\"Heleia Nestal Zibo\",\"description\":\"Kolju- ja n&auml;okirurg\",\"publisher\":{\"@id\":\"https:\/\/heleianestalzibo.eu\/#\/schema\/person\/0d02ef88bc0fa1398e9263e383a51584\"},\"potentialAction\":[{\"@type\":\"SearchAction\",\"target\":{\"@type\":\"EntryPoint\",\"urlTemplate\":\"https:\/\/heleianestalzibo.eu\/?s={search_term_string}\"},\"query-input\":{\"@type\":\"PropertyValueSpecification\",\"valueRequired\":true,\"valueName\":\"search_term_string\"}}],\"inLanguage\":\"en-GB\"},{\"@type\":[\"Person\",\"Organization\"],\"@id\":\"https:\/\/heleianestalzibo.eu\/#\/schema\/person\/0d02ef88bc0fa1398e9263e383a51584\",\"name\":\"hnz\",\"logo\":{\"@id\":\"https:\/\/heleianestalzibo.eu\/#\/schema\/person\/image\/\"}}]}<\/script>\n<!-- \/ Yoast SEO plugin. -->","yoast_head_json":{"title":"Heleia Nestal Zibo kontakt - Heleia Nestal Zibo","description":"Dr. Heleia Nestal Zibo vastuv\u00f5tud toimuvad P\u00f5hja-Eesti Regionaalhaiglas.Registreerimiseks helistada registratuuri:+372 6171579 v\u00f5i +372 6171876","robots":{"index":"index","follow":"follow","max-snippet":"max-snippet:-1","max-image-preview":"max-image-preview:large","max-video-preview":"max-video-preview:-1"},"canonical":"https:\/\/heleianestalzibo.eu\/en\/avaleht-heleia-nestal-zibo\/","og_locale":"en_GB","og_type":"article","og_title":"Heleia Nestal Zibo kontakt - Heleia Nestal Zibo","og_description":"Dr. Heleia Nestal Zibo vastuv\u00f5tud toimuvad P\u00f5hja-Eesti Regionaalhaiglas.Registreerimiseks helistada registratuuri:+372 6171579 v\u00f5i +372 6171876","og_url":"https:\/\/heleianestalzibo.eu\/en\/avaleht-heleia-nestal-zibo\/","og_site_name":"Heleia Nestal Zibo","article_modified_time":"2025-09-26T09:36:15+00:00","og_image":[{"width":700,"height":1393,"url":"https:\/\/heleianestalzibo.eu\/wp-content\/uploads\/2019\/11\/Heleia-contact.png","type":"image\/png"}],"twitter_card":"summary_large_image","twitter_misc":{"Estimated reading time":"1 minute"},"schema":{"@context":"https:\/\/schema.org","@graph":[{"@type":"WebPage","@id":"https:\/\/heleianestalzibo.eu\/et\/avaleht-heleia-nestal-zibo\/","url":"https:\/\/heleianestalzibo.eu\/et\/avaleht-heleia-nestal-zibo\/","name":"Heleia Nestal Zibo kontakt - Heleia Nestal Zibo","isPartOf":{"@id":"https:\/\/heleianestalzibo.eu\/#website"},"primaryImageOfPage":{"@id":"https:\/\/heleianestalzibo.eu\/et\/avaleht-heleia-nestal-zibo\/#primaryimage"},"image":{"@id":"https:\/\/heleianestalzibo.eu\/et\/avaleht-heleia-nestal-zibo\/#primaryimage"},"thumbnailUrl":"https:\/\/heleianestalzibo.eu\/wp-content\/uploads\/2019\/11\/Heleia-contact.png","datePublished":"2019-07-30T20:47:11+00:00","dateModified":"2025-09-26T09:36:15+00:00","description":"Dr. Heleia Nestal Zibo vastuv\u00f5tud toimuvad P\u00f5hja-Eesti Regionaalhaiglas.Registreerimiseks helistada registratuuri:+372 6171579 v\u00f5i +372 6171876","breadcrumb":{"@id":"https:\/\/heleianestalzibo.eu\/et\/avaleht-heleia-nestal-zibo\/#breadcrumb"},"inLanguage":"en-GB","potentialAction":[{"@type":"ReadAction","target":["https:\/\/heleianestalzibo.eu\/et\/avaleht-heleia-nestal-zibo\/"]}]},{"@type":"ImageObject","inLanguage":"en-GB","@id":"https:\/\/heleianestalzibo.eu\/et\/avaleht-heleia-nestal-zibo\/#primaryimage","url":"https:\/\/heleianestalzibo.eu\/wp-content\/uploads\/2019\/11\/Heleia-contact.png","contentUrl":"https:\/\/heleianestalzibo.eu\/wp-content\/uploads\/2019\/11\/Heleia-contact.png"},{"@type":"BreadcrumbList","@id":"https:\/\/heleianestalzibo.eu\/et\/avaleht-heleia-nestal-zibo\/#breadcrumb","itemListElement":[{"@type":"ListItem","position":1,"name":"Home","item":"https:\/\/heleianestalzibo.eu\/"},{"@type":"ListItem","position":2,"name":"Kontakt"}]},{"@type":"WebSite","@id":"https:\/\/heleianestalzibo.eu\/#website","url":"https:\/\/heleianestalzibo.eu\/","name":"Heleia Nestal Zibo","description":"Craniofacial Surgeon","publisher":{"@id":"https:\/\/heleianestalzibo.eu\/#\/schema\/person\/0d02ef88bc0fa1398e9263e383a51584"},"potentialAction":[{"@type":"SearchAction","target":{"@type":"EntryPoint","urlTemplate":"https:\/\/heleianestalzibo.eu\/?s={search_term_string}"},"query-input":{"@type":"PropertyValueSpecification","valueRequired":true,"valueName":"search_term_string"}}],"inLanguage":"en-GB"},{"@type":["Person","Organization"],"@id":"https:\/\/heleianestalzibo.eu\/#\/schema\/person\/0d02ef88bc0fa1398e9263e383a51584","name":"hnz","logo":{"@id":"https:\/\/heleianestalzibo.eu\/#\/schema\/person\/image\/"}}]}},"rttpg_featured_image_url":null,"rttpg_author":{"display_name":"J K","author_link":"https:\/\/heleianestalzibo.eu\/en\/author\/jcrist\/"},"rttpg_comment":0,"rttpg_category":null,"rttpg_excerpt":"Dr. Heleia Nestal Zibo vastuv\u00f5tud toimuvad Confido Meditsiinikeskuses&nbsp; www.confido.ee &nbsp;Registratuuri telefonid:&nbsp;1330 v\u00f5i +372 6299 277&nbsp;Veerenni 51, Tallinn 10138info@confido.ee &nbsp;","_links":{"self":[{"href":"https:\/\/heleianestalzibo.eu\/en\/wp-json\/wp\/v2\/pages\/25","targetHints":{"allow":["GET"]}}],"collection":[{"href":"https:\/\/heleianestalzibo.eu\/en\/wp-json\/wp\/v2\/pages"}],"about":[{"href":"https:\/\/heleianestalzibo.eu\/en\/wp-json\/wp\/v2\/types\/page"}],"author":[{"embeddable":true,"href":"https:\/\/heleianestalzibo.eu\/en\/wp-json\/wp\/v2\/users\/2"}],"replies":[{"embeddable":true,"href":"https:\/\/heleianestalzibo.eu\/en\/wp-json\/wp\/v2\/comments?post=25"}],"version-history":[{"count":11,"href":"https:\/\/heleianestalzibo.eu\/en\/wp-json\/wp\/v2\/pages\/25\/revisions"}],"predecessor-version":[{"id":1091,"href":"https:\/\/heleianestalzibo.eu\/en\/wp-json\/wp\/v2\/pages\/25\/revisions\/1091"}],"wp:attachment":[{"href":"https:\/\/heleianestalzibo.eu\/en\/wp-json\/wp\/v2\/media?parent=25"}],"curies":[{"name":"wp","href":"https:\/\/api.w.org\/{rel}","templated":true}]}}