{"id":50,"date":"2019-07-30T23:46:44","date_gmt":"2019-07-30T21:46:44","guid":{"rendered":"https:\/\/heleianestalzibo.eu\/?page_id=50"},"modified":"2025-09-17T18:27:45","modified_gmt":"2025-09-17T16:27:45","slug":"nahakasvajate-kirurgiline-ravi","status":"publish","type":"page","link":"https:\/\/heleianestalzibo.eu\/en\/nahakasvajate-kirurgiline-ravi\/","title":{"rendered":"Nahakasvajate kirurgiline ravi"},"content":{"rendered":"<h2 class=\"wp-block-heading\">What is surgical treatment of skin tumours?<\/h2>\n\n\n\n<p>Nahakasvaja kirurgiline ravi on n\u00e4idustatud nii healoomuliste kui ka pahaloomuliste naha kollete eemaldamiseks. See on k\u00f5ige t\u00f5husam ja standardne ravimeetod pahaloomuliste nahakasvajate korral, tagades kasvaja t\u00e4ieliku eemaldamise ja v\u00e4hendades kordumise riski.<\/p>\n\n\n\n<h3 class=\"wp-block-heading\">How the procedure is performed<\/h3>\n\n\n\n<ul class=\"wp-block-list\">\n<li><p dir=\"ltr\" style=\"line-height: 1.38; margin-top: 12pt; margin-bottom: 0pt;\" role=\"presentation\">Kasvaja eemaldatakse koos seda \u00fcmbritseva terve naha alaga, mida nimetatakse turvapiiriks.<\/p><\/li>\n\n\n\n<li><p dir=\"ltr\" style=\"line-height: 1.38; margin-top: 12pt; margin-bottom: 0pt;\" role=\"presentation\">The width of this margin depends on the type, size, and depth of the tumour.<\/p><\/li>\n\n\n\n<li><p dir=\"ltr\" style=\"line-height: 1.38; margin-top: 12pt; margin-bottom: 0pt;\" role=\"presentation\">Enamik v\u00e4ikseid nahakasvajaid on v\u00f5imalik eemaldada kohaliku tuimestusega. Protseduur kestab keskmiselt 30 minutit.<\/p><\/li>\n\n\n\n<li><p dir=\"ltr\" style=\"line-height: 1.38; margin-top: 12pt; margin-bottom: 0pt;\" role=\"presentation\">L\u00f5iked tehakse loomulike nahajoonte v\u00f5i -voltide suunas, et tagada v\u00f5imalikult hea esteetiline tulemus.<\/p><\/li>\n\n\n\n<li><p dir=\"ltr\" style=\"line-height: 1.38; margin-top: 12pt; margin-bottom: 0pt;\" role=\"presentation\">Eemaldatud kude saadetakse alati histoloogilisele uuringule, mis kinnitab kasvaja t\u00fc\u00fcbi ja kontrollib, et eemaldatud koe servad on kasvajavabad.<\/p><\/li>\n<\/ul>\n\n\n\n<p><\/p>\n\n\n\n<h3 class=\"wp-block-heading\">Recovery and results<\/h3>\n\n\n\n<ul class=\"wp-block-list\">\n<li><p dir=\"ltr\" style=\"line-height: 1.38; margin-top: 12pt; margin-bottom: 0pt;\" role=\"presentation\">Healing is usually quick, and the resulting scar is as fine and discreet as possible.<\/p><\/li>\n\n\n\n<li><p dir=\"ltr\" style=\"line-height: 1.38; margin-top: 12pt; margin-bottom: 0pt;\" role=\"presentation\">Further treatment or follow-up may be required depending on the histology report.<\/p><\/li>\n<\/ul>\n\n\n\n<p>Timely and thorough surgical treatment provides the best prognosis and minimises the risk of recurrence.<\/p>\n\n\n\n<div class=\"wp-block-buttons is-content-justification-center is-layout-flex wp-container-core-buttons-is-layout-a89b3969 wp-block-buttons-is-layout-flex\">\n<div class=\"wp-block-button\"><a class=\"wp-block-button__link wp-element-button\" href=\"https:\/\/www.confido.ee\/en\/information-and-contact\/our-people\/dr-heleia-nestal-zibo\/\">Book a consultation<\/a><\/div>\n<\/div>\n\n\n\n<p><\/p>","protected":false},"excerpt":{"rendered":"<p>Mis on nahakasvajate kirurgiline ravi? Nahakasvaja kirurgiline ravi on n\u00e4idustatud nii healoomuliste kui ka pahaloomuliste naha kollete eemaldamiseks. See on k\u00f5ige t\u00f5husam ja standardne ravimeetod pahaloomuliste nahakasvajate korral, tagades kasvaja t\u00e4ieliku eemaldamise ja v\u00e4hendades kordumise riski. Kuidas protseduur toimub? Taastumine ja tulemused \u00d5igeaegne ja p\u00f5hjalik kirurgiline ravi tagab parima prognoosi ja v\u00e4hendab kordumise riski.<\/p>","protected":false},"author":2,"featured_media":0,"parent":0,"menu_order":0,"comment_status":"closed","ping_status":"closed","template":"","meta":{"footnotes":""},"class_list":["post-50","page","type-page","status-publish","hentry"],"yoast_head":"<!-- This site is optimized with the Yoast SEO plugin v25.9 - https:\/\/yoast.com\/wordpress\/plugins\/seo\/ -->\n<title>Nahakasvajate kirurgiline ravi - Heleia Nestal Zibo<\/title>\n<meta name=\"description\" content=\"Nahakasvaja kirurgiline ravi on n\u00e4idustatud nii healoomuliste, kui ka pahaloomuliste naha kollete eemaldamiseks.\" \/>\n<meta name=\"robots\" content=\"index, follow, max-snippet:-1, max-image-preview:large, max-video-preview:-1\" \/>\n<link rel=\"canonical\" href=\"https:\/\/heleianestalzibo.eu\/en\/nahakasvajate-kirurgiline-ravi\/\" \/>\n<meta property=\"og:locale\" content=\"en_GB\" \/>\n<meta property=\"og:type\" content=\"article\" \/>\n<meta property=\"og:title\" content=\"Nahakasvajate kirurgiline ravi - Heleia Nestal Zibo\" \/>\n<meta property=\"og:description\" content=\"Nahakasvaja kirurgiline ravi on n\u00e4idustatud nii healoomuliste, kui ka pahaloomuliste naha kollete eemaldamiseks.\" \/>\n<meta property=\"og:url\" content=\"https:\/\/heleianestalzibo.eu\/en\/nahakasvajate-kirurgiline-ravi\/\" \/>\n<meta property=\"og:site_name\" content=\"Heleia Nestal Zibo\" \/>\n<meta property=\"article:modified_time\" content=\"2025-09-17T16:27:45+00:00\" \/>\n<meta name=\"twitter:card\" content=\"summary_large_image\" \/>\n<meta name=\"twitter:label1\" content=\"Estimated reading time\" \/>\n\t<meta name=\"twitter:data1\" content=\"1 minute\" \/>\n<script type=\"application\/ld+json\" class=\"yoast-schema-graph\">{\"@context\":\"https:\/\/schema.org\",\"@graph\":[{\"@type\":\"WebPage\",\"@id\":\"https:\/\/heleianestalzibo.eu\/et\/nahakasvajate-kirurgiline-ravi\/\",\"url\":\"https:\/\/heleianestalzibo.eu\/et\/nahakasvajate-kirurgiline-ravi\/\",\"name\":\"Nahakasvajate kirurgiline ravi - Heleia Nestal Zibo\",\"isPartOf\":{\"@id\":\"https:\/\/heleianestalzibo.eu\/#website\"},\"datePublished\":\"2019-07-30T21:46:44+00:00\",\"dateModified\":\"2025-09-17T16:27:45+00:00\",\"description\":\"Nahakasvaja kirurgiline ravi on n\u00e4idustatud nii healoomuliste, kui ka pahaloomuliste naha kollete eemaldamiseks.\",\"breadcrumb\":{\"@id\":\"https:\/\/heleianestalzibo.eu\/et\/nahakasvajate-kirurgiline-ravi\/#breadcrumb\"},\"inLanguage\":\"en-GB\",\"potentialAction\":[{\"@type\":\"ReadAction\",\"target\":[\"https:\/\/heleianestalzibo.eu\/et\/nahakasvajate-kirurgiline-ravi\/\"]}]},{\"@type\":\"BreadcrumbList\",\"@id\":\"https:\/\/heleianestalzibo.eu\/et\/nahakasvajate-kirurgiline-ravi\/#breadcrumb\",\"itemListElement\":[{\"@type\":\"ListItem\",\"position\":1,\"name\":\"Home\",\"item\":\"https:\/\/heleianestalzibo.eu\/\"},{\"@type\":\"ListItem\",\"position\":2,\"name\":\"Nahakasvajate kirurgiline ravi\"}]},{\"@type\":\"WebSite\",\"@id\":\"https:\/\/heleianestalzibo.eu\/#website\",\"url\":\"https:\/\/heleianestalzibo.eu\/\",\"name\":\"Heleia Nestal Zibo\",\"description\":\"Kolju- ja n&auml;okirurg\",\"publisher\":{\"@id\":\"https:\/\/heleianestalzibo.eu\/#\/schema\/person\/0d02ef88bc0fa1398e9263e383a51584\"},\"potentialAction\":[{\"@type\":\"SearchAction\",\"target\":{\"@type\":\"EntryPoint\",\"urlTemplate\":\"https:\/\/heleianestalzibo.eu\/?s={search_term_string}\"},\"query-input\":{\"@type\":\"PropertyValueSpecification\",\"valueRequired\":true,\"valueName\":\"search_term_string\"}}],\"inLanguage\":\"en-GB\"},{\"@type\":[\"Person\",\"Organization\"],\"@id\":\"https:\/\/heleianestalzibo.eu\/#\/schema\/person\/0d02ef88bc0fa1398e9263e383a51584\",\"name\":\"hnz\",\"logo\":{\"@id\":\"https:\/\/heleianestalzibo.eu\/#\/schema\/person\/image\/\"}}]}<\/script>\n<!-- \/ Yoast SEO plugin. -->","yoast_head_json":{"title":"Nahakasvajate kirurgiline ravi - Heleia Nestal Zibo","description":"Nahakasvaja kirurgiline ravi on n\u00e4idustatud nii healoomuliste, kui ka pahaloomuliste naha kollete eemaldamiseks.","robots":{"index":"index","follow":"follow","max-snippet":"max-snippet:-1","max-image-preview":"max-image-preview:large","max-video-preview":"max-video-preview:-1"},"canonical":"https:\/\/heleianestalzibo.eu\/en\/nahakasvajate-kirurgiline-ravi\/","og_locale":"en_GB","og_type":"article","og_title":"Nahakasvajate kirurgiline ravi - Heleia Nestal Zibo","og_description":"Nahakasvaja kirurgiline ravi on n\u00e4idustatud nii healoomuliste, kui ka pahaloomuliste naha kollete eemaldamiseks.","og_url":"https:\/\/heleianestalzibo.eu\/en\/nahakasvajate-kirurgiline-ravi\/","og_site_name":"Heleia Nestal Zibo","article_modified_time":"2025-09-17T16:27:45+00:00","twitter_card":"summary_large_image","twitter_misc":{"Estimated reading time":"1 minute"},"schema":{"@context":"https:\/\/schema.org","@graph":[{"@type":"WebPage","@id":"https:\/\/heleianestalzibo.eu\/et\/nahakasvajate-kirurgiline-ravi\/","url":"https:\/\/heleianestalzibo.eu\/et\/nahakasvajate-kirurgiline-ravi\/","name":"Nahakasvajate kirurgiline ravi - Heleia Nestal Zibo","isPartOf":{"@id":"https:\/\/heleianestalzibo.eu\/#website"},"datePublished":"2019-07-30T21:46:44+00:00","dateModified":"2025-09-17T16:27:45+00:00","description":"Nahakasvaja kirurgiline ravi on n\u00e4idustatud nii healoomuliste, kui ka pahaloomuliste naha kollete eemaldamiseks.","breadcrumb":{"@id":"https:\/\/heleianestalzibo.eu\/et\/nahakasvajate-kirurgiline-ravi\/#breadcrumb"},"inLanguage":"en-GB","potentialAction":[{"@type":"ReadAction","target":["https:\/\/heleianestalzibo.eu\/et\/nahakasvajate-kirurgiline-ravi\/"]}]},{"@type":"BreadcrumbList","@id":"https:\/\/heleianestalzibo.eu\/et\/nahakasvajate-kirurgiline-ravi\/#breadcrumb","itemListElement":[{"@type":"ListItem","position":1,"name":"Home","item":"https:\/\/heleianestalzibo.eu\/"},{"@type":"ListItem","position":2,"name":"Nahakasvajate kirurgiline ravi"}]},{"@type":"WebSite","@id":"https:\/\/heleianestalzibo.eu\/#website","url":"https:\/\/heleianestalzibo.eu\/","name":"Heleia Nestal Zibo","description":"Craniofacial Surgeon","publisher":{"@id":"https:\/\/heleianestalzibo.eu\/#\/schema\/person\/0d02ef88bc0fa1398e9263e383a51584"},"potentialAction":[{"@type":"SearchAction","target":{"@type":"EntryPoint","urlTemplate":"https:\/\/heleianestalzibo.eu\/?s={search_term_string}"},"query-input":{"@type":"PropertyValueSpecification","valueRequired":true,"valueName":"search_term_string"}}],"inLanguage":"en-GB"},{"@type":["Person","Organization"],"@id":"https:\/\/heleianestalzibo.eu\/#\/schema\/person\/0d02ef88bc0fa1398e9263e383a51584","name":"hnz","logo":{"@id":"https:\/\/heleianestalzibo.eu\/#\/schema\/person\/image\/"}}]}},"rttpg_featured_image_url":null,"rttpg_author":{"display_name":"J K","author_link":"https:\/\/heleianestalzibo.eu\/en\/author\/jcrist\/"},"rttpg_comment":0,"rttpg_category":null,"rttpg_excerpt":"Mis on nahakasvajate kirurgiline ravi? Nahakasvaja kirurgiline ravi on n\u00e4idustatud nii healoomuliste kui ka pahaloomuliste naha kollete eemaldamiseks. See on k\u00f5ige t\u00f5husam ja standardne ravimeetod pahaloomuliste nahakasvajate korral, tagades kasvaja t\u00e4ieliku eemaldamise ja v\u00e4hendades kordumise riski. Kuidas protseduur toimub? Taastumine ja tulemused \u00d5igeaegne ja p\u00f5hjalik kirurgiline ravi tagab parima prognoosi ja v\u00e4hendab kordumise riski.","_links":{"self":[{"href":"https:\/\/heleianestalzibo.eu\/en\/wp-json\/wp\/v2\/pages\/50","targetHints":{"allow":["GET"]}}],"collection":[{"href":"https:\/\/heleianestalzibo.eu\/en\/wp-json\/wp\/v2\/pages"}],"about":[{"href":"https:\/\/heleianestalzibo.eu\/en\/wp-json\/wp\/v2\/types\/page"}],"author":[{"embeddable":true,"href":"https:\/\/heleianestalzibo.eu\/en\/wp-json\/wp\/v2\/users\/2"}],"replies":[{"embeddable":true,"href":"https:\/\/heleianestalzibo.eu\/en\/wp-json\/wp\/v2\/comments?post=50"}],"version-history":[{"count":7,"href":"https:\/\/heleianestalzibo.eu\/en\/wp-json\/wp\/v2\/pages\/50\/revisions"}],"predecessor-version":[{"id":1057,"href":"https:\/\/heleianestalzibo.eu\/en\/wp-json\/wp\/v2\/pages\/50\/revisions\/1057"}],"wp:attachment":[{"href":"https:\/\/heleianestalzibo.eu\/en\/wp-json\/wp\/v2\/media?parent=50"}],"curies":[{"name":"wp","href":"https:\/\/api.w.org\/{rel}","templated":true}]}}