{"id":632,"date":"2024-11-05T15:16:04","date_gmt":"2024-11-05T13:16:04","guid":{"rendered":"https:\/\/heleianestalzibo.eu\/?page_id=632"},"modified":"2025-09-17T17:40:18","modified_gmt":"2025-09-17T15:40:18","slug":"elementor-632","status":"publish","type":"page","link":"https:\/\/heleianestalzibo.eu\/en\/elementor-632\/","title":{"rendered":"Blog"},"content":{"rendered":"<figure class=\"wp-block-image\"><img decoding=\"async\" src=\"https:\/\/heleianestalzibo.eu\/wp-content\/uploads\/2025\/02\/IMG_5950-768x432.jpg\" alt=\"3 sagedasemat p\u00f5hjust, miks tehakse laugude plastikat\"\/><\/figure>\n\n\n\n<p><a href=\"https:\/\/heleianestalzibo.eu\/en\/3-sagedasemat-pohjust-miks-tehakse-laugude-plastikat\/\" target=\"_self\" data-id=\"752\"> <br><\/a><\/p>\n\n\n\n<h3 class=\"wp-block-heading\"><a href=\"https:\/\/heleianestalzibo.eu\/en\/3-sagedasemat-pohjust-miks-tehakse-laugude-plastikat\/\" target=\"_self\" data-id=\"752\">3 sagedasemat p\u00f5hjust, miks tehakse laugude plastikat<\/a><\/h3>\n\n\n\n<p>Silmalaugude plastika, ehk blefaroplastika, on \u00fcks populaarsemaid esteetilisi ja funktsionaalseid kirurgilisi protseduure, mida minu juurde tullakse tegema. Vaatame l\u00e4hemalt, millised on levinuimad&#8230;<br><a href=\"https:\/\/heleianestalzibo.eu\/en\/kraniosunostoos\/\" target=\"_self\" data-id=\"637\"> <img loading=\"lazy\" decoding=\"async\" src=\"https:\/\/heleianestalzibo.eu\/wp-content\/uploads\/2024\/10\/cropped-IMG_89241-768x461.jpg\" alt=\"Kranios\u00fcnostoos: teadlikkuse t\u00f5us ja edusammud Eestis\" width=\"525\" height=\"315\"><br><\/a><\/p>\n\n\n\n<h3 class=\"wp-block-heading\"><a href=\"https:\/\/heleianestalzibo.eu\/en\/kraniosunostoos\/\" target=\"_self\" data-id=\"637\">Kranios\u00fcnostoos: teadlikkuse t\u00f5us ja edusammud Eestis<\/a><\/h3>\n\n\n\n<p>Mis on kranios\u00fcnostoos? Kranios\u00fcnostoos on seisund, kus koljuluude varajane liitumine p\u00f5hjustab kolju deformatsiooni, mis v\u00f5ib m\u00f5jutada aju arengut ning n\u00e4o ja kolju kuju. Eestis on teadlikkus sellest&#8230;<\/p>","protected":false},"excerpt":{"rendered":"<p>3 sagedasemat p\u00f5hjust, miks tehakse laugude plastikat Silmalaugude plastika, ehk blefaroplastika, on \u00fcks populaarsemaid esteetilisi ja funktsionaalseid kirurgilisi protseduure, mida minu juurde tullakse tegema. Vaatame l\u00e4hemalt, millised on levinuimad&#8230; Kranios\u00fcnostoos: teadlikkuse t\u00f5us ja edusammud Eestis Mis on kranios\u00fcnostoos? Kranios\u00fcnostoos on seisund, kus koljuluude varajane liitumine p\u00f5hjustab kolju deformatsiooni, mis v\u00f5ib m\u00f5jutada aju arengut ning n\u00e4o [&hellip;]<\/p>","protected":false},"author":1,"featured_media":0,"parent":0,"menu_order":0,"comment_status":"closed","ping_status":"closed","template":"","meta":{"footnotes":""},"class_list":["post-632","page","type-page","status-publish","hentry"],"yoast_head":"<!-- This site is optimized with the Yoast SEO plugin v25.9 - https:\/\/yoast.com\/wordpress\/plugins\/seo\/ -->\n<title>Blogi - Heleia Nestal Zibo<\/title>\n<meta name=\"description\" content=\"Heleia Nestal Zibo\" \/>\n<meta name=\"robots\" content=\"index, follow, max-snippet:-1, max-image-preview:large, max-video-preview:-1\" \/>\n<link rel=\"canonical\" href=\"https:\/\/heleianestalzibo.eu\/en\/elementor-632\/\" \/>\n<meta property=\"og:locale\" content=\"en_GB\" \/>\n<meta property=\"og:type\" content=\"article\" \/>\n<meta property=\"og:title\" content=\"Blogi - Heleia Nestal Zibo\" \/>\n<meta property=\"og:description\" content=\"Heleia Nestal Zibo\" \/>\n<meta property=\"og:url\" content=\"https:\/\/heleianestalzibo.eu\/en\/elementor-632\/\" \/>\n<meta property=\"og:site_name\" content=\"Heleia Nestal Zibo\" \/>\n<meta property=\"article:modified_time\" content=\"2025-09-17T15:40:18+00:00\" \/>\n<meta property=\"og:image\" content=\"https:\/\/heleianestalzibo.eu\/wp-content\/uploads\/2025\/02\/IMG_5950-768x432.jpg\" \/>\n<meta name=\"twitter:card\" content=\"summary_large_image\" \/>\n<meta name=\"twitter:label1\" content=\"Estimated reading time\" \/>\n\t<meta name=\"twitter:data1\" content=\"1 minute\" \/>\n<script type=\"application\/ld+json\" class=\"yoast-schema-graph\">{\"@context\":\"https:\/\/schema.org\",\"@graph\":[{\"@type\":\"WebPage\",\"@id\":\"https:\/\/heleianestalzibo.eu\/et\/elementor-632\/\",\"url\":\"https:\/\/heleianestalzibo.eu\/et\/elementor-632\/\",\"name\":\"Blogi - Heleia Nestal Zibo\",\"isPartOf\":{\"@id\":\"https:\/\/heleianestalzibo.eu\/#website\"},\"primaryImageOfPage\":{\"@id\":\"https:\/\/heleianestalzibo.eu\/et\/elementor-632\/#primaryimage\"},\"image\":{\"@id\":\"https:\/\/heleianestalzibo.eu\/et\/elementor-632\/#primaryimage\"},\"thumbnailUrl\":\"https:\/\/heleianestalzibo.eu\/wp-content\/uploads\/2025\/02\/IMG_5950-768x432.jpg\",\"datePublished\":\"2024-11-05T13:16:04+00:00\",\"dateModified\":\"2025-09-17T15:40:18+00:00\",\"description\":\"Heleia Nestal Zibo\",\"breadcrumb\":{\"@id\":\"https:\/\/heleianestalzibo.eu\/et\/elementor-632\/#breadcrumb\"},\"inLanguage\":\"en-GB\",\"potentialAction\":[{\"@type\":\"ReadAction\",\"target\":[\"https:\/\/heleianestalzibo.eu\/et\/elementor-632\/\"]}]},{\"@type\":\"ImageObject\",\"inLanguage\":\"en-GB\",\"@id\":\"https:\/\/heleianestalzibo.eu\/et\/elementor-632\/#primaryimage\",\"url\":\"https:\/\/heleianestalzibo.eu\/wp-content\/uploads\/2025\/02\/IMG_5950-768x432.jpg\",\"contentUrl\":\"https:\/\/heleianestalzibo.eu\/wp-content\/uploads\/2025\/02\/IMG_5950-768x432.jpg\"},{\"@type\":\"BreadcrumbList\",\"@id\":\"https:\/\/heleianestalzibo.eu\/et\/elementor-632\/#breadcrumb\",\"itemListElement\":[{\"@type\":\"ListItem\",\"position\":1,\"name\":\"Home\",\"item\":\"https:\/\/heleianestalzibo.eu\/\"},{\"@type\":\"ListItem\",\"position\":2,\"name\":\"Blogi\"}]},{\"@type\":\"WebSite\",\"@id\":\"https:\/\/heleianestalzibo.eu\/#website\",\"url\":\"https:\/\/heleianestalzibo.eu\/\",\"name\":\"Heleia Nestal Zibo\",\"description\":\"Kolju- ja n&auml;okirurg\",\"publisher\":{\"@id\":\"https:\/\/heleianestalzibo.eu\/#\/schema\/person\/0d02ef88bc0fa1398e9263e383a51584\"},\"potentialAction\":[{\"@type\":\"SearchAction\",\"target\":{\"@type\":\"EntryPoint\",\"urlTemplate\":\"https:\/\/heleianestalzibo.eu\/?s={search_term_string}\"},\"query-input\":{\"@type\":\"PropertyValueSpecification\",\"valueRequired\":true,\"valueName\":\"search_term_string\"}}],\"inLanguage\":\"en-GB\"},{\"@type\":[\"Person\",\"Organization\"],\"@id\":\"https:\/\/heleianestalzibo.eu\/#\/schema\/person\/0d02ef88bc0fa1398e9263e383a51584\",\"name\":\"hnz\",\"logo\":{\"@id\":\"https:\/\/heleianestalzibo.eu\/#\/schema\/person\/image\/\"}}]}<\/script>\n<!-- \/ Yoast SEO plugin. -->","yoast_head_json":{"title":"Blogi - Heleia Nestal Zibo","description":"Heleia Nestal Zibo","robots":{"index":"index","follow":"follow","max-snippet":"max-snippet:-1","max-image-preview":"max-image-preview:large","max-video-preview":"max-video-preview:-1"},"canonical":"https:\/\/heleianestalzibo.eu\/en\/elementor-632\/","og_locale":"en_GB","og_type":"article","og_title":"Blogi - Heleia Nestal Zibo","og_description":"Heleia Nestal Zibo","og_url":"https:\/\/heleianestalzibo.eu\/en\/elementor-632\/","og_site_name":"Heleia Nestal Zibo","article_modified_time":"2025-09-17T15:40:18+00:00","og_image":[{"url":"https:\/\/heleianestalzibo.eu\/wp-content\/uploads\/2025\/02\/IMG_5950-768x432.jpg","type":"","width":"","height":""}],"twitter_card":"summary_large_image","twitter_misc":{"Estimated reading time":"1 minute"},"schema":{"@context":"https:\/\/schema.org","@graph":[{"@type":"WebPage","@id":"https:\/\/heleianestalzibo.eu\/et\/elementor-632\/","url":"https:\/\/heleianestalzibo.eu\/et\/elementor-632\/","name":"Blogi - Heleia Nestal Zibo","isPartOf":{"@id":"https:\/\/heleianestalzibo.eu\/#website"},"primaryImageOfPage":{"@id":"https:\/\/heleianestalzibo.eu\/et\/elementor-632\/#primaryimage"},"image":{"@id":"https:\/\/heleianestalzibo.eu\/et\/elementor-632\/#primaryimage"},"thumbnailUrl":"https:\/\/heleianestalzibo.eu\/wp-content\/uploads\/2025\/02\/IMG_5950-768x432.jpg","datePublished":"2024-11-05T13:16:04+00:00","dateModified":"2025-09-17T15:40:18+00:00","description":"Heleia Nestal Zibo","breadcrumb":{"@id":"https:\/\/heleianestalzibo.eu\/et\/elementor-632\/#breadcrumb"},"inLanguage":"en-GB","potentialAction":[{"@type":"ReadAction","target":["https:\/\/heleianestalzibo.eu\/et\/elementor-632\/"]}]},{"@type":"ImageObject","inLanguage":"en-GB","@id":"https:\/\/heleianestalzibo.eu\/et\/elementor-632\/#primaryimage","url":"https:\/\/heleianestalzibo.eu\/wp-content\/uploads\/2025\/02\/IMG_5950-768x432.jpg","contentUrl":"https:\/\/heleianestalzibo.eu\/wp-content\/uploads\/2025\/02\/IMG_5950-768x432.jpg"},{"@type":"BreadcrumbList","@id":"https:\/\/heleianestalzibo.eu\/et\/elementor-632\/#breadcrumb","itemListElement":[{"@type":"ListItem","position":1,"name":"Home","item":"https:\/\/heleianestalzibo.eu\/"},{"@type":"ListItem","position":2,"name":"Blogi"}]},{"@type":"WebSite","@id":"https:\/\/heleianestalzibo.eu\/#website","url":"https:\/\/heleianestalzibo.eu\/","name":"Heleia Nestal Zibo","description":"Craniofacial Surgeon","publisher":{"@id":"https:\/\/heleianestalzibo.eu\/#\/schema\/person\/0d02ef88bc0fa1398e9263e383a51584"},"potentialAction":[{"@type":"SearchAction","target":{"@type":"EntryPoint","urlTemplate":"https:\/\/heleianestalzibo.eu\/?s={search_term_string}"},"query-input":{"@type":"PropertyValueSpecification","valueRequired":true,"valueName":"search_term_string"}}],"inLanguage":"en-GB"},{"@type":["Person","Organization"],"@id":"https:\/\/heleianestalzibo.eu\/#\/schema\/person\/0d02ef88bc0fa1398e9263e383a51584","name":"hnz","logo":{"@id":"https:\/\/heleianestalzibo.eu\/#\/schema\/person\/image\/"}}]}},"rttpg_featured_image_url":null,"rttpg_author":{"display_name":"hnz","author_link":"https:\/\/heleianestalzibo.eu\/en\/author\/hnz\/"},"rttpg_comment":0,"rttpg_category":null,"rttpg_excerpt":"3 sagedasemat p\u00f5hjust, miks tehakse laugude plastikat Silmalaugude plastika, ehk blefaroplastika, on \u00fcks populaarsemaid esteetilisi ja funktsionaalseid kirurgilisi protseduure, mida minu juurde tullakse tegema. Vaatame l\u00e4hemalt, millised on levinuimad&#8230; Kranios\u00fcnostoos: teadlikkuse t\u00f5us ja edusammud Eestis Mis on kranios\u00fcnostoos? Kranios\u00fcnostoos on seisund, kus koljuluude varajane liitumine p\u00f5hjustab kolju deformatsiooni, mis v\u00f5ib m\u00f5jutada aju arengut ning n\u00e4o&hellip;","_links":{"self":[{"href":"https:\/\/heleianestalzibo.eu\/en\/wp-json\/wp\/v2\/pages\/632","targetHints":{"allow":["GET"]}}],"collection":[{"href":"https:\/\/heleianestalzibo.eu\/en\/wp-json\/wp\/v2\/pages"}],"about":[{"href":"https:\/\/heleianestalzibo.eu\/en\/wp-json\/wp\/v2\/types\/page"}],"author":[{"embeddable":true,"href":"https:\/\/heleianestalzibo.eu\/en\/wp-json\/wp\/v2\/users\/1"}],"replies":[{"embeddable":true,"href":"https:\/\/heleianestalzibo.eu\/en\/wp-json\/wp\/v2\/comments?post=632"}],"version-history":[{"count":27,"href":"https:\/\/heleianestalzibo.eu\/en\/wp-json\/wp\/v2\/pages\/632\/revisions"}],"predecessor-version":[{"id":1018,"href":"https:\/\/heleianestalzibo.eu\/en\/wp-json\/wp\/v2\/pages\/632\/revisions\/1018"}],"wp:attachment":[{"href":"https:\/\/heleianestalzibo.eu\/en\/wp-json\/wp\/v2\/media?parent=632"}],"curies":[{"name":"wp","href":"https:\/\/api.w.org\/{rel}","templated":true}]}}