{"id":88,"date":"2019-10-06T13:07:23","date_gmt":"2019-10-06T11:07:23","guid":{"rendered":"https:\/\/heleianestalzibo.eu\/?page_id=88"},"modified":"2025-10-18T13:13:22","modified_gmt":"2025-10-18T11:13:22","slug":"nao-ja-loualuu-kirurgia","status":"publish","type":"page","link":"https:\/\/heleianestalzibo.eu\/en\/nao-ja-loualuu-kirurgia\/","title":{"rendered":"Oral and Maxillofacial Surgery"},"content":{"rendered":"<h2 class=\"wp-block-heading\">What is Oral and Maxillofacial Surgery?<\/h2>\n\n\n\n<p>Oral and maxillofacial surgery is a medical specialty that focuses on treating congenital and acquired diseases and deformities of the skull, face, jaws, and neck.<\/p>\n\n\n\n<p>Acquired conditions may result from:<\/p>\n\n\n\n<ul class=\"wp-block-list\">\n<li><p dir=\"ltr\" style=\"line-height: 1.38; margin-top: 12pt; margin-bottom: 0pt;\" role=\"presentation\">Trauma<\/p><\/li>\n\n\n\n<li><p dir=\"ltr\" style=\"line-height: 1.38; margin-top: 12pt; margin-bottom: 0pt;\" role=\"presentation\">Developmental anomalies<\/p><\/li>\n\n\n\n<li><p dir=\"ltr\" style=\"line-height: 1.38; margin-top: 12pt; margin-bottom: 0pt;\" role=\"presentation\">Tumors<\/p><\/li>\n\n\n\n<li><p dir=\"ltr\" style=\"line-height: 1.38; margin-top: 12pt; margin-bottom: 0pt;\" role=\"presentation\">Degenerative diseases<\/p><\/li>\n\n\n\n<li><p dir=\"ltr\" style=\"line-height: 1.38; margin-top: 12pt; margin-bottom: 0pt;\" role=\"presentation\">Age-related changes<\/p><\/li>\n<\/ul>\n\n\n\n<p><\/p>\n\n\n\n<h3 class=\"wp-block-heading\">Aesthetic Facial Surgery<\/h3>\n\n\n\n<p>Oral and maxillofacial surgery also includes cosmetic procedures designed to rejuvenate appearance and boost self-confidence, such as:<\/p>\n\n\n\n<ul class=\"wp-block-list\">\n<li><p dir=\"ltr\" style=\"line-height: 1.38; margin-top: 12pt; margin-bottom: 0pt;\" role=\"presentation\">Facelift<\/p><\/li>\n\n\n\n<li><p dir=\"ltr\" style=\"line-height: 1.38; margin-top: 12pt; margin-bottom: 0pt;\" role=\"presentation\">Eyelid surgery (blepharoplasty)<\/p><\/li>\n\n\n\n<li><p dir=\"ltr\" style=\"line-height: 1.38; margin-top: 12pt; margin-bottom: 0pt;\" role=\"presentation\">Brow and Forehead Lift<\/p><\/li>\n\n\n\n<li><p dir=\"ltr\" style=\"line-height: 1.38; margin-top: 12pt; margin-bottom: 0pt;\" role=\"presentation\">Chin surgery and implants<\/p><\/li>\n\n\n\n<li><p dir=\"ltr\" style=\"line-height: 1.38; margin-top: 12pt; margin-bottom: 0pt;\" role=\"presentation\">Facial scar correction<\/p><\/li>\n\n\n\n<li><p dir=\"ltr\" style=\"line-height: 1.38; margin-top: 12pt; margin-bottom: 0pt;\" role=\"presentation\">Rhinoplasty (nose surgery)<\/p><\/li>\n\n\n\n<li><p dir=\"ltr\" style=\"line-height: 1.38; margin-top: 12pt; margin-bottom: 0pt;\" role=\"presentation\">Otoplasty (ear surgery)<\/p><\/li>\n\n\n\n<li><p dir=\"ltr\" style=\"line-height: 1.38; margin-top: 12pt; margin-bottom: 0pt;\" role=\"presentation\">Fat grafting to the face<\/p><br><\/li>\n<\/ul>\n\n\n\n<p>Non-surgical treatments are also part of the field:<\/p>\n\n\n\n<ul class=\"wp-block-list\">\n<li><p dir=\"ltr\" style=\"line-height: 1.38; margin-top: 12pt; margin-bottom: 0pt;\" role=\"presentation\">Botulinum toxin injections<\/p><\/li>\n\n\n\n<li><p dir=\"ltr\" style=\"line-height: 1.38; margin-top: 12pt; margin-bottom: 0pt;\" role=\"presentation\">Dermal fillers (hyaluronic acid for lips and facial soft tissue)<\/p><br><\/li>\n<\/ul>\n\n\n\n<h3 class=\"wp-block-heading\">Reconstructive and Functional Surgery<\/h3>\n\n\n\n<p>This specialty also addresses more complex medical conditions, including:<\/p>\n\n\n\n<ul class=\"wp-block-list\">\n<li><p dir=\"ltr\" style=\"line-height: 1.38; margin-top: 12pt; margin-bottom: 0pt;\" role=\"presentation\">Orthognathic surgery \u2013 correction of jaw alignment and treatment of sleep apnoea<\/p><\/li>\n\n\n\n<li><p dir=\"ltr\" style=\"line-height: 1.38; margin-top: 12pt; margin-bottom: 0pt;\" role=\"presentation\">Jawbone grafting to prepare for dental implants<\/p><\/li>\n\n\n\n<li><p dir=\"ltr\" style=\"line-height: 1.38; margin-top: 12pt; margin-bottom: 0pt;\" role=\"presentation\">Treatment of skin tumors in the head and neck region<\/p><\/li>\n\n\n\n<li><p dir=\"ltr\" style=\"line-height: 1.38; margin-top: 12pt; margin-bottom: 0pt;\" role=\"presentation\">Surgical treatment of craniofacial deformities, including:<\/p>\n<ul class=\"wp-block-list\">\n<li><p dir=\"ltr\" style=\"line-height: 1.38; margin-top: 0pt; margin-bottom: 0pt;\" role=\"presentation\">Craniosynostosis<\/p><\/li>\n\n\n\n<li><p dir=\"ltr\" style=\"line-height: 1.38; margin-top: 0pt; margin-bottom: 0pt;\" role=\"presentation\">Cleft lip and palate<\/p><\/li>\n<\/ul>\n<\/li>\n<\/ul>\n\n\n\n<p><\/p>\n\n\n\n<h3 class=\"wp-block-heading\">Goal<\/h3>\n\n\n\n<p>The aim of oral and maxillofacial surgery is to restore both appearance and function in order to improve the patient\u2019s quality of life, wellbeing, and overall health.<\/p>\n\n\n\n<div class=\"wp-block-group is-content-justification-center is-nowrap is-layout-flex wp-container-core-group-is-layout-23441af8 wp-block-group-is-layout-flex\">\n<figure class=\"wp-block-image size-large is-resized has-custom-border\"><img loading=\"lazy\" decoding=\"async\" width=\"1024\" height=\"683\" src=\"https:\/\/heleianestalzibo.eu\/wp-content\/uploads\/2025\/10\/RENE-LUTTERUS-7696-1024x683.jpg\" alt=\"\" class=\"wp-image-1226\" style=\"border-radius:45px;width:533px;height:auto\" srcset=\"https:\/\/heleianestalzibo.eu\/wp-content\/uploads\/2025\/10\/RENE-LUTTERUS-7696-1024x683.jpg 1024w, https:\/\/heleianestalzibo.eu\/wp-content\/uploads\/2025\/10\/RENE-LUTTERUS-7696-300x200.jpg 300w, https:\/\/heleianestalzibo.eu\/wp-content\/uploads\/2025\/10\/RENE-LUTTERUS-7696-768x512.jpg 768w, https:\/\/heleianestalzibo.eu\/wp-content\/uploads\/2025\/10\/RENE-LUTTERUS-7696-1536x1025.jpg 1536w, https:\/\/heleianestalzibo.eu\/wp-content\/uploads\/2025\/10\/RENE-LUTTERUS-7696-18x12.jpg 18w, https:\/\/heleianestalzibo.eu\/wp-content\/uploads\/2025\/10\/RENE-LUTTERUS-7696.jpg 2048w\" sizes=\"auto, (max-width: 1024px) 100vw, 1024px\" \/><\/figure>\n<\/div>\n\n\n\n<div class=\"wp-block-buttons is-content-justification-center is-layout-flex wp-container-core-buttons-is-layout-a89b3969 wp-block-buttons-is-layout-flex\">\n<div class=\"wp-block-button\"><a class=\"wp-block-button__link wp-element-button\" href=\"https:\/\/www.confido.ee\/en\/information-and-contact\/our-people\/dr-heleia-nestal-zibo\/\">Book a consultation<\/a><\/div>\n<\/div>\n\n\n\n<p><\/p>","protected":false},"excerpt":{"rendered":"<p>Mis on n\u00e4o- ja l\u00f5ualuukirurgia? N\u00e4o- ja l\u00f5ualuukirurgia on meditsiini eriala, mis tegeleb kolju, n\u00e4o, l\u00f5ualuude ja kaela kaasas\u00fcndinud ning omandatud haiguste ja v\u00e4\u00e4rarengute raviga. Omandatud haigused ja seisundid v\u00f5ivad tuleneda: Esteetiline n\u00e4okirurgia N\u00e4o- ja l\u00f5ualuukirurgia h\u00f5lmab ka kosmeetilisi operatsioone, mille eesm\u00e4rk on noorendada v\u00e4limust ja parandada enesekindlust: Lisaks kuuluvad siia ka mittekirurgilised protseduurid: Rekonstruktiivne [&hellip;]<\/p>","protected":false},"author":2,"featured_media":0,"parent":0,"menu_order":0,"comment_status":"closed","ping_status":"closed","template":"","meta":{"footnotes":""},"class_list":["post-88","page","type-page","status-publish","hentry"],"yoast_head":"<!-- This site is optimized with the Yoast SEO plugin v25.9 - https:\/\/yoast.com\/wordpress\/plugins\/seo\/ -->\n<title>N\u00e4o- ja l\u00f5ualuu kirurgia - Heleia Nestal Zibo N\u00e4o- ja l\u00f5ualuukirurgia<\/title>\n<meta name=\"description\" content=\"N\u00e4o- ja l\u00f5ualuu kirurgia eriala tegeleb kolju, n\u00e4o, l\u00f5ualuu ja kaela kaasas\u00fcndinud ja omandatud haiguste raviga. Erinevad operatsioonid ja protseduurid.\" \/>\n<meta name=\"robots\" content=\"index, follow, max-snippet:-1, max-image-preview:large, max-video-preview:-1\" \/>\n<link rel=\"canonical\" href=\"https:\/\/heleianestalzibo.eu\/en\/nao-ja-loualuu-kirurgia\/\" \/>\n<meta property=\"og:locale\" content=\"en_GB\" \/>\n<meta property=\"og:type\" content=\"article\" \/>\n<meta property=\"og:title\" content=\"N\u00e4o- ja l\u00f5ualuu kirurgia - Heleia Nestal Zibo N\u00e4o- ja l\u00f5ualuukirurgia\" \/>\n<meta property=\"og:description\" content=\"N\u00e4o- ja l\u00f5ualuu kirurgia eriala tegeleb kolju, n\u00e4o, l\u00f5ualuu ja kaela kaasas\u00fcndinud ja omandatud haiguste raviga. Erinevad operatsioonid ja protseduurid.\" \/>\n<meta property=\"og:url\" content=\"https:\/\/heleianestalzibo.eu\/en\/nao-ja-loualuu-kirurgia\/\" \/>\n<meta property=\"og:site_name\" content=\"Heleia Nestal Zibo\" \/>\n<meta property=\"article:modified_time\" content=\"2025-10-18T11:13:22+00:00\" \/>\n<meta property=\"og:image\" content=\"https:\/\/heleianestalzibo.eu\/wp-content\/uploads\/2025\/10\/RENE-LUTTERUS-7696.jpg\" \/>\n\t<meta property=\"og:image:width\" content=\"2048\" \/>\n\t<meta property=\"og:image:height\" content=\"1366\" \/>\n\t<meta property=\"og:image:type\" content=\"image\/jpeg\" \/>\n<meta name=\"twitter:card\" content=\"summary_large_image\" \/>\n<meta name=\"twitter:label1\" content=\"Estimated reading time\" \/>\n\t<meta name=\"twitter:data1\" content=\"1 minute\" \/>\n<script type=\"application\/ld+json\" class=\"yoast-schema-graph\">{\"@context\":\"https:\/\/schema.org\",\"@graph\":[{\"@type\":\"WebPage\",\"@id\":\"https:\/\/heleianestalzibo.eu\/nao-ja-loualuu-kirurgia\/\",\"url\":\"https:\/\/heleianestalzibo.eu\/nao-ja-loualuu-kirurgia\/\",\"name\":\"N\u00e4o- ja l\u00f5ualuu kirurgia - Heleia Nestal Zibo N\u00e4o- ja l\u00f5ualuukirurgia\",\"isPartOf\":{\"@id\":\"https:\/\/heleianestalzibo.eu\/#website\"},\"primaryImageOfPage\":{\"@id\":\"https:\/\/heleianestalzibo.eu\/nao-ja-loualuu-kirurgia\/#primaryimage\"},\"image\":{\"@id\":\"https:\/\/heleianestalzibo.eu\/nao-ja-loualuu-kirurgia\/#primaryimage\"},\"thumbnailUrl\":\"https:\/\/heleianestalzibo.eu\/wp-content\/uploads\/2025\/10\/RENE-LUTTERUS-7696-1024x683.jpg\",\"datePublished\":\"2019-10-06T11:07:23+00:00\",\"dateModified\":\"2025-10-18T11:13:22+00:00\",\"description\":\"N\u00e4o- ja l\u00f5ualuu kirurgia eriala tegeleb kolju, n\u00e4o, l\u00f5ualuu ja kaela kaasas\u00fcndinud ja omandatud haiguste raviga. Erinevad operatsioonid ja protseduurid.\",\"breadcrumb\":{\"@id\":\"https:\/\/heleianestalzibo.eu\/nao-ja-loualuu-kirurgia\/#breadcrumb\"},\"inLanguage\":\"en-GB\",\"potentialAction\":[{\"@type\":\"ReadAction\",\"target\":[\"https:\/\/heleianestalzibo.eu\/nao-ja-loualuu-kirurgia\/\"]}]},{\"@type\":\"ImageObject\",\"inLanguage\":\"en-GB\",\"@id\":\"https:\/\/heleianestalzibo.eu\/nao-ja-loualuu-kirurgia\/#primaryimage\",\"url\":\"https:\/\/heleianestalzibo.eu\/wp-content\/uploads\/2025\/10\/RENE-LUTTERUS-7696-1024x683.jpg\",\"contentUrl\":\"https:\/\/heleianestalzibo.eu\/wp-content\/uploads\/2025\/10\/RENE-LUTTERUS-7696-1024x683.jpg\"},{\"@type\":\"BreadcrumbList\",\"@id\":\"https:\/\/heleianestalzibo.eu\/nao-ja-loualuu-kirurgia\/#breadcrumb\",\"itemListElement\":[{\"@type\":\"ListItem\",\"position\":1,\"name\":\"Home\",\"item\":\"https:\/\/heleianestalzibo.eu\/\"},{\"@type\":\"ListItem\",\"position\":2,\"name\":\"N\u00e4o- ja l\u00f5ualuukirurgia\"}]},{\"@type\":\"WebSite\",\"@id\":\"https:\/\/heleianestalzibo.eu\/#website\",\"url\":\"https:\/\/heleianestalzibo.eu\/\",\"name\":\"Heleia Nestal Zibo\",\"description\":\"Kolju- ja n&auml;okirurg\",\"publisher\":{\"@id\":\"https:\/\/heleianestalzibo.eu\/#\/schema\/person\/0d02ef88bc0fa1398e9263e383a51584\"},\"potentialAction\":[{\"@type\":\"SearchAction\",\"target\":{\"@type\":\"EntryPoint\",\"urlTemplate\":\"https:\/\/heleianestalzibo.eu\/?s={search_term_string}\"},\"query-input\":{\"@type\":\"PropertyValueSpecification\",\"valueRequired\":true,\"valueName\":\"search_term_string\"}}],\"inLanguage\":\"en-GB\"},{\"@type\":[\"Person\",\"Organization\"],\"@id\":\"https:\/\/heleianestalzibo.eu\/#\/schema\/person\/0d02ef88bc0fa1398e9263e383a51584\",\"name\":\"hnz\",\"logo\":{\"@id\":\"https:\/\/heleianestalzibo.eu\/#\/schema\/person\/image\/\"}}]}<\/script>\n<!-- \/ Yoast SEO plugin. -->","yoast_head_json":{"title":"N\u00e4o- ja l\u00f5ualuu kirurgia - Heleia Nestal Zibo N\u00e4o- ja l\u00f5ualuukirurgia","description":"N\u00e4o- ja l\u00f5ualuu kirurgia eriala tegeleb kolju, n\u00e4o, l\u00f5ualuu ja kaela kaasas\u00fcndinud ja omandatud haiguste raviga. Erinevad operatsioonid ja protseduurid.","robots":{"index":"index","follow":"follow","max-snippet":"max-snippet:-1","max-image-preview":"max-image-preview:large","max-video-preview":"max-video-preview:-1"},"canonical":"https:\/\/heleianestalzibo.eu\/en\/nao-ja-loualuu-kirurgia\/","og_locale":"en_GB","og_type":"article","og_title":"N\u00e4o- ja l\u00f5ualuu kirurgia - Heleia Nestal Zibo N\u00e4o- ja l\u00f5ualuukirurgia","og_description":"N\u00e4o- ja l\u00f5ualuu kirurgia eriala tegeleb kolju, n\u00e4o, l\u00f5ualuu ja kaela kaasas\u00fcndinud ja omandatud haiguste raviga. Erinevad operatsioonid ja protseduurid.","og_url":"https:\/\/heleianestalzibo.eu\/en\/nao-ja-loualuu-kirurgia\/","og_site_name":"Heleia Nestal Zibo","article_modified_time":"2025-10-18T11:13:22+00:00","og_image":[{"width":2048,"height":1366,"url":"https:\/\/heleianestalzibo.eu\/wp-content\/uploads\/2025\/10\/RENE-LUTTERUS-7696.jpg","type":"image\/jpeg"}],"twitter_card":"summary_large_image","twitter_misc":{"Estimated reading time":"1 minute"},"schema":{"@context":"https:\/\/schema.org","@graph":[{"@type":"WebPage","@id":"https:\/\/heleianestalzibo.eu\/nao-ja-loualuu-kirurgia\/","url":"https:\/\/heleianestalzibo.eu\/nao-ja-loualuu-kirurgia\/","name":"N\u00e4o- ja l\u00f5ualuu kirurgia - Heleia Nestal Zibo N\u00e4o- ja l\u00f5ualuukirurgia","isPartOf":{"@id":"https:\/\/heleianestalzibo.eu\/#website"},"primaryImageOfPage":{"@id":"https:\/\/heleianestalzibo.eu\/nao-ja-loualuu-kirurgia\/#primaryimage"},"image":{"@id":"https:\/\/heleianestalzibo.eu\/nao-ja-loualuu-kirurgia\/#primaryimage"},"thumbnailUrl":"https:\/\/heleianestalzibo.eu\/wp-content\/uploads\/2025\/10\/RENE-LUTTERUS-7696-1024x683.jpg","datePublished":"2019-10-06T11:07:23+00:00","dateModified":"2025-10-18T11:13:22+00:00","description":"N\u00e4o- ja l\u00f5ualuu kirurgia eriala tegeleb kolju, n\u00e4o, l\u00f5ualuu ja kaela kaasas\u00fcndinud ja omandatud haiguste raviga. Erinevad operatsioonid ja protseduurid.","breadcrumb":{"@id":"https:\/\/heleianestalzibo.eu\/nao-ja-loualuu-kirurgia\/#breadcrumb"},"inLanguage":"en-GB","potentialAction":[{"@type":"ReadAction","target":["https:\/\/heleianestalzibo.eu\/nao-ja-loualuu-kirurgia\/"]}]},{"@type":"ImageObject","inLanguage":"en-GB","@id":"https:\/\/heleianestalzibo.eu\/nao-ja-loualuu-kirurgia\/#primaryimage","url":"https:\/\/heleianestalzibo.eu\/wp-content\/uploads\/2025\/10\/RENE-LUTTERUS-7696-1024x683.jpg","contentUrl":"https:\/\/heleianestalzibo.eu\/wp-content\/uploads\/2025\/10\/RENE-LUTTERUS-7696-1024x683.jpg"},{"@type":"BreadcrumbList","@id":"https:\/\/heleianestalzibo.eu\/nao-ja-loualuu-kirurgia\/#breadcrumb","itemListElement":[{"@type":"ListItem","position":1,"name":"Home","item":"https:\/\/heleianestalzibo.eu\/"},{"@type":"ListItem","position":2,"name":"N\u00e4o- ja l\u00f5ualuukirurgia"}]},{"@type":"WebSite","@id":"https:\/\/heleianestalzibo.eu\/#website","url":"https:\/\/heleianestalzibo.eu\/","name":"Heleia Nestal Zibo","description":"Craniofacial Surgeon","publisher":{"@id":"https:\/\/heleianestalzibo.eu\/#\/schema\/person\/0d02ef88bc0fa1398e9263e383a51584"},"potentialAction":[{"@type":"SearchAction","target":{"@type":"EntryPoint","urlTemplate":"https:\/\/heleianestalzibo.eu\/?s={search_term_string}"},"query-input":{"@type":"PropertyValueSpecification","valueRequired":true,"valueName":"search_term_string"}}],"inLanguage":"en-GB"},{"@type":["Person","Organization"],"@id":"https:\/\/heleianestalzibo.eu\/#\/schema\/person\/0d02ef88bc0fa1398e9263e383a51584","name":"hnz","logo":{"@id":"https:\/\/heleianestalzibo.eu\/#\/schema\/person\/image\/"}}]}},"rttpg_featured_image_url":null,"rttpg_author":{"display_name":"J K","author_link":"https:\/\/heleianestalzibo.eu\/en\/author\/jcrist\/"},"rttpg_comment":0,"rttpg_category":null,"rttpg_excerpt":"Mis on n\u00e4o- ja l\u00f5ualuukirurgia? N\u00e4o- ja l\u00f5ualuukirurgia on meditsiini eriala, mis tegeleb kolju, n\u00e4o, l\u00f5ualuude ja kaela kaasas\u00fcndinud ning omandatud haiguste ja v\u00e4\u00e4rarengute raviga. Omandatud haigused ja seisundid v\u00f5ivad tuleneda: Esteetiline n\u00e4okirurgia N\u00e4o- ja l\u00f5ualuukirurgia h\u00f5lmab ka kosmeetilisi operatsioone, mille eesm\u00e4rk on noorendada v\u00e4limust ja parandada enesekindlust: Lisaks kuuluvad siia ka mittekirurgilised protseduurid: Rekonstruktiivne&hellip;","_links":{"self":[{"href":"https:\/\/heleianestalzibo.eu\/en\/wp-json\/wp\/v2\/pages\/88","targetHints":{"allow":["GET"]}}],"collection":[{"href":"https:\/\/heleianestalzibo.eu\/en\/wp-json\/wp\/v2\/pages"}],"about":[{"href":"https:\/\/heleianestalzibo.eu\/en\/wp-json\/wp\/v2\/types\/page"}],"author":[{"embeddable":true,"href":"https:\/\/heleianestalzibo.eu\/en\/wp-json\/wp\/v2\/users\/2"}],"replies":[{"embeddable":true,"href":"https:\/\/heleianestalzibo.eu\/en\/wp-json\/wp\/v2\/comments?post=88"}],"version-history":[{"count":10,"href":"https:\/\/heleianestalzibo.eu\/en\/wp-json\/wp\/v2\/pages\/88\/revisions"}],"predecessor-version":[{"id":1227,"href":"https:\/\/heleianestalzibo.eu\/en\/wp-json\/wp\/v2\/pages\/88\/revisions\/1227"}],"wp:attachment":[{"href":"https:\/\/heleianestalzibo.eu\/en\/wp-json\/wp\/v2\/media?parent=88"}],"curies":[{"name":"wp","href":"https:\/\/api.w.org\/{rel}","templated":true}]}}