{"id":93,"date":"2019-10-06T16:53:26","date_gmt":"2019-10-06T14:53:26","guid":{"rendered":"https:\/\/heleianestalzibo.eu\/?page_id=93"},"modified":"2025-10-18T13:12:04","modified_gmt":"2025-10-18T11:12:04","slug":"nao-ilukirurgia-ja-kaela-kortsude-korrektsioon","status":"publish","type":"page","link":"https:\/\/heleianestalzibo.eu\/en\/nao-ilukirurgia-ja-kaela-kortsude-korrektsioon\/","title":{"rendered":"Facial Plastic Surgery"},"content":{"rendered":"<h2 class=\"wp-block-heading\">What is facial plastic surgery?<\/h2>\n\n\n\n<p>Facial plastic surgery, also known as aesthetic facial surgery, is a branch of medicine that focuses on improving or altering the appearance of the face. Its main goal is usually aesthetic\u2014rejuvenating one\u2019s appearance, balancing facial proportions, or correcting unwanted features.\n Aesthetic facial surgery is generally performed on healthy individuals who wish to change or enhance their looks.<\/p>\n\n\n\n<p>The right procedure can help boost self-confidence and create a natural, harmonious appearance.<\/p>\n\n\n\n<h3 class=\"wp-block-heading\">Personalised approach<\/h3>\n\n\n\n<p>Every person is unique. That\u2019s why aesthetic facial surgery always begins with a thorough consultation to determine:<\/p>\n\n\n\n<ul class=\"wp-block-list\">\n<li>the patient\u2019s concerns and expectations,<\/li>\n\n\n\n<li>the most suitable treatment options,<\/li>\n\n\n\n<li>realistic outcomes and the steps involved in the process.<\/li>\n<\/ul>\n\n\n\n<p>Each solution is personalised and carefully planned to achieve the best possible result.<\/p>\n\n\n\n<h3 class=\"wp-block-heading\">Facial plastic surgery procedures<\/h3>\n\n\n\n<p>Aesthetic facial surgery includes a variety of procedures aimed at rejuvenating and balancing facial proportions:<\/p>\n\n\n\n<ul class=\"wp-block-list\">\n<li>Facelift and neck lift<\/li>\n\n\n\n<li>Blepharoplasty (eyelid surgery)<\/li>\n\n\n\n<li>Brow and Forehead Lift<\/li>\n\n\n\n<li>Rhinoplasty (nose surgery)<\/li>\n\n\n\n<li>Chin and Facial Implants<\/li>\n\n\n\n<li>Orthognathic surgery<\/li>\n\n\n\n<li>Otoplasty (ear surgery)<\/li>\n\n\n\n<li>Fat grafting<\/li>\n<\/ul>\n\n\n\n<h3 class=\"wp-block-heading\">Goal<\/h3>\n\n\n\n<p>The aim is for every patient to feel more confident, satisfied, and naturally refreshed after their procedure. Every step of the journey\u2014 from consultation to recovery\u2014 is carefully planned to ensure a high-quality and safe result<\/p>\n\n\n\n<div class=\"wp-block-group is-content-justification-center is-nowrap is-layout-flex wp-container-core-group-is-layout-23441af8 wp-block-group-is-layout-flex\">\n<figure class=\"wp-block-image size-large is-resized has-custom-border\"><img loading=\"lazy\" decoding=\"async\" width=\"820\" height=\"1024\" src=\"https:\/\/heleianestalzibo.eu\/wp-content\/uploads\/2025\/10\/RENE-LUTTERUS-7952-2-1-820x1024.jpg\" alt=\"\" class=\"wp-image-1223\" style=\"border-radius:45px;width:478px;height:auto\" srcset=\"https:\/\/heleianestalzibo.eu\/wp-content\/uploads\/2025\/10\/RENE-LUTTERUS-7952-2-1-820x1024.jpg 820w, https:\/\/heleianestalzibo.eu\/wp-content\/uploads\/2025\/10\/RENE-LUTTERUS-7952-2-1-240x300.jpg 240w, https:\/\/heleianestalzibo.eu\/wp-content\/uploads\/2025\/10\/RENE-LUTTERUS-7952-2-1-768x960.jpg 768w, https:\/\/heleianestalzibo.eu\/wp-content\/uploads\/2025\/10\/RENE-LUTTERUS-7952-2-1-1229x1536.jpg 1229w, https:\/\/heleianestalzibo.eu\/wp-content\/uploads\/2025\/10\/RENE-LUTTERUS-7952-2-1-10x12.jpg 10w, https:\/\/heleianestalzibo.eu\/wp-content\/uploads\/2025\/10\/RENE-LUTTERUS-7952-2-1.jpg 1639w\" sizes=\"auto, (max-width: 820px) 100vw, 820px\" \/><\/figure>\n<\/div>\n\n\n\n<div class=\"wp-block-buttons is-content-justification-center is-layout-flex wp-container-core-buttons-is-layout-a89b3969 wp-block-buttons-is-layout-flex\">\n<div class=\"wp-block-button\"><a class=\"wp-block-button__link wp-element-button\" href=\"https:\/\/www.confido.ee\/en\/information-and-contact\/our-people\/dr-heleia-nestal-zibo\/\">Book a consultation<\/a><\/div>\n<\/div>\n\n\n\n<p><\/p>","protected":false},"excerpt":{"rendered":"<p>Mis on n\u00e4o ilukirurgia? N\u00e4o ilukirurgia ehk esteetiline n\u00e4okirurgia on kirurgiline meditsiiniharu, mis tegeleb n\u00e4o v\u00e4limuse parandamise v\u00f5i muutmisega. Selle eesm\u00e4rk on tavaliselt esteetiline \u2013 inimese v\u00e4limuse noorendamine, proportsioonide tasakaalustamine v\u00f5i m\u00f5ne soovimatu tunnuse korrigeerimine. Esteetiline n\u00e4okirurgia \u2013 tehakse enamasti tervele inimesele, kes soovib oma v\u00e4limust muuta v\u00f5i t\u00e4iustada. \u00d5igesti valitud protseduur aitab parandada enesekindlust [&hellip;]<\/p>","protected":false},"author":2,"featured_media":0,"parent":0,"menu_order":0,"comment_status":"closed","ping_status":"closed","template":"","meta":{"footnotes":""},"class_list":["post-93","page","type-page","status-publish","hentry"],"yoast_head":"<!-- This site is optimized with the Yoast SEO plugin v25.9 - https:\/\/yoast.com\/wordpress\/plugins\/seo\/ -->\n<title>N\u00e4o ilukirurgia - Heleia Nestal Zibo - nao-ilukirurgia-kortsude-korrektsioon<\/title>\n<meta name=\"description\" content=\"Dr. Heleia Nestal Zibo pakub eraviisiliselt n\u00e4o ilukirurgia teenuseid. K\u00f5ige sobivama raviplaani koostamiseks on vajalik eelnev konsultatsioon.\" \/>\n<meta name=\"robots\" content=\"index, follow, max-snippet:-1, max-image-preview:large, max-video-preview:-1\" \/>\n<link rel=\"canonical\" href=\"https:\/\/heleianestalzibo.eu\/en\/nao-ilukirurgia-ja-kaela-kortsude-korrektsioon\/\" \/>\n<meta property=\"og:locale\" content=\"en_GB\" \/>\n<meta property=\"og:type\" content=\"article\" \/>\n<meta property=\"og:title\" content=\"N\u00e4o ilukirurgia - Heleia Nestal Zibo - nao-ilukirurgia-kortsude-korrektsioon\" \/>\n<meta property=\"og:description\" content=\"Dr. Heleia Nestal Zibo pakub eraviisiliselt n\u00e4o ilukirurgia teenuseid. K\u00f5ige sobivama raviplaani koostamiseks on vajalik eelnev konsultatsioon.\" \/>\n<meta property=\"og:url\" content=\"https:\/\/heleianestalzibo.eu\/en\/nao-ilukirurgia-ja-kaela-kortsude-korrektsioon\/\" \/>\n<meta property=\"og:site_name\" content=\"Heleia Nestal Zibo\" \/>\n<meta property=\"article:modified_time\" content=\"2025-10-18T11:12:04+00:00\" \/>\n<meta property=\"og:image\" content=\"https:\/\/heleianestalzibo.eu\/wp-content\/uploads\/2025\/10\/RENE-LUTTERUS-7952-2-1.jpg\" \/>\n\t<meta property=\"og:image:width\" content=\"1639\" \/>\n\t<meta property=\"og:image:height\" content=\"2048\" \/>\n\t<meta property=\"og:image:type\" content=\"image\/jpeg\" \/>\n<meta name=\"twitter:card\" content=\"summary_large_image\" \/>\n<meta name=\"twitter:label1\" content=\"Estimated reading time\" \/>\n\t<meta name=\"twitter:data1\" content=\"1 minute\" \/>\n<script type=\"application\/ld+json\" class=\"yoast-schema-graph\">{\"@context\":\"https:\/\/schema.org\",\"@graph\":[{\"@type\":\"WebPage\",\"@id\":\"https:\/\/heleianestalzibo.eu\/nao-ilukirurgia-ja-kaela-kortsude-korrektsioon\/\",\"url\":\"https:\/\/heleianestalzibo.eu\/nao-ilukirurgia-ja-kaela-kortsude-korrektsioon\/\",\"name\":\"N\u00e4o ilukirurgia - Heleia Nestal Zibo - nao-ilukirurgia-kortsude-korrektsioon\",\"isPartOf\":{\"@id\":\"https:\/\/heleianestalzibo.eu\/#website\"},\"primaryImageOfPage\":{\"@id\":\"https:\/\/heleianestalzibo.eu\/nao-ilukirurgia-ja-kaela-kortsude-korrektsioon\/#primaryimage\"},\"image\":{\"@id\":\"https:\/\/heleianestalzibo.eu\/nao-ilukirurgia-ja-kaela-kortsude-korrektsioon\/#primaryimage\"},\"thumbnailUrl\":\"https:\/\/heleianestalzibo.eu\/wp-content\/uploads\/2025\/10\/RENE-LUTTERUS-7952-2-1-820x1024.jpg\",\"datePublished\":\"2019-10-06T14:53:26+00:00\",\"dateModified\":\"2025-10-18T11:12:04+00:00\",\"description\":\"Dr. Heleia Nestal Zibo pakub eraviisiliselt n\u00e4o ilukirurgia teenuseid. K\u00f5ige sobivama raviplaani koostamiseks on vajalik eelnev konsultatsioon.\",\"breadcrumb\":{\"@id\":\"https:\/\/heleianestalzibo.eu\/nao-ilukirurgia-ja-kaela-kortsude-korrektsioon\/#breadcrumb\"},\"inLanguage\":\"en-GB\",\"potentialAction\":[{\"@type\":\"ReadAction\",\"target\":[\"https:\/\/heleianestalzibo.eu\/nao-ilukirurgia-ja-kaela-kortsude-korrektsioon\/\"]}]},{\"@type\":\"ImageObject\",\"inLanguage\":\"en-GB\",\"@id\":\"https:\/\/heleianestalzibo.eu\/nao-ilukirurgia-ja-kaela-kortsude-korrektsioon\/#primaryimage\",\"url\":\"https:\/\/heleianestalzibo.eu\/wp-content\/uploads\/2025\/10\/RENE-LUTTERUS-7952-2-1-820x1024.jpg\",\"contentUrl\":\"https:\/\/heleianestalzibo.eu\/wp-content\/uploads\/2025\/10\/RENE-LUTTERUS-7952-2-1-820x1024.jpg\"},{\"@type\":\"BreadcrumbList\",\"@id\":\"https:\/\/heleianestalzibo.eu\/nao-ilukirurgia-ja-kaela-kortsude-korrektsioon\/#breadcrumb\",\"itemListElement\":[{\"@type\":\"ListItem\",\"position\":1,\"name\":\"Home\",\"item\":\"https:\/\/heleianestalzibo.eu\/\"},{\"@type\":\"ListItem\",\"position\":2,\"name\":\"N\u00e4o ilukirurgia\"}]},{\"@type\":\"WebSite\",\"@id\":\"https:\/\/heleianestalzibo.eu\/#website\",\"url\":\"https:\/\/heleianestalzibo.eu\/\",\"name\":\"Heleia Nestal Zibo\",\"description\":\"Kolju- ja n&auml;okirurg\",\"publisher\":{\"@id\":\"https:\/\/heleianestalzibo.eu\/#\/schema\/person\/0d02ef88bc0fa1398e9263e383a51584\"},\"potentialAction\":[{\"@type\":\"SearchAction\",\"target\":{\"@type\":\"EntryPoint\",\"urlTemplate\":\"https:\/\/heleianestalzibo.eu\/?s={search_term_string}\"},\"query-input\":{\"@type\":\"PropertyValueSpecification\",\"valueRequired\":true,\"valueName\":\"search_term_string\"}}],\"inLanguage\":\"en-GB\"},{\"@type\":[\"Person\",\"Organization\"],\"@id\":\"https:\/\/heleianestalzibo.eu\/#\/schema\/person\/0d02ef88bc0fa1398e9263e383a51584\",\"name\":\"hnz\",\"logo\":{\"@id\":\"https:\/\/heleianestalzibo.eu\/#\/schema\/person\/image\/\"}}]}<\/script>\n<!-- \/ Yoast SEO plugin. -->","yoast_head_json":{"title":"N\u00e4o ilukirurgia - Heleia Nestal Zibo - nao-ilukirurgia-kortsude-korrektsioon","description":"Dr. Heleia Nestal Zibo pakub eraviisiliselt n\u00e4o ilukirurgia teenuseid. K\u00f5ige sobivama raviplaani koostamiseks on vajalik eelnev konsultatsioon.","robots":{"index":"index","follow":"follow","max-snippet":"max-snippet:-1","max-image-preview":"max-image-preview:large","max-video-preview":"max-video-preview:-1"},"canonical":"https:\/\/heleianestalzibo.eu\/en\/nao-ilukirurgia-ja-kaela-kortsude-korrektsioon\/","og_locale":"en_GB","og_type":"article","og_title":"N\u00e4o ilukirurgia - Heleia Nestal Zibo - nao-ilukirurgia-kortsude-korrektsioon","og_description":"Dr. Heleia Nestal Zibo pakub eraviisiliselt n\u00e4o ilukirurgia teenuseid. K\u00f5ige sobivama raviplaani koostamiseks on vajalik eelnev konsultatsioon.","og_url":"https:\/\/heleianestalzibo.eu\/en\/nao-ilukirurgia-ja-kaela-kortsude-korrektsioon\/","og_site_name":"Heleia Nestal Zibo","article_modified_time":"2025-10-18T11:12:04+00:00","og_image":[{"width":1639,"height":2048,"url":"https:\/\/heleianestalzibo.eu\/wp-content\/uploads\/2025\/10\/RENE-LUTTERUS-7952-2-1.jpg","type":"image\/jpeg"}],"twitter_card":"summary_large_image","twitter_misc":{"Estimated reading time":"1 minute"},"schema":{"@context":"https:\/\/schema.org","@graph":[{"@type":"WebPage","@id":"https:\/\/heleianestalzibo.eu\/nao-ilukirurgia-ja-kaela-kortsude-korrektsioon\/","url":"https:\/\/heleianestalzibo.eu\/nao-ilukirurgia-ja-kaela-kortsude-korrektsioon\/","name":"N\u00e4o ilukirurgia - Heleia Nestal Zibo - nao-ilukirurgia-kortsude-korrektsioon","isPartOf":{"@id":"https:\/\/heleianestalzibo.eu\/#website"},"primaryImageOfPage":{"@id":"https:\/\/heleianestalzibo.eu\/nao-ilukirurgia-ja-kaela-kortsude-korrektsioon\/#primaryimage"},"image":{"@id":"https:\/\/heleianestalzibo.eu\/nao-ilukirurgia-ja-kaela-kortsude-korrektsioon\/#primaryimage"},"thumbnailUrl":"https:\/\/heleianestalzibo.eu\/wp-content\/uploads\/2025\/10\/RENE-LUTTERUS-7952-2-1-820x1024.jpg","datePublished":"2019-10-06T14:53:26+00:00","dateModified":"2025-10-18T11:12:04+00:00","description":"Dr. Heleia Nestal Zibo pakub eraviisiliselt n\u00e4o ilukirurgia teenuseid. K\u00f5ige sobivama raviplaani koostamiseks on vajalik eelnev konsultatsioon.","breadcrumb":{"@id":"https:\/\/heleianestalzibo.eu\/nao-ilukirurgia-ja-kaela-kortsude-korrektsioon\/#breadcrumb"},"inLanguage":"en-GB","potentialAction":[{"@type":"ReadAction","target":["https:\/\/heleianestalzibo.eu\/nao-ilukirurgia-ja-kaela-kortsude-korrektsioon\/"]}]},{"@type":"ImageObject","inLanguage":"en-GB","@id":"https:\/\/heleianestalzibo.eu\/nao-ilukirurgia-ja-kaela-kortsude-korrektsioon\/#primaryimage","url":"https:\/\/heleianestalzibo.eu\/wp-content\/uploads\/2025\/10\/RENE-LUTTERUS-7952-2-1-820x1024.jpg","contentUrl":"https:\/\/heleianestalzibo.eu\/wp-content\/uploads\/2025\/10\/RENE-LUTTERUS-7952-2-1-820x1024.jpg"},{"@type":"BreadcrumbList","@id":"https:\/\/heleianestalzibo.eu\/nao-ilukirurgia-ja-kaela-kortsude-korrektsioon\/#breadcrumb","itemListElement":[{"@type":"ListItem","position":1,"name":"Home","item":"https:\/\/heleianestalzibo.eu\/"},{"@type":"ListItem","position":2,"name":"N\u00e4o ilukirurgia"}]},{"@type":"WebSite","@id":"https:\/\/heleianestalzibo.eu\/#website","url":"https:\/\/heleianestalzibo.eu\/","name":"Heleia Nestal Zibo","description":"Craniofacial Surgeon","publisher":{"@id":"https:\/\/heleianestalzibo.eu\/#\/schema\/person\/0d02ef88bc0fa1398e9263e383a51584"},"potentialAction":[{"@type":"SearchAction","target":{"@type":"EntryPoint","urlTemplate":"https:\/\/heleianestalzibo.eu\/?s={search_term_string}"},"query-input":{"@type":"PropertyValueSpecification","valueRequired":true,"valueName":"search_term_string"}}],"inLanguage":"en-GB"},{"@type":["Person","Organization"],"@id":"https:\/\/heleianestalzibo.eu\/#\/schema\/person\/0d02ef88bc0fa1398e9263e383a51584","name":"hnz","logo":{"@id":"https:\/\/heleianestalzibo.eu\/#\/schema\/person\/image\/"}}]}},"rttpg_featured_image_url":null,"rttpg_author":{"display_name":"J K","author_link":"https:\/\/heleianestalzibo.eu\/en\/author\/jcrist\/"},"rttpg_comment":0,"rttpg_category":null,"rttpg_excerpt":"Mis on n\u00e4o ilukirurgia? N\u00e4o ilukirurgia ehk esteetiline n\u00e4okirurgia on kirurgiline meditsiiniharu, mis tegeleb n\u00e4o v\u00e4limuse parandamise v\u00f5i muutmisega. Selle eesm\u00e4rk on tavaliselt esteetiline \u2013 inimese v\u00e4limuse noorendamine, proportsioonide tasakaalustamine v\u00f5i m\u00f5ne soovimatu tunnuse korrigeerimine. Esteetiline n\u00e4okirurgia \u2013 tehakse enamasti tervele inimesele, kes soovib oma v\u00e4limust muuta v\u00f5i t\u00e4iustada. \u00d5igesti valitud protseduur aitab parandada enesekindlust&hellip;","_links":{"self":[{"href":"https:\/\/heleianestalzibo.eu\/en\/wp-json\/wp\/v2\/pages\/93","targetHints":{"allow":["GET"]}}],"collection":[{"href":"https:\/\/heleianestalzibo.eu\/en\/wp-json\/wp\/v2\/pages"}],"about":[{"href":"https:\/\/heleianestalzibo.eu\/en\/wp-json\/wp\/v2\/types\/page"}],"author":[{"embeddable":true,"href":"https:\/\/heleianestalzibo.eu\/en\/wp-json\/wp\/v2\/users\/2"}],"replies":[{"embeddable":true,"href":"https:\/\/heleianestalzibo.eu\/en\/wp-json\/wp\/v2\/comments?post=93"}],"version-history":[{"count":18,"href":"https:\/\/heleianestalzibo.eu\/en\/wp-json\/wp\/v2\/pages\/93\/revisions"}],"predecessor-version":[{"id":1225,"href":"https:\/\/heleianestalzibo.eu\/en\/wp-json\/wp\/v2\/pages\/93\/revisions\/1225"}],"wp:attachment":[{"href":"https:\/\/heleianestalzibo.eu\/en\/wp-json\/wp\/v2\/media?parent=93"}],"curies":[{"name":"wp","href":"https:\/\/api.w.org\/{rel}","templated":true}]}}