{"id":101,"date":"2019-10-06T16:54:46","date_gmt":"2019-10-06T14:54:46","guid":{"rendered":"https:\/\/heleianestalzibo.eu\/?page_id=101"},"modified":"2025-09-17T18:27:27","modified_gmt":"2025-09-17T16:27:27","slug":"loua-ja-nao-implantaadid","status":"publish","type":"page","link":"https:\/\/heleianestalzibo.eu\/et\/loua-ja-nao-implantaadid\/","title":{"rendered":"L\u00f5ua ja n\u00e4o implantaadid"},"content":{"rendered":"\n<h2 class=\"wp-block-heading\">Mis on l\u00f5ua ja n\u00e4o implantaadid?<\/h2>\n\n\n\n<p>L\u00f5ua ja n\u00e4o implantaatide abil saab parandada n\u00e4o s\u00fcmmeetriat ja luua selged kontuurid. Tasakaalustatud luuline struktuur on \u00fcks olulisemaid atraktiivsuse elemente ning implantaatide paigaldamine aitab taastada v\u00f5i t\u00e4iustada n\u00e4o harmooniat.<\/p>\n\n\n\n<p>L\u00f5ug on n\u00e4o keskjoonel asuv v\u00f5tmekomponent. Kui l\u00f5ug on v\u00e4ike v\u00f5i tahapoole nihkunud, v\u00f5ib see j\u00e4tta mulje, et nina v\u00f5i n\u00e4o keskmine kolmandik on proportsioonist v\u00e4ljas. Samuti v\u00f5ib v\u00e4ikese l\u00f5ua korral alal\u00f5ualuu ja kaela vaheline joon kaduda, tekitades topeltl\u00f5ua mulje.<\/p>\n\n\n\n<p>Vananemine v\u00f5ib seda efekti s\u00fcvendada, kuna l\u00f5ua alla liigub rasvkude ning l\u00f5uaalune lihas kaotab oma toonuse.<\/p>\n\n\n\n<h3 class=\"wp-block-heading\">Kellele protseduur sobib?<\/h3>\n\n\n\n<p>L\u00f5ua ja n\u00e4o implantaadid on sobivad patsientidele, kes soovivad:<\/p>\n\n\n\n<ul class=\"wp-block-list\">\n<li><p dir=\"ltr\" style=\"line-height: 1.38; margin-top: 12pt; margin-bottom: 0pt;\" role=\"presentation\">r\u00f5hutada l\u00f5ua ja alal\u00f5ualuu joont;<\/p><\/li>\n\n\n\n<li><p dir=\"ltr\" style=\"line-height: 1.38; margin-top: 12pt; margin-bottom: 0pt;\" role=\"presentation\">parandada n\u00e4o s\u00fcmmeetriat ja proportsioone;<\/p><\/li>\n\n\n\n<li><p dir=\"ltr\" style=\"line-height: 1.38; margin-top: 12pt; margin-bottom: 0pt;\" role=\"presentation\">v\u00e4hendada topeltl\u00f5ua muljet;<\/p><\/li>\n\n\n\n<li><p dir=\"ltr\" style=\"line-height: 1.38; margin-top: 12pt; margin-bottom: 0pt;\" role=\"presentation\">taastada n\u00e4o kontuure, mida vananemine on muutnud.<\/p><br><\/li>\n<\/ul>\n\n\n\n<h3 class=\"wp-block-heading\">Kuidas protseduur toimub?<\/h3>\n\n\n\n<ul class=\"wp-block-list\">\n<li><p dir=\"ltr\" style=\"line-height: 1.38; margin-top: 12pt; margin-bottom: 0pt;\" role=\"presentation\">Kasutatakse tavaliselt PEEK implantaate, valmistatud materjalist nimega pol\u00fceeter-eeterketoon, mis on maailmas enim levinud ja usaldusv\u00e4\u00e4rsed.<\/p><\/li>\n\n\n\n<li><p dir=\"ltr\" style=\"line-height: 1.38; margin-top: 12pt; margin-bottom: 0pt;\" role=\"presentation\">Implantaadid paigaldatakse luu peale tavaliselt suu limaskesta kaudu, mist\u00f5ttu v\u00e4liseid arme ei j\u00e4\u00e4.<\/p><\/li>\n\n\n\n<li><p dir=\"ltr\" style=\"line-height: 1.38; margin-top: 12pt; margin-bottom: 0pt;\" role=\"presentation\">Kasutatavad \u00f5mblused on iselahustuvad ja kaovad umbes \u00fche kuu jooksul.<\/p><\/li>\n<\/ul>\n\n\n\n<p>Implantaadid integreeruvad aja jooksul luukoega ja n\u00e4evad v\u00e4lja nagu loomulik n\u00e4o osa.<\/p>\n\n\n\n<p><\/p>\n\n\n\n<h3 class=\"wp-block-heading\">Taastumine ja tulemused<\/h3>\n\n\n\n<ul class=\"wp-block-list\">\n<li><p dir=\"ltr\" style=\"line-height: 1.38; margin-top: 12pt; margin-bottom: 0pt;\" role=\"presentation\">P\u00e4rast operatsiooni v\u00f5ib esineda m\u00f5\u00f5dukas turse, verevalumid ja pehmete kudede tihkem tunne opereeritud piirkonnas.<\/p><\/li>\n\n\n\n<li><p dir=\"ltr\" style=\"line-height: 1.38; margin-top: 12pt; margin-bottom: 0pt;\" role=\"presentation\">Need s\u00fcmptomid taanduvad tavaliselt 2 n\u00e4dala jooksul.<\/p><\/li>\n\n\n\n<li><p dir=\"ltr\" style=\"line-height: 1.38; margin-top: 12pt; margin-bottom: 0pt;\" role=\"presentation\">L\u00f5plik tulemus on loomulik ja tasakaalus n\u00e4okuju, mille kontuurid on selged ja harmoonilised.<\/p><br><\/li>\n<\/ul>\n\n\n\n<div class=\"wp-block-buttons is-content-justification-center is-layout-flex wp-container-core-buttons-is-layout-a89b3969 wp-block-buttons-is-layout-flex\">\n<div class=\"wp-block-button\"><a class=\"wp-block-button__link wp-element-button\" href=\"https:\/\/www.confido.ee\/info-ja-kontaktid\/meie-inimesed\/dr-heleia-nestal-zibo\/\">Tule konsultatsioonile<\/a><\/div>\n<\/div>\n\n\n\n<figure class=\"wp-block-image\"><img decoding=\"async\" src=\"https:\/\/heleianestalzibo.eu\/wp-content\/uploads\/2019\/11\/Facial-implants.jpg\" alt=\"\"\/><\/figure>\n\n\n\n<p><\/p>\n\n\n\n<p><\/p>\n","protected":false},"excerpt":{"rendered":"<p>Mis on l\u00f5ua ja n\u00e4o implantaadid? L\u00f5ua ja n\u00e4o implantaatide abil saab parandada n\u00e4o s\u00fcmmeetriat ja luua selged kontuurid. Tasakaalustatud luuline struktuur on \u00fcks olulisemaid atraktiivsuse elemente ning implantaatide paigaldamine aitab taastada v\u00f5i t\u00e4iustada n\u00e4o harmooniat. L\u00f5ug on n\u00e4o keskjoonel asuv v\u00f5tmekomponent. Kui l\u00f5ug on v\u00e4ike v\u00f5i tahapoole nihkunud, v\u00f5ib see j\u00e4tta mulje, et nina [&hellip;]<\/p>\n","protected":false},"author":2,"featured_media":0,"parent":0,"menu_order":0,"comment_status":"closed","ping_status":"closed","template":"","meta":{"footnotes":""},"class_list":["post-101","page","type-page","status-publish","hentry"],"yoast_head":"<!-- This site is optimized with the Yoast SEO plugin v25.9 - https:\/\/yoast.com\/wordpress\/plugins\/seo\/ -->\n<title>Implantaadid - L\u00f5ua ja n\u00e4o implantaadid - Heleia Nestal Zibo<\/title>\n<meta name=\"description\" content=\"L\u00f5ua ja l\u00f5ualuu implantaadid aitavad anda n\u00e4ole soovitud kontuuri ja s\u00fcmmeetria. Implantaadid paigaldatakse luu peale l\u00e4bi v\u00e4ikeste suulimaskesta l\u00f5igete.\" \/>\n<meta name=\"robots\" content=\"index, follow, max-snippet:-1, max-image-preview:large, max-video-preview:-1\" \/>\n<link rel=\"canonical\" href=\"https:\/\/heleianestalzibo.eu\/et\/loua-ja-nao-implantaadid\/\" \/>\n<meta property=\"og:locale\" content=\"et_EE\" \/>\n<meta property=\"og:type\" content=\"article\" \/>\n<meta property=\"og:title\" content=\"Implantaadid - L\u00f5ua ja n\u00e4o implantaadid - Heleia Nestal Zibo\" \/>\n<meta property=\"og:description\" content=\"L\u00f5ua ja l\u00f5ualuu implantaadid aitavad anda n\u00e4ole soovitud kontuuri ja s\u00fcmmeetria. Implantaadid paigaldatakse luu peale l\u00e4bi v\u00e4ikeste suulimaskesta l\u00f5igete.\" \/>\n<meta property=\"og:url\" content=\"https:\/\/heleianestalzibo.eu\/et\/loua-ja-nao-implantaadid\/\" \/>\n<meta property=\"og:site_name\" content=\"Heleia Nestal Zibo\" \/>\n<meta property=\"article:modified_time\" content=\"2025-09-17T16:27:27+00:00\" \/>\n<meta property=\"og:image\" content=\"https:\/\/heleianestalzibo.eu\/wp-content\/uploads\/2019\/11\/Facial-implants.jpg\" \/>\n<meta name=\"twitter:card\" content=\"summary_large_image\" \/>\n<meta name=\"twitter:label1\" content=\"Est. reading time\" \/>\n\t<meta name=\"twitter:data1\" content=\"2 minutit\" \/>\n<script type=\"application\/ld+json\" class=\"yoast-schema-graph\">{\"@context\":\"https:\/\/schema.org\",\"@graph\":[{\"@type\":\"WebPage\",\"@id\":\"https:\/\/heleianestalzibo.eu\/et\/loua-ja-nao-implantaadid\/\",\"url\":\"https:\/\/heleianestalzibo.eu\/et\/loua-ja-nao-implantaadid\/\",\"name\":\"Implantaadid - L\u00f5ua ja n\u00e4o implantaadid - Heleia Nestal Zibo\",\"isPartOf\":{\"@id\":\"https:\/\/heleianestalzibo.eu\/#website\"},\"primaryImageOfPage\":{\"@id\":\"https:\/\/heleianestalzibo.eu\/et\/loua-ja-nao-implantaadid\/#primaryimage\"},\"image\":{\"@id\":\"https:\/\/heleianestalzibo.eu\/et\/loua-ja-nao-implantaadid\/#primaryimage\"},\"thumbnailUrl\":\"https:\/\/heleianestalzibo.eu\/wp-content\/uploads\/2019\/11\/Facial-implants.jpg\",\"datePublished\":\"2019-10-06T14:54:46+00:00\",\"dateModified\":\"2025-09-17T16:27:27+00:00\",\"description\":\"L\u00f5ua ja l\u00f5ualuu implantaadid aitavad anda n\u00e4ole soovitud kontuuri ja s\u00fcmmeetria. Implantaadid paigaldatakse luu peale l\u00e4bi v\u00e4ikeste suulimaskesta l\u00f5igete.\",\"breadcrumb\":{\"@id\":\"https:\/\/heleianestalzibo.eu\/et\/loua-ja-nao-implantaadid\/#breadcrumb\"},\"inLanguage\":\"et\",\"potentialAction\":[{\"@type\":\"ReadAction\",\"target\":[\"https:\/\/heleianestalzibo.eu\/et\/loua-ja-nao-implantaadid\/\"]}]},{\"@type\":\"ImageObject\",\"inLanguage\":\"et\",\"@id\":\"https:\/\/heleianestalzibo.eu\/et\/loua-ja-nao-implantaadid\/#primaryimage\",\"url\":\"https:\/\/heleianestalzibo.eu\/wp-content\/uploads\/2019\/11\/Facial-implants.jpg\",\"contentUrl\":\"https:\/\/heleianestalzibo.eu\/wp-content\/uploads\/2019\/11\/Facial-implants.jpg\"},{\"@type\":\"BreadcrumbList\",\"@id\":\"https:\/\/heleianestalzibo.eu\/et\/loua-ja-nao-implantaadid\/#breadcrumb\",\"itemListElement\":[{\"@type\":\"ListItem\",\"position\":1,\"name\":\"Home\",\"item\":\"https:\/\/heleianestalzibo.eu\/\"},{\"@type\":\"ListItem\",\"position\":2,\"name\":\"L\u00f5ua ja n\u00e4o implantaadid\"}]},{\"@type\":\"WebSite\",\"@id\":\"https:\/\/heleianestalzibo.eu\/#website\",\"url\":\"https:\/\/heleianestalzibo.eu\/\",\"name\":\"Heleia Nestal Zibo\",\"description\":\"Kolju- ja n&auml;okirurg\",\"publisher\":{\"@id\":\"https:\/\/heleianestalzibo.eu\/#\/schema\/person\/0d02ef88bc0fa1398e9263e383a51584\"},\"potentialAction\":[{\"@type\":\"SearchAction\",\"target\":{\"@type\":\"EntryPoint\",\"urlTemplate\":\"https:\/\/heleianestalzibo.eu\/?s={search_term_string}\"},\"query-input\":{\"@type\":\"PropertyValueSpecification\",\"valueRequired\":true,\"valueName\":\"search_term_string\"}}],\"inLanguage\":\"et\"},{\"@type\":[\"Person\",\"Organization\"],\"@id\":\"https:\/\/heleianestalzibo.eu\/#\/schema\/person\/0d02ef88bc0fa1398e9263e383a51584\",\"name\":\"hnz\",\"logo\":{\"@id\":\"https:\/\/heleianestalzibo.eu\/#\/schema\/person\/image\/\"}}]}<\/script>\n<!-- \/ Yoast SEO plugin. -->","yoast_head_json":{"title":"Implantaadid - L\u00f5ua ja n\u00e4o implantaadid - Heleia Nestal Zibo","description":"L\u00f5ua ja l\u00f5ualuu implantaadid aitavad anda n\u00e4ole soovitud kontuuri ja s\u00fcmmeetria. Implantaadid paigaldatakse luu peale l\u00e4bi v\u00e4ikeste suulimaskesta l\u00f5igete.","robots":{"index":"index","follow":"follow","max-snippet":"max-snippet:-1","max-image-preview":"max-image-preview:large","max-video-preview":"max-video-preview:-1"},"canonical":"https:\/\/heleianestalzibo.eu\/et\/loua-ja-nao-implantaadid\/","og_locale":"et_EE","og_type":"article","og_title":"Implantaadid - L\u00f5ua ja n\u00e4o implantaadid - Heleia Nestal Zibo","og_description":"L\u00f5ua ja l\u00f5ualuu implantaadid aitavad anda n\u00e4ole soovitud kontuuri ja s\u00fcmmeetria. Implantaadid paigaldatakse luu peale l\u00e4bi v\u00e4ikeste suulimaskesta l\u00f5igete.","og_url":"https:\/\/heleianestalzibo.eu\/et\/loua-ja-nao-implantaadid\/","og_site_name":"Heleia Nestal Zibo","article_modified_time":"2025-09-17T16:27:27+00:00","og_image":[{"url":"https:\/\/heleianestalzibo.eu\/wp-content\/uploads\/2019\/11\/Facial-implants.jpg","type":"","width":"","height":""}],"twitter_card":"summary_large_image","twitter_misc":{"Est. reading time":"2 minutit"},"schema":{"@context":"https:\/\/schema.org","@graph":[{"@type":"WebPage","@id":"https:\/\/heleianestalzibo.eu\/et\/loua-ja-nao-implantaadid\/","url":"https:\/\/heleianestalzibo.eu\/et\/loua-ja-nao-implantaadid\/","name":"Implantaadid - L\u00f5ua ja n\u00e4o implantaadid - Heleia Nestal Zibo","isPartOf":{"@id":"https:\/\/heleianestalzibo.eu\/#website"},"primaryImageOfPage":{"@id":"https:\/\/heleianestalzibo.eu\/et\/loua-ja-nao-implantaadid\/#primaryimage"},"image":{"@id":"https:\/\/heleianestalzibo.eu\/et\/loua-ja-nao-implantaadid\/#primaryimage"},"thumbnailUrl":"https:\/\/heleianestalzibo.eu\/wp-content\/uploads\/2019\/11\/Facial-implants.jpg","datePublished":"2019-10-06T14:54:46+00:00","dateModified":"2025-09-17T16:27:27+00:00","description":"L\u00f5ua ja l\u00f5ualuu implantaadid aitavad anda n\u00e4ole soovitud kontuuri ja s\u00fcmmeetria. Implantaadid paigaldatakse luu peale l\u00e4bi v\u00e4ikeste suulimaskesta l\u00f5igete.","breadcrumb":{"@id":"https:\/\/heleianestalzibo.eu\/et\/loua-ja-nao-implantaadid\/#breadcrumb"},"inLanguage":"et","potentialAction":[{"@type":"ReadAction","target":["https:\/\/heleianestalzibo.eu\/et\/loua-ja-nao-implantaadid\/"]}]},{"@type":"ImageObject","inLanguage":"et","@id":"https:\/\/heleianestalzibo.eu\/et\/loua-ja-nao-implantaadid\/#primaryimage","url":"https:\/\/heleianestalzibo.eu\/wp-content\/uploads\/2019\/11\/Facial-implants.jpg","contentUrl":"https:\/\/heleianestalzibo.eu\/wp-content\/uploads\/2019\/11\/Facial-implants.jpg"},{"@type":"BreadcrumbList","@id":"https:\/\/heleianestalzibo.eu\/et\/loua-ja-nao-implantaadid\/#breadcrumb","itemListElement":[{"@type":"ListItem","position":1,"name":"Home","item":"https:\/\/heleianestalzibo.eu\/"},{"@type":"ListItem","position":2,"name":"L\u00f5ua ja n\u00e4o implantaadid"}]},{"@type":"WebSite","@id":"https:\/\/heleianestalzibo.eu\/#website","url":"https:\/\/heleianestalzibo.eu\/","name":"Heleia Nestal Zibo","description":"Kolju- ja n&auml;okirurg","publisher":{"@id":"https:\/\/heleianestalzibo.eu\/#\/schema\/person\/0d02ef88bc0fa1398e9263e383a51584"},"potentialAction":[{"@type":"SearchAction","target":{"@type":"EntryPoint","urlTemplate":"https:\/\/heleianestalzibo.eu\/?s={search_term_string}"},"query-input":{"@type":"PropertyValueSpecification","valueRequired":true,"valueName":"search_term_string"}}],"inLanguage":"et"},{"@type":["Person","Organization"],"@id":"https:\/\/heleianestalzibo.eu\/#\/schema\/person\/0d02ef88bc0fa1398e9263e383a51584","name":"hnz","logo":{"@id":"https:\/\/heleianestalzibo.eu\/#\/schema\/person\/image\/"}}]}},"rttpg_featured_image_url":null,"rttpg_author":{"display_name":"J K","author_link":"https:\/\/heleianestalzibo.eu\/et\/author\/jcrist\/"},"rttpg_comment":0,"rttpg_category":null,"rttpg_excerpt":"Mis on l\u00f5ua ja n\u00e4o implantaadid? L\u00f5ua ja n\u00e4o implantaatide abil saab parandada n\u00e4o s\u00fcmmeetriat ja luua selged kontuurid. Tasakaalustatud luuline struktuur on \u00fcks olulisemaid atraktiivsuse elemente ning implantaatide paigaldamine aitab taastada v\u00f5i t\u00e4iustada n\u00e4o harmooniat. L\u00f5ug on n\u00e4o keskjoonel asuv v\u00f5tmekomponent. Kui l\u00f5ug on v\u00e4ike v\u00f5i tahapoole nihkunud, v\u00f5ib see j\u00e4tta mulje, et nina&hellip;","_links":{"self":[{"href":"https:\/\/heleianestalzibo.eu\/et\/wp-json\/wp\/v2\/pages\/101","targetHints":{"allow":["GET"]}}],"collection":[{"href":"https:\/\/heleianestalzibo.eu\/et\/wp-json\/wp\/v2\/pages"}],"about":[{"href":"https:\/\/heleianestalzibo.eu\/et\/wp-json\/wp\/v2\/types\/page"}],"author":[{"embeddable":true,"href":"https:\/\/heleianestalzibo.eu\/et\/wp-json\/wp\/v2\/users\/2"}],"replies":[{"embeddable":true,"href":"https:\/\/heleianestalzibo.eu\/et\/wp-json\/wp\/v2\/comments?post=101"}],"version-history":[{"count":9,"href":"https:\/\/heleianestalzibo.eu\/et\/wp-json\/wp\/v2\/pages\/101\/revisions"}],"predecessor-version":[{"id":1056,"href":"https:\/\/heleianestalzibo.eu\/et\/wp-json\/wp\/v2\/pages\/101\/revisions\/1056"}],"wp:attachment":[{"href":"https:\/\/heleianestalzibo.eu\/et\/wp-json\/wp\/v2\/media?parent=101"}],"curies":[{"name":"wp","href":"https:\/\/api.w.org\/{rel}","templated":true}]}}