{"id":109,"date":"2019-10-06T16:56:02","date_gmt":"2019-10-06T14:56:02","guid":{"rendered":"https:\/\/heleianestalzibo.eu\/?page_id=109"},"modified":"2025-09-17T18:27:02","modified_gmt":"2025-09-17T16:27:02","slug":"kulmude-tostmine-ja-otsmiku-tostmine","status":"publish","type":"page","link":"https:\/\/heleianestalzibo.eu\/et\/kulmude-tostmine-ja-otsmiku-tostmine\/","title":{"rendered":"Kulmude ja otsmiku t\u00f5stmine"},"content":{"rendered":"\n<h2 class=\"wp-block-heading\">Mis on kulmude ja otsmiku t\u00f5stmine?<\/h2>\n\n\n\n<p>Kulmude ja otsmiku t\u00f5stmine on operatsioon, millega korrigeeritakse allavajunud kulme ja silutakse lauba kortse. Protseduuri eesm\u00e4rk on anda n\u00e4ole v\u00e4rskem ja noorem ilme ning avardada silmade \u00fcmbrust.<\/p>\n\n\n\n<ul class=\"wp-block-list\">\n<li><p dir=\"ltr\" style=\"line-height: 1.38; margin-top: 12pt; margin-bottom: 0pt;\" role=\"presentation\">Kulmude t\u00f5stmisega asetatakse allavajunud kulmud tagasi loomlikule k\u00f5rgusele.<\/p><\/li>\n\n\n\n<li><p dir=\"ltr\" style=\"line-height: 1.38; margin-top: 12pt; margin-bottom: 0pt;\" role=\"presentation\">Otsmiku t\u00f5stmisega silutakse kogu laubal olevaid horisontaalseid kortse ja samuti t\u00f5stetakse allavajunud kulme, mis v\u00f5ivad muuta n\u00e4oilme v\u00e4sinuks, kurvaks v\u00f5i rangeks.<\/p><\/li>\n<\/ul>\n\n\n\n<p>Tulemuseks on v\u00e4rske, avatud ja nooruslik v\u00e4limus.<\/p>\n\n\n\n<p><\/p>\n\n\n\n<h3 class=\"wp-block-heading\">Kellele protseduur sobib?<\/h3>\n\n\n\n<p>Protseduur sobib patsientidele, kellel esineb:<\/p>\n\n\n\n<ul class=\"wp-block-list\">\n<li><p dir=\"ltr\" style=\"line-height: 1.38; margin-top: 12pt; margin-bottom: 0pt;\" role=\"presentation\">allavajunud kulmud, mis muudavad n\u00e4oilme kurvaks v\u00f5i v\u00e4sinuks;<\/p><\/li>\n\n\n\n<li>raske ja allavajunud otsmiku nahk nina juure piirkonnas<\/li>\n\n\n\n<li><p dir=\"ltr\" style=\"line-height: 1.38; margin-top: 12pt; margin-bottom: 0pt;\" role=\"presentation\">s\u00fcgavad otsmiku kortsud ja lauba joone s\u00fcvenemine;<\/p><\/li>\n\n\n\n<li><p dir=\"ltr\" style=\"line-height: 1.38; margin-top: 12pt; margin-bottom: 0pt;\" role=\"presentation\">soov parandada n\u00e4o \u00fclemise kolmandiku proportsioone ja v\u00e4ljendusrikkust.<\/p><\/li>\n<\/ul>\n\n\n\n<h3 class=\"wp-block-heading\">Kuidas protseduur toimub?<\/h3>\n\n\n\n<ul class=\"wp-block-list\">\n<li><p dir=\"ltr\" style=\"line-height: 1.38; margin-top: 12pt; margin-bottom: 0pt;\" role=\"presentation\">Operatsioon tehakse v\u00e4ikeste l\u00f5igete kaudu juuksepiiri taga, mis j\u00e4tab armid m\u00e4rkamatuks.<\/p><\/li>\n\n\n\n<li><p dir=\"ltr\" style=\"line-height: 1.38; margin-top: 12pt; margin-bottom: 0pt;\" role=\"presentation\">Nahk ja pehmed koed vabastatakse ning pingutatakse, et eemaldada otsmiku kortsud ja t\u00f5sta kulmud loomulikule positsioonile.<\/p><\/li>\n\n\n\n<li><p dir=\"ltr\" style=\"line-height: 1.38; margin-top: 12pt; margin-bottom: 0pt;\" role=\"presentation\"><span style=\"font-size: revert; letter-spacing: -0.1px;\">Vajadusel saab protseduuri kombineerida teiste n\u00e4o esteetiliste operatsioonidega, n\u00e4iteks laugude plastikaga.<\/span><\/p><\/li>\n<\/ul>\n\n\n\n<h3 class=\"wp-block-heading\">Taastumine ja tulemused<\/h3>\n\n\n\n<ul class=\"wp-block-list\">\n<li><p dir=\"ltr\" style=\"line-height: 1.38; margin-top: 12pt; margin-bottom: 0pt;\" role=\"presentation\">\u00d5mblused eemaldatakse 10\u201314 p\u00e4eva p\u00e4rast operatsiooni.<\/p><\/li>\n\n\n\n<li><p dir=\"ltr\" style=\"line-height: 1.38; margin-top: 12pt; margin-bottom: 0pt;\" role=\"presentation\">Haavad paranevad tavaliselt kiiresti ja armid j\u00e4\u00e4vad peidetuks juuste sisse.<\/p><\/li>\n\n\n\n<li><p dir=\"ltr\" style=\"line-height: 1.38; margin-top: 12pt; margin-bottom: 0pt;\" role=\"presentation\">Esmased tursed ja verevalumid m\u00f6\u00f6duvad paari n\u00e4dala jooksul.<\/p><\/li>\n\n\n\n<li><p dir=\"ltr\" style=\"line-height: 1.38; margin-top: 12pt; margin-bottom: 0pt;\" role=\"presentation\">Tulemusena muutub n\u00e4oilme v\u00e4rskemaks, nooruslikumaks ja s\u00f5bralikumaks.<\/p><br><\/li>\n<\/ul>\n\n\n\n<p><\/p>\n\n\n\n<div class=\"wp-block-buttons is-content-justification-center is-layout-flex wp-container-core-buttons-is-layout-a89b3969 wp-block-buttons-is-layout-flex\">\n<div class=\"wp-block-button\"><a class=\"wp-block-button__link wp-element-button\" href=\"https:\/\/www.confido.ee\/info-ja-kontaktid\/meie-inimesed\/dr-heleia-nestal-zibo\/\">Tule konsultatsioonile<\/a><\/div>\n<\/div>\n","protected":false},"excerpt":{"rendered":"<p>Mis on kulmude ja otsmiku t\u00f5stmine? Kulmude ja otsmiku t\u00f5stmine on operatsioon, millega korrigeeritakse allavajunud kulme ja silutakse lauba kortse. Protseduuri eesm\u00e4rk on anda n\u00e4ole v\u00e4rskem ja noorem ilme ning avardada silmade \u00fcmbrust. Tulemuseks on v\u00e4rske, avatud ja nooruslik v\u00e4limus. Kellele protseduur sobib? Protseduur sobib patsientidele, kellel esineb: Kuidas protseduur toimub? Taastumine ja tulemused<\/p>\n","protected":false},"author":2,"featured_media":0,"parent":0,"menu_order":0,"comment_status":"closed","ping_status":"closed","template":"","meta":{"footnotes":""},"class_list":["post-109","page","type-page","status-publish","hentry"],"yoast_head":"<!-- This site is optimized with the Yoast SEO plugin v25.9 - https:\/\/yoast.com\/wordpress\/plugins\/seo\/ -->\n<title>Kulmude ja otsmiku t\u00f5stmine Heleia Nestal Zibo - %<\/title>\n<meta name=\"description\" content=\"Kulmude ja otsmiku t\u00f5stmine v\u00f5ib kohandada n\u00e4omiimika jooned ning elimineerida vananemise tunnused n\u00e4o \u00fclemises kolmandikus.\" \/>\n<meta name=\"robots\" content=\"index, follow, max-snippet:-1, max-image-preview:large, max-video-preview:-1\" \/>\n<link rel=\"canonical\" href=\"https:\/\/heleianestalzibo.eu\/et\/kulmude-tostmine-ja-otsmiku-tostmine\/\" \/>\n<meta property=\"og:locale\" content=\"et_EE\" \/>\n<meta property=\"og:type\" content=\"article\" \/>\n<meta property=\"og:title\" content=\"Kulmude ja otsmiku t\u00f5stmine Heleia Nestal Zibo - %\" \/>\n<meta property=\"og:description\" content=\"Kulmude ja otsmiku t\u00f5stmine v\u00f5ib kohandada n\u00e4omiimika jooned ning elimineerida vananemise tunnused n\u00e4o \u00fclemises kolmandikus.\" \/>\n<meta property=\"og:url\" content=\"https:\/\/heleianestalzibo.eu\/et\/kulmude-tostmine-ja-otsmiku-tostmine\/\" \/>\n<meta property=\"og:site_name\" content=\"Heleia Nestal Zibo\" \/>\n<meta property=\"article:modified_time\" content=\"2025-09-17T16:27:02+00:00\" \/>\n<meta name=\"twitter:card\" content=\"summary_large_image\" \/>\n<meta name=\"twitter:label1\" content=\"Est. reading time\" \/>\n\t<meta name=\"twitter:data1\" content=\"1 minut\" \/>\n<script type=\"application\/ld+json\" class=\"yoast-schema-graph\">{\"@context\":\"https:\/\/schema.org\",\"@graph\":[{\"@type\":\"WebPage\",\"@id\":\"https:\/\/heleianestalzibo.eu\/et\/kulmude-tostmine-ja-otsmiku-tostmine\/\",\"url\":\"https:\/\/heleianestalzibo.eu\/et\/kulmude-tostmine-ja-otsmiku-tostmine\/\",\"name\":\"Kulmude ja otsmiku t\u00f5stmine Heleia Nestal Zibo - %\",\"isPartOf\":{\"@id\":\"https:\/\/heleianestalzibo.eu\/#website\"},\"datePublished\":\"2019-10-06T14:56:02+00:00\",\"dateModified\":\"2025-09-17T16:27:02+00:00\",\"description\":\"Kulmude ja otsmiku t\u00f5stmine v\u00f5ib kohandada n\u00e4omiimika jooned ning elimineerida vananemise tunnused n\u00e4o \u00fclemises kolmandikus.\",\"breadcrumb\":{\"@id\":\"https:\/\/heleianestalzibo.eu\/et\/kulmude-tostmine-ja-otsmiku-tostmine\/#breadcrumb\"},\"inLanguage\":\"et\",\"potentialAction\":[{\"@type\":\"ReadAction\",\"target\":[\"https:\/\/heleianestalzibo.eu\/et\/kulmude-tostmine-ja-otsmiku-tostmine\/\"]}]},{\"@type\":\"BreadcrumbList\",\"@id\":\"https:\/\/heleianestalzibo.eu\/et\/kulmude-tostmine-ja-otsmiku-tostmine\/#breadcrumb\",\"itemListElement\":[{\"@type\":\"ListItem\",\"position\":1,\"name\":\"Home\",\"item\":\"https:\/\/heleianestalzibo.eu\/\"},{\"@type\":\"ListItem\",\"position\":2,\"name\":\"Kulmude ja otsmiku t\u00f5stmine\"}]},{\"@type\":\"WebSite\",\"@id\":\"https:\/\/heleianestalzibo.eu\/#website\",\"url\":\"https:\/\/heleianestalzibo.eu\/\",\"name\":\"Heleia Nestal Zibo\",\"description\":\"Kolju- ja n&auml;okirurg\",\"publisher\":{\"@id\":\"https:\/\/heleianestalzibo.eu\/#\/schema\/person\/0d02ef88bc0fa1398e9263e383a51584\"},\"potentialAction\":[{\"@type\":\"SearchAction\",\"target\":{\"@type\":\"EntryPoint\",\"urlTemplate\":\"https:\/\/heleianestalzibo.eu\/?s={search_term_string}\"},\"query-input\":{\"@type\":\"PropertyValueSpecification\",\"valueRequired\":true,\"valueName\":\"search_term_string\"}}],\"inLanguage\":\"et\"},{\"@type\":[\"Person\",\"Organization\"],\"@id\":\"https:\/\/heleianestalzibo.eu\/#\/schema\/person\/0d02ef88bc0fa1398e9263e383a51584\",\"name\":\"hnz\",\"logo\":{\"@id\":\"https:\/\/heleianestalzibo.eu\/#\/schema\/person\/image\/\"}}]}<\/script>\n<!-- \/ Yoast SEO plugin. -->","yoast_head_json":{"title":"Kulmude ja otsmiku t\u00f5stmine Heleia Nestal Zibo - %","description":"Kulmude ja otsmiku t\u00f5stmine v\u00f5ib kohandada n\u00e4omiimika jooned ning elimineerida vananemise tunnused n\u00e4o \u00fclemises kolmandikus.","robots":{"index":"index","follow":"follow","max-snippet":"max-snippet:-1","max-image-preview":"max-image-preview:large","max-video-preview":"max-video-preview:-1"},"canonical":"https:\/\/heleianestalzibo.eu\/et\/kulmude-tostmine-ja-otsmiku-tostmine\/","og_locale":"et_EE","og_type":"article","og_title":"Kulmude ja otsmiku t\u00f5stmine Heleia Nestal Zibo - %","og_description":"Kulmude ja otsmiku t\u00f5stmine v\u00f5ib kohandada n\u00e4omiimika jooned ning elimineerida vananemise tunnused n\u00e4o \u00fclemises kolmandikus.","og_url":"https:\/\/heleianestalzibo.eu\/et\/kulmude-tostmine-ja-otsmiku-tostmine\/","og_site_name":"Heleia Nestal Zibo","article_modified_time":"2025-09-17T16:27:02+00:00","twitter_card":"summary_large_image","twitter_misc":{"Est. reading time":"1 minut"},"schema":{"@context":"https:\/\/schema.org","@graph":[{"@type":"WebPage","@id":"https:\/\/heleianestalzibo.eu\/et\/kulmude-tostmine-ja-otsmiku-tostmine\/","url":"https:\/\/heleianestalzibo.eu\/et\/kulmude-tostmine-ja-otsmiku-tostmine\/","name":"Kulmude ja otsmiku t\u00f5stmine Heleia Nestal Zibo - %","isPartOf":{"@id":"https:\/\/heleianestalzibo.eu\/#website"},"datePublished":"2019-10-06T14:56:02+00:00","dateModified":"2025-09-17T16:27:02+00:00","description":"Kulmude ja otsmiku t\u00f5stmine v\u00f5ib kohandada n\u00e4omiimika jooned ning elimineerida vananemise tunnused n\u00e4o \u00fclemises kolmandikus.","breadcrumb":{"@id":"https:\/\/heleianestalzibo.eu\/et\/kulmude-tostmine-ja-otsmiku-tostmine\/#breadcrumb"},"inLanguage":"et","potentialAction":[{"@type":"ReadAction","target":["https:\/\/heleianestalzibo.eu\/et\/kulmude-tostmine-ja-otsmiku-tostmine\/"]}]},{"@type":"BreadcrumbList","@id":"https:\/\/heleianestalzibo.eu\/et\/kulmude-tostmine-ja-otsmiku-tostmine\/#breadcrumb","itemListElement":[{"@type":"ListItem","position":1,"name":"Home","item":"https:\/\/heleianestalzibo.eu\/"},{"@type":"ListItem","position":2,"name":"Kulmude ja otsmiku t\u00f5stmine"}]},{"@type":"WebSite","@id":"https:\/\/heleianestalzibo.eu\/#website","url":"https:\/\/heleianestalzibo.eu\/","name":"Heleia Nestal Zibo","description":"Kolju- ja n&auml;okirurg","publisher":{"@id":"https:\/\/heleianestalzibo.eu\/#\/schema\/person\/0d02ef88bc0fa1398e9263e383a51584"},"potentialAction":[{"@type":"SearchAction","target":{"@type":"EntryPoint","urlTemplate":"https:\/\/heleianestalzibo.eu\/?s={search_term_string}"},"query-input":{"@type":"PropertyValueSpecification","valueRequired":true,"valueName":"search_term_string"}}],"inLanguage":"et"},{"@type":["Person","Organization"],"@id":"https:\/\/heleianestalzibo.eu\/#\/schema\/person\/0d02ef88bc0fa1398e9263e383a51584","name":"hnz","logo":{"@id":"https:\/\/heleianestalzibo.eu\/#\/schema\/person\/image\/"}}]}},"rttpg_featured_image_url":null,"rttpg_author":{"display_name":"J K","author_link":"https:\/\/heleianestalzibo.eu\/et\/author\/jcrist\/"},"rttpg_comment":0,"rttpg_category":null,"rttpg_excerpt":"Mis on kulmude ja otsmiku t\u00f5stmine? Kulmude ja otsmiku t\u00f5stmine on operatsioon, millega korrigeeritakse allavajunud kulme ja silutakse lauba kortse. Protseduuri eesm\u00e4rk on anda n\u00e4ole v\u00e4rskem ja noorem ilme ning avardada silmade \u00fcmbrust. Tulemuseks on v\u00e4rske, avatud ja nooruslik v\u00e4limus. Kellele protseduur sobib? Protseduur sobib patsientidele, kellel esineb: Kuidas protseduur toimub? Taastumine ja tulemused","_links":{"self":[{"href":"https:\/\/heleianestalzibo.eu\/et\/wp-json\/wp\/v2\/pages\/109","targetHints":{"allow":["GET"]}}],"collection":[{"href":"https:\/\/heleianestalzibo.eu\/et\/wp-json\/wp\/v2\/pages"}],"about":[{"href":"https:\/\/heleianestalzibo.eu\/et\/wp-json\/wp\/v2\/types\/page"}],"author":[{"embeddable":true,"href":"https:\/\/heleianestalzibo.eu\/et\/wp-json\/wp\/v2\/users\/2"}],"replies":[{"embeddable":true,"href":"https:\/\/heleianestalzibo.eu\/et\/wp-json\/wp\/v2\/comments?post=109"}],"version-history":[{"count":10,"href":"https:\/\/heleianestalzibo.eu\/et\/wp-json\/wp\/v2\/pages\/109\/revisions"}],"predecessor-version":[{"id":1055,"href":"https:\/\/heleianestalzibo.eu\/et\/wp-json\/wp\/v2\/pages\/109\/revisions\/1055"}],"wp:attachment":[{"href":"https:\/\/heleianestalzibo.eu\/et\/wp-json\/wp\/v2\/media?parent=109"}],"curies":[{"name":"wp","href":"https:\/\/api.w.org\/{rel}","templated":true}]}}