{"id":113,"date":"2019-10-06T16:56:45","date_gmt":"2019-10-06T14:56:45","guid":{"rendered":"https:\/\/heleianestalzibo.eu\/?page_id=113"},"modified":"2025-09-17T18:30:46","modified_gmt":"2025-09-17T16:30:46","slug":"korvalesta-plastika","status":"publish","type":"page","link":"https:\/\/heleianestalzibo.eu\/et\/korvalesta-plastika\/","title":{"rendered":"Otoplastika ehk k\u00f5rvalesta plastika"},"content":{"rendered":"\n<p>Otoplastika (k\u00f5rvalesta plastika) on kosmeetiline operatsioon, millega korrigeeritakse liiga suuri, peast eemale hoidvaid v\u00f5i ebas\u00fcmmeetrilisi k\u00f5rvalesti. Protseduur aitab saavutada loomulikumad proportsioonid ja harmoonilise n\u00e4oilme. K\u00f5rvalesta plastikat saab teostada alates 5. eluaastast.<\/p>\n\n\n\n<h3 class=\"wp-block-heading\">Kellele protseduur sobib?<\/h3>\n\n\n\n<p>K\u00f5rvalesta plastika on sobiv patsientidele, kes soovivad:<\/p>\n\n\n\n<ul class=\"wp-block-list\">\n<li><p dir=\"ltr\" style=\"line-height: 1.38; margin-top: 12pt; margin-bottom: 0pt;\" role=\"presentation\">v\u00e4hendada liiga suuri k\u00f5rvalesti,<\/p><\/li>\n\n\n\n<li><p dir=\"ltr\" style=\"line-height: 1.38; margin-top: 12pt; margin-bottom: 0pt;\" role=\"presentation\">tuua peast eemale hoidvad k\u00f5rvad n\u00e4ole l\u00e4hemale,<\/p><\/li>\n\n\n\n<li><p dir=\"ltr\" style=\"line-height: 1.38; margin-top: 12pt; margin-bottom: 0pt;\" role=\"presentation\">korrigeerida ebas\u00fcmmeetrilisi k\u00f5rvalesti,<\/p><\/li>\n\n\n\n<li><p dir=\"ltr\" style=\"line-height: 1.38; margin-top: 12pt; margin-bottom: 0pt;\" role=\"presentation\">parandada oma v\u00e4limusega seotud enesekindlust.<\/p><\/li>\n<\/ul>\n\n\n\n<p><\/p>\n\n\n\n<h3 class=\"wp-block-heading\">Kuidas protseduur toimub?<\/h3>\n\n\n\n<ul class=\"wp-block-list\">\n<li><p dir=\"ltr\" style=\"line-height: 1.38; margin-top: 12pt; margin-bottom: 0pt;\" role=\"presentation\">Operatsioon tehakse v\u00e4ikeste l\u00f5igete kaudu k\u00f5rva tagumises piirkonnas, loomulikus nahavoldis.<\/p><\/li>\n\n\n\n<li><p dir=\"ltr\" style=\"line-height: 1.38; margin-top: 12pt; margin-bottom: 0pt;\" role=\"presentation\">K\u00f5hre kuju muudetakse ning k\u00f5rvalest asetatakse soovitud asendisse.<\/p><\/li>\n\n\n\n<li><p dir=\"ltr\" style=\"line-height: 1.38; margin-top: 12pt; margin-bottom: 0pt;\" role=\"presentation\">P\u00e4rast haava paranemist j\u00e4\u00e4b k\u00f5rva taha vaid peenike ja vaevum\u00e4rgatav arm.<\/p><\/li>\n<\/ul>\n\n\n\n<p><\/p>\n\n\n\n<h3 class=\"wp-block-heading\">Taastumine ja tulemused<\/h3>\n\n\n\n<ul class=\"wp-block-list\">\n<li><p dir=\"ltr\" style=\"line-height: 1.38; margin-top: 12pt; margin-bottom: 0pt;\" role=\"presentation\">P\u00e4rast operatsiooni asetatakse r\u00f5hkside, mis aitab k\u00f5rvalesta hoida \u00f5iges asendis.<\/p><\/li>\n\n\n\n<li><p dir=\"ltr\" style=\"line-height: 1.38; margin-top: 12pt; margin-bottom: 0pt;\" role=\"presentation\">Valu ja verevalumid on \u00fcldiselt minimaalsed.<\/p><\/li>\n\n\n\n<li><p dir=\"ltr\" style=\"line-height: 1.38; margin-top: 12pt; margin-bottom: 0pt;\" role=\"presentation\">Enamik patsiente saab naasta igap\u00e4evaellu 5\u20137 p\u00e4eva p\u00e4rast operatsiooni.<\/p><\/li>\n\n\n\n<li><p dir=\"ltr\" style=\"line-height: 1.38; margin-top: 12pt; margin-bottom: 0pt;\" role=\"presentation\">Tulemusena muutuvad k\u00f5rvad proportsionaalseks ja n\u00e4oilme tasakaalustatumaks.<\/p><br><\/li>\n<\/ul>\n\n\n\n<div class=\"wp-block-buttons is-content-justification-center is-layout-flex wp-container-core-buttons-is-layout-a89b3969 wp-block-buttons-is-layout-flex\">\n<div class=\"wp-block-button\"><a class=\"wp-block-button__link wp-element-button\" href=\"https:\/\/www.confido.ee\/info-ja-kontaktid\/meie-inimesed\/dr-heleia-nestal-zibo\/\">Tule konsultatsioonile<\/a><\/div>\n<\/div>\n\n\n\n<p><\/p>\n","protected":false},"excerpt":{"rendered":"<p>Otoplastika (k\u00f5rvalesta plastika) on kosmeetiline operatsioon, millega korrigeeritakse liiga suuri, peast eemale hoidvaid v\u00f5i ebas\u00fcmmeetrilisi k\u00f5rvalesti. Protseduur aitab saavutada loomulikumad proportsioonid ja harmoonilise n\u00e4oilme. K\u00f5rvalesta plastikat saab teostada alates 5. eluaastast. Kellele protseduur sobib? K\u00f5rvalesta plastika on sobiv patsientidele, kes soovivad: Kuidas protseduur toimub? Taastumine ja tulemused<\/p>\n","protected":false},"author":2,"featured_media":0,"parent":0,"menu_order":0,"comment_status":"closed","ping_status":"closed","template":"","meta":{"footnotes":""},"class_list":["post-113","page","type-page","status-publish","hentry"],"yoast_head":"<!-- This site is optimized with the Yoast SEO plugin v25.9 - https:\/\/yoast.com\/wordpress\/plugins\/seo\/ -->\n<title>Otoplastika ehk k\u00f5rvalesta plastika - Heleia Nestal Zibo<\/title>\n<meta name=\"description\" content=\"K\u00f5rvalesta plastika on operatsioon, mis on m\u00f5eldud suurte k\u00f5rvalestade, peast eemale asetsevate v\u00f5i ebas\u00fcmmeetriliste k\u00f5rvalestade korrektsiooniks.\" \/>\n<meta name=\"robots\" content=\"index, follow, max-snippet:-1, max-image-preview:large, max-video-preview:-1\" \/>\n<link rel=\"canonical\" href=\"https:\/\/heleianestalzibo.eu\/et\/korvalesta-plastika\/\" \/>\n<meta property=\"og:locale\" content=\"et_EE\" \/>\n<meta property=\"og:type\" content=\"article\" \/>\n<meta property=\"og:title\" content=\"Otoplastika ehk k\u00f5rvalesta plastika - Heleia Nestal Zibo\" \/>\n<meta property=\"og:description\" content=\"K\u00f5rvalesta plastika on operatsioon, mis on m\u00f5eldud suurte k\u00f5rvalestade, peast eemale asetsevate v\u00f5i ebas\u00fcmmeetriliste k\u00f5rvalestade korrektsiooniks.\" \/>\n<meta property=\"og:url\" content=\"https:\/\/heleianestalzibo.eu\/et\/korvalesta-plastika\/\" \/>\n<meta property=\"og:site_name\" content=\"Heleia Nestal Zibo\" \/>\n<meta property=\"article:modified_time\" content=\"2025-09-17T16:30:46+00:00\" \/>\n<meta name=\"twitter:card\" content=\"summary_large_image\" \/>\n<meta name=\"twitter:label1\" content=\"Est. reading time\" \/>\n\t<meta name=\"twitter:data1\" content=\"1 minut\" \/>\n<script type=\"application\/ld+json\" class=\"yoast-schema-graph\">{\"@context\":\"https:\/\/schema.org\",\"@graph\":[{\"@type\":\"WebPage\",\"@id\":\"https:\/\/heleianestalzibo.eu\/et\/korvalesta-plastika\/\",\"url\":\"https:\/\/heleianestalzibo.eu\/et\/korvalesta-plastika\/\",\"name\":\"Otoplastika ehk k\u00f5rvalesta plastika - Heleia Nestal Zibo\",\"isPartOf\":{\"@id\":\"https:\/\/heleianestalzibo.eu\/#website\"},\"datePublished\":\"2019-10-06T14:56:45+00:00\",\"dateModified\":\"2025-09-17T16:30:46+00:00\",\"description\":\"K\u00f5rvalesta plastika on operatsioon, mis on m\u00f5eldud suurte k\u00f5rvalestade, peast eemale asetsevate v\u00f5i ebas\u00fcmmeetriliste k\u00f5rvalestade korrektsiooniks.\",\"breadcrumb\":{\"@id\":\"https:\/\/heleianestalzibo.eu\/et\/korvalesta-plastika\/#breadcrumb\"},\"inLanguage\":\"et\",\"potentialAction\":[{\"@type\":\"ReadAction\",\"target\":[\"https:\/\/heleianestalzibo.eu\/et\/korvalesta-plastika\/\"]}]},{\"@type\":\"BreadcrumbList\",\"@id\":\"https:\/\/heleianestalzibo.eu\/et\/korvalesta-plastika\/#breadcrumb\",\"itemListElement\":[{\"@type\":\"ListItem\",\"position\":1,\"name\":\"Home\",\"item\":\"https:\/\/heleianestalzibo.eu\/\"},{\"@type\":\"ListItem\",\"position\":2,\"name\":\"Otoplastika ehk k\u00f5rvalesta plastika\"}]},{\"@type\":\"WebSite\",\"@id\":\"https:\/\/heleianestalzibo.eu\/#website\",\"url\":\"https:\/\/heleianestalzibo.eu\/\",\"name\":\"Heleia Nestal Zibo\",\"description\":\"Kolju- ja n&auml;okirurg\",\"publisher\":{\"@id\":\"https:\/\/heleianestalzibo.eu\/#\/schema\/person\/0d02ef88bc0fa1398e9263e383a51584\"},\"potentialAction\":[{\"@type\":\"SearchAction\",\"target\":{\"@type\":\"EntryPoint\",\"urlTemplate\":\"https:\/\/heleianestalzibo.eu\/?s={search_term_string}\"},\"query-input\":{\"@type\":\"PropertyValueSpecification\",\"valueRequired\":true,\"valueName\":\"search_term_string\"}}],\"inLanguage\":\"et\"},{\"@type\":[\"Person\",\"Organization\"],\"@id\":\"https:\/\/heleianestalzibo.eu\/#\/schema\/person\/0d02ef88bc0fa1398e9263e383a51584\",\"name\":\"hnz\",\"logo\":{\"@id\":\"https:\/\/heleianestalzibo.eu\/#\/schema\/person\/image\/\"}}]}<\/script>\n<!-- \/ Yoast SEO plugin. -->","yoast_head_json":{"title":"Otoplastika ehk k\u00f5rvalesta plastika - Heleia Nestal Zibo","description":"K\u00f5rvalesta plastika on operatsioon, mis on m\u00f5eldud suurte k\u00f5rvalestade, peast eemale asetsevate v\u00f5i ebas\u00fcmmeetriliste k\u00f5rvalestade korrektsiooniks.","robots":{"index":"index","follow":"follow","max-snippet":"max-snippet:-1","max-image-preview":"max-image-preview:large","max-video-preview":"max-video-preview:-1"},"canonical":"https:\/\/heleianestalzibo.eu\/et\/korvalesta-plastika\/","og_locale":"et_EE","og_type":"article","og_title":"Otoplastika ehk k\u00f5rvalesta plastika - Heleia Nestal Zibo","og_description":"K\u00f5rvalesta plastika on operatsioon, mis on m\u00f5eldud suurte k\u00f5rvalestade, peast eemale asetsevate v\u00f5i ebas\u00fcmmeetriliste k\u00f5rvalestade korrektsiooniks.","og_url":"https:\/\/heleianestalzibo.eu\/et\/korvalesta-plastika\/","og_site_name":"Heleia Nestal Zibo","article_modified_time":"2025-09-17T16:30:46+00:00","twitter_card":"summary_large_image","twitter_misc":{"Est. reading time":"1 minut"},"schema":{"@context":"https:\/\/schema.org","@graph":[{"@type":"WebPage","@id":"https:\/\/heleianestalzibo.eu\/et\/korvalesta-plastika\/","url":"https:\/\/heleianestalzibo.eu\/et\/korvalesta-plastika\/","name":"Otoplastika ehk k\u00f5rvalesta plastika - Heleia Nestal Zibo","isPartOf":{"@id":"https:\/\/heleianestalzibo.eu\/#website"},"datePublished":"2019-10-06T14:56:45+00:00","dateModified":"2025-09-17T16:30:46+00:00","description":"K\u00f5rvalesta plastika on operatsioon, mis on m\u00f5eldud suurte k\u00f5rvalestade, peast eemale asetsevate v\u00f5i ebas\u00fcmmeetriliste k\u00f5rvalestade korrektsiooniks.","breadcrumb":{"@id":"https:\/\/heleianestalzibo.eu\/et\/korvalesta-plastika\/#breadcrumb"},"inLanguage":"et","potentialAction":[{"@type":"ReadAction","target":["https:\/\/heleianestalzibo.eu\/et\/korvalesta-plastika\/"]}]},{"@type":"BreadcrumbList","@id":"https:\/\/heleianestalzibo.eu\/et\/korvalesta-plastika\/#breadcrumb","itemListElement":[{"@type":"ListItem","position":1,"name":"Home","item":"https:\/\/heleianestalzibo.eu\/"},{"@type":"ListItem","position":2,"name":"Otoplastika ehk k\u00f5rvalesta plastika"}]},{"@type":"WebSite","@id":"https:\/\/heleianestalzibo.eu\/#website","url":"https:\/\/heleianestalzibo.eu\/","name":"Heleia Nestal Zibo","description":"Kolju- ja n&auml;okirurg","publisher":{"@id":"https:\/\/heleianestalzibo.eu\/#\/schema\/person\/0d02ef88bc0fa1398e9263e383a51584"},"potentialAction":[{"@type":"SearchAction","target":{"@type":"EntryPoint","urlTemplate":"https:\/\/heleianestalzibo.eu\/?s={search_term_string}"},"query-input":{"@type":"PropertyValueSpecification","valueRequired":true,"valueName":"search_term_string"}}],"inLanguage":"et"},{"@type":["Person","Organization"],"@id":"https:\/\/heleianestalzibo.eu\/#\/schema\/person\/0d02ef88bc0fa1398e9263e383a51584","name":"hnz","logo":{"@id":"https:\/\/heleianestalzibo.eu\/#\/schema\/person\/image\/"}}]}},"rttpg_featured_image_url":null,"rttpg_author":{"display_name":"J K","author_link":"https:\/\/heleianestalzibo.eu\/et\/author\/jcrist\/"},"rttpg_comment":0,"rttpg_category":null,"rttpg_excerpt":"Otoplastika (k\u00f5rvalesta plastika) on kosmeetiline operatsioon, millega korrigeeritakse liiga suuri, peast eemale hoidvaid v\u00f5i ebas\u00fcmmeetrilisi k\u00f5rvalesti. Protseduur aitab saavutada loomulikumad proportsioonid ja harmoonilise n\u00e4oilme. K\u00f5rvalesta plastikat saab teostada alates 5. eluaastast. Kellele protseduur sobib? K\u00f5rvalesta plastika on sobiv patsientidele, kes soovivad: Kuidas protseduur toimub? Taastumine ja tulemused","_links":{"self":[{"href":"https:\/\/heleianestalzibo.eu\/et\/wp-json\/wp\/v2\/pages\/113","targetHints":{"allow":["GET"]}}],"collection":[{"href":"https:\/\/heleianestalzibo.eu\/et\/wp-json\/wp\/v2\/pages"}],"about":[{"href":"https:\/\/heleianestalzibo.eu\/et\/wp-json\/wp\/v2\/types\/page"}],"author":[{"embeddable":true,"href":"https:\/\/heleianestalzibo.eu\/et\/wp-json\/wp\/v2\/users\/2"}],"replies":[{"embeddable":true,"href":"https:\/\/heleianestalzibo.eu\/et\/wp-json\/wp\/v2\/comments?post=113"}],"version-history":[{"count":7,"href":"https:\/\/heleianestalzibo.eu\/et\/wp-json\/wp\/v2\/pages\/113\/revisions"}],"predecessor-version":[{"id":1063,"href":"https:\/\/heleianestalzibo.eu\/et\/wp-json\/wp\/v2\/pages\/113\/revisions\/1063"}],"wp:attachment":[{"href":"https:\/\/heleianestalzibo.eu\/et\/wp-json\/wp\/v2\/media?parent=113"}],"curies":[{"name":"wp","href":"https:\/\/api.w.org\/{rel}","templated":true}]}}