{"id":133,"date":"2019-10-06T17:06:03","date_gmt":"2019-10-06T15:06:03","guid":{"rendered":"https:\/\/heleianestalzibo.eu\/?page_id=133"},"modified":"2025-10-18T12:41:53","modified_gmt":"2025-10-18T10:41:53","slug":"autoloogne-rasva-transplantatsioon","status":"publish","type":"page","link":"https:\/\/heleianestalzibo.eu\/et\/autoloogne-rasva-transplantatsioon\/","title":{"rendered":"Rasva siirdamine n\u00e4ole"},"content":{"rendered":"\n<h2 class=\"wp-block-heading\">Mis on autoloogne rasva transplantatsioon?<\/h2>\n\n\n\n<p>Autoloogne rasva transplantatsioon on protseduur, mille k\u00e4igus kasutatakse patsiendi enda rasvkude n\u00e4o pehmete kudede mahu taastamiseks v\u00f5i suurendamiseks. See aitab parandada n\u00e4o kontuuri, siluda kortse ja anda nooruslikuma v\u00e4limuse.<\/p>\n\n\n\n<p>N\u00e4o kontuur s\u00f5ltub mitte ainult luude ja lihaste ehitusest, vaid ka naha elastsusest ja selle all olevatest rasvapadjakestest. Vananedes rasvkoe maht v\u00e4heneb, mis v\u00f5ib p\u00f5hjustada kortsude s\u00fcvenemist ja n\u00e4o koontuuride kadumist.<\/p>\n\n\n\n<h3 class=\"wp-block-heading\">Kellele protseduur sobib?<\/h3>\n\n\n\n<p>Autoloogne rasva siirdamine sobib patsientidele, kes soovivad:<\/p>\n\n\n\n<ul class=\"wp-block-list\">\n<li><p dir=\"ltr\" style=\"line-height: 1.38; margin-top: 12pt; margin-bottom: 0pt;\" role=\"presentation\">taastada n\u00e4o kaotatud mahtu,<\/p><\/li>\n\n\n\n<li><p dir=\"ltr\" style=\"line-height: 1.38; margin-top: 12pt; margin-bottom: 0pt;\" role=\"presentation\">t\u00e4ita s\u00fcgavamaid kortse ja vagusid,<\/p><\/li>\n\n\n\n<li><p dir=\"ltr\" style=\"line-height: 1.38; margin-top: 12pt; margin-bottom: 0pt;\" role=\"presentation\">korrigeerida arme,<\/p><\/li>\n\n\n\n<li><p dir=\"ltr\" style=\"line-height: 1.38; margin-top: 12pt; margin-bottom: 0pt;\" role=\"presentation\">t\u00e4iendada n\u00e4o kontuure ja r\u00f5hutada n\u00e4o struktuure,<\/p><\/li>\n\n\n\n<li><p dir=\"ltr\" style=\"line-height: 1.38; margin-top: 12pt; margin-bottom: 0pt;\" role=\"presentation\">saavutada loomuliku ja p\u00fcsivama tulemuse kui t\u00e4ites\u00fcstidega.<\/p><\/li>\n<\/ul>\n\n\n\n<h3 class=\"wp-block-heading\">Kuidas protseduur toimub?<\/h3>\n\n\n\n<ul class=\"wp-block-list\">\n<li><p dir=\"ltr\" style=\"line-height: 1.38; margin-top: 12pt; margin-bottom: 0pt;\" role=\"presentation\">Rasv v\u00f5etakse patsiendi enda kehast, tavaliselt alak\u00f5hust v\u00f5i reiest.<\/p><\/li>\n\n\n\n<li><p dir=\"ltr\" style=\"line-height: 1.38; margin-top: 12pt; margin-bottom: 0pt;\" role=\"presentation\">Rasvarakud puhastatakse ja siirdatakse vajalikesse n\u00e4opiirkondadesse.<\/p><\/li>\n\n\n\n<li><p dir=\"ltr\" style=\"line-height: 1.38; margin-top: 12pt; margin-bottom: 0pt;\" role=\"presentation\">Kuna kasutatakse patsiendi oma kudesid, v\u00e4lditakse \u00e4rat\u00f5ukereaktsiooni.<\/p><\/li>\n\n\n\n<li><p dir=\"ltr\" style=\"line-height: 1.38; margin-top: 12pt; margin-bottom: 0pt;\" role=\"presentation\">Erinevalt t\u00e4ites\u00fcstidest ei vaja rasva siirdamine korduvaid protseduure, kuna suur osa siirdatud rakke j\u00e4\u00e4b ellu ja integreerub loomulikult.<\/p><\/li>\n<\/ul>\n\n\n\n<h3 class=\"wp-block-heading\">Taastumine ja tulemused<\/h3>\n\n\n\n<ul class=\"wp-block-list\">\n<li><p dir=\"ltr\" style=\"line-height: 1.38; margin-top: 12pt; margin-bottom: 0pt;\" role=\"presentation\">Operatsioonij\u00e4rgselt v\u00f5ib esineda m\u00f5\u00f5dukas turse ja verevalumid, mis m\u00f6\u00f6duvad m\u00f5ne n\u00e4dala jooksul.<\/p><\/li>\n\n\n\n<li><p dir=\"ltr\" style=\"line-height: 1.38; margin-top: 12pt; margin-bottom: 0pt;\" role=\"presentation\">Kuna rasv on oma keha kude, n\u00e4eb tulemus v\u00e4lja loomulik ja p\u00fcsib kaua.<\/p><\/li>\n\n\n\n<li><p dir=\"ltr\" style=\"line-height: 1.38; margin-top: 12pt; margin-bottom: 0pt;\" role=\"presentation\">L\u00f5pptulemus on nooruslikum ja t\u00e4idlasem n\u00e4o kontuur.<\/p><br><\/li>\n<\/ul>\n\n\n\n<div class=\"wp-block-buttons is-content-justification-center is-layout-flex wp-container-core-buttons-is-layout-a89b3969 wp-block-buttons-is-layout-flex\">\n<div class=\"wp-block-button\"><a class=\"wp-block-button__link wp-element-button\" href=\"https:\/\/www.confido.ee\/info-ja-kontaktid\/meie-inimesed\/dr-heleia-nestal-zibo\/\">Tule konsultatsioonile<\/a><\/div>\n<\/div>\n\n\n\n<figure class=\"wp-block-image\"><img decoding=\"async\" src=\"https:\/\/heleianestalzibo.eu\/wp-content\/uploads\/2019\/11\/Fat-Grafting-Stages-of-Facial-Fat-Loss.png\" alt=\"\"\/><\/figure>\n\n\n\n<p><\/p>\n\n\n\n<figure class=\"wp-block-image\"><img decoding=\"async\" src=\"https:\/\/heleianestalzibo.eu\/wp-content\/uploads\/2019\/11\/Fat-Injection-2.jpg\" alt=\"\"\/><\/figure>\n\n\n\n<p><\/p>\n","protected":false},"excerpt":{"rendered":"<p>Mis on autoloogne rasva transplantatsioon? Autoloogne rasva transplantatsioon on protseduur, mille k\u00e4igus kasutatakse patsiendi enda rasvkude n\u00e4o pehmete kudede mahu taastamiseks v\u00f5i suurendamiseks. See aitab parandada n\u00e4o kontuuri, siluda kortse ja anda nooruslikuma v\u00e4limuse. N\u00e4o kontuur s\u00f5ltub mitte ainult luude ja lihaste ehitusest, vaid ka naha elastsusest ja selle all olevatest rasvapadjakestest. Vananedes rasvkoe maht [&hellip;]<\/p>\n","protected":false},"author":2,"featured_media":0,"parent":0,"menu_order":0,"comment_status":"closed","ping_status":"closed","template":"","meta":{"footnotes":""},"class_list":["post-133","page","type-page","status-publish","hentry"],"yoast_head":"<!-- This site is optimized with the Yoast SEO plugin v25.9 - https:\/\/yoast.com\/wordpress\/plugins\/seo\/ -->\n<title>Autoloogne rasva transplantatsioon Heleia Nestal Zibo<\/title>\n<meta name=\"description\" content=\"Autoloogne rasva transplantatsioon: kasutatakse erinevatel n\u00e4idustustel, n\u00e4o kortsude ja vagude t\u00e4itmine, armide korrektsioon...\" \/>\n<meta name=\"robots\" content=\"index, follow, max-snippet:-1, max-image-preview:large, max-video-preview:-1\" \/>\n<link rel=\"canonical\" href=\"https:\/\/heleianestalzibo.eu\/et\/autoloogne-rasva-transplantatsioon\/\" \/>\n<meta property=\"og:locale\" content=\"et_EE\" \/>\n<meta property=\"og:type\" content=\"article\" \/>\n<meta property=\"og:title\" content=\"Autoloogne rasva transplantatsioon Heleia Nestal Zibo\" \/>\n<meta property=\"og:description\" content=\"Autoloogne rasva transplantatsioon: kasutatakse erinevatel n\u00e4idustustel, n\u00e4o kortsude ja vagude t\u00e4itmine, armide korrektsioon...\" \/>\n<meta property=\"og:url\" content=\"https:\/\/heleianestalzibo.eu\/et\/autoloogne-rasva-transplantatsioon\/\" \/>\n<meta property=\"og:site_name\" content=\"Heleia Nestal Zibo\" \/>\n<meta property=\"article:modified_time\" content=\"2025-10-18T10:41:53+00:00\" \/>\n<meta property=\"og:image\" content=\"https:\/\/heleianestalzibo.eu\/wp-content\/uploads\/2019\/11\/Fat-Grafting-Stages-of-Facial-Fat-Loss.png\" \/>\n<meta name=\"twitter:card\" content=\"summary_large_image\" \/>\n<meta name=\"twitter:label1\" content=\"Est. reading time\" \/>\n\t<meta name=\"twitter:data1\" content=\"2 minutit\" \/>\n<script type=\"application\/ld+json\" class=\"yoast-schema-graph\">{\"@context\":\"https:\/\/schema.org\",\"@graph\":[{\"@type\":\"WebPage\",\"@id\":\"https:\/\/heleianestalzibo.eu\/autoloogne-rasva-transplantatsioon\/\",\"url\":\"https:\/\/heleianestalzibo.eu\/autoloogne-rasva-transplantatsioon\/\",\"name\":\"Autoloogne rasva transplantatsioon Heleia Nestal Zibo\",\"isPartOf\":{\"@id\":\"https:\/\/heleianestalzibo.eu\/#website\"},\"primaryImageOfPage\":{\"@id\":\"https:\/\/heleianestalzibo.eu\/autoloogne-rasva-transplantatsioon\/#primaryimage\"},\"image\":{\"@id\":\"https:\/\/heleianestalzibo.eu\/autoloogne-rasva-transplantatsioon\/#primaryimage\"},\"thumbnailUrl\":\"https:\/\/heleianestalzibo.eu\/wp-content\/uploads\/2019\/11\/Fat-Grafting-Stages-of-Facial-Fat-Loss.png\",\"datePublished\":\"2019-10-06T15:06:03+00:00\",\"dateModified\":\"2025-10-18T10:41:53+00:00\",\"description\":\"Autoloogne rasva transplantatsioon: kasutatakse erinevatel n\u00e4idustustel, n\u00e4o kortsude ja vagude t\u00e4itmine, armide korrektsioon...\",\"breadcrumb\":{\"@id\":\"https:\/\/heleianestalzibo.eu\/autoloogne-rasva-transplantatsioon\/#breadcrumb\"},\"inLanguage\":\"et\",\"potentialAction\":[{\"@type\":\"ReadAction\",\"target\":[\"https:\/\/heleianestalzibo.eu\/autoloogne-rasva-transplantatsioon\/\"]}]},{\"@type\":\"ImageObject\",\"inLanguage\":\"et\",\"@id\":\"https:\/\/heleianestalzibo.eu\/autoloogne-rasva-transplantatsioon\/#primaryimage\",\"url\":\"https:\/\/heleianestalzibo.eu\/wp-content\/uploads\/2019\/11\/Fat-Grafting-Stages-of-Facial-Fat-Loss.png\",\"contentUrl\":\"https:\/\/heleianestalzibo.eu\/wp-content\/uploads\/2019\/11\/Fat-Grafting-Stages-of-Facial-Fat-Loss.png\"},{\"@type\":\"BreadcrumbList\",\"@id\":\"https:\/\/heleianestalzibo.eu\/autoloogne-rasva-transplantatsioon\/#breadcrumb\",\"itemListElement\":[{\"@type\":\"ListItem\",\"position\":1,\"name\":\"Home\",\"item\":\"https:\/\/heleianestalzibo.eu\/\"},{\"@type\":\"ListItem\",\"position\":2,\"name\":\"Rasva siirdamine n\u00e4ole\"}]},{\"@type\":\"WebSite\",\"@id\":\"https:\/\/heleianestalzibo.eu\/#website\",\"url\":\"https:\/\/heleianestalzibo.eu\/\",\"name\":\"Heleia Nestal Zibo\",\"description\":\"Kolju- ja n&auml;okirurg\",\"publisher\":{\"@id\":\"https:\/\/heleianestalzibo.eu\/#\/schema\/person\/0d02ef88bc0fa1398e9263e383a51584\"},\"potentialAction\":[{\"@type\":\"SearchAction\",\"target\":{\"@type\":\"EntryPoint\",\"urlTemplate\":\"https:\/\/heleianestalzibo.eu\/?s={search_term_string}\"},\"query-input\":{\"@type\":\"PropertyValueSpecification\",\"valueRequired\":true,\"valueName\":\"search_term_string\"}}],\"inLanguage\":\"et\"},{\"@type\":[\"Person\",\"Organization\"],\"@id\":\"https:\/\/heleianestalzibo.eu\/#\/schema\/person\/0d02ef88bc0fa1398e9263e383a51584\",\"name\":\"hnz\",\"logo\":{\"@id\":\"https:\/\/heleianestalzibo.eu\/#\/schema\/person\/image\/\"}}]}<\/script>\n<!-- \/ Yoast SEO plugin. -->","yoast_head_json":{"title":"Autoloogne rasva transplantatsioon Heleia Nestal Zibo","description":"Autoloogne rasva transplantatsioon: kasutatakse erinevatel n\u00e4idustustel, n\u00e4o kortsude ja vagude t\u00e4itmine, armide korrektsioon...","robots":{"index":"index","follow":"follow","max-snippet":"max-snippet:-1","max-image-preview":"max-image-preview:large","max-video-preview":"max-video-preview:-1"},"canonical":"https:\/\/heleianestalzibo.eu\/et\/autoloogne-rasva-transplantatsioon\/","og_locale":"et_EE","og_type":"article","og_title":"Autoloogne rasva transplantatsioon Heleia Nestal Zibo","og_description":"Autoloogne rasva transplantatsioon: kasutatakse erinevatel n\u00e4idustustel, n\u00e4o kortsude ja vagude t\u00e4itmine, armide korrektsioon...","og_url":"https:\/\/heleianestalzibo.eu\/et\/autoloogne-rasva-transplantatsioon\/","og_site_name":"Heleia Nestal Zibo","article_modified_time":"2025-10-18T10:41:53+00:00","og_image":[{"url":"https:\/\/heleianestalzibo.eu\/wp-content\/uploads\/2019\/11\/Fat-Grafting-Stages-of-Facial-Fat-Loss.png","type":"","width":"","height":""}],"twitter_card":"summary_large_image","twitter_misc":{"Est. reading time":"2 minutit"},"schema":{"@context":"https:\/\/schema.org","@graph":[{"@type":"WebPage","@id":"https:\/\/heleianestalzibo.eu\/autoloogne-rasva-transplantatsioon\/","url":"https:\/\/heleianestalzibo.eu\/autoloogne-rasva-transplantatsioon\/","name":"Autoloogne rasva transplantatsioon Heleia Nestal Zibo","isPartOf":{"@id":"https:\/\/heleianestalzibo.eu\/#website"},"primaryImageOfPage":{"@id":"https:\/\/heleianestalzibo.eu\/autoloogne-rasva-transplantatsioon\/#primaryimage"},"image":{"@id":"https:\/\/heleianestalzibo.eu\/autoloogne-rasva-transplantatsioon\/#primaryimage"},"thumbnailUrl":"https:\/\/heleianestalzibo.eu\/wp-content\/uploads\/2019\/11\/Fat-Grafting-Stages-of-Facial-Fat-Loss.png","datePublished":"2019-10-06T15:06:03+00:00","dateModified":"2025-10-18T10:41:53+00:00","description":"Autoloogne rasva transplantatsioon: kasutatakse erinevatel n\u00e4idustustel, n\u00e4o kortsude ja vagude t\u00e4itmine, armide korrektsioon...","breadcrumb":{"@id":"https:\/\/heleianestalzibo.eu\/autoloogne-rasva-transplantatsioon\/#breadcrumb"},"inLanguage":"et","potentialAction":[{"@type":"ReadAction","target":["https:\/\/heleianestalzibo.eu\/autoloogne-rasva-transplantatsioon\/"]}]},{"@type":"ImageObject","inLanguage":"et","@id":"https:\/\/heleianestalzibo.eu\/autoloogne-rasva-transplantatsioon\/#primaryimage","url":"https:\/\/heleianestalzibo.eu\/wp-content\/uploads\/2019\/11\/Fat-Grafting-Stages-of-Facial-Fat-Loss.png","contentUrl":"https:\/\/heleianestalzibo.eu\/wp-content\/uploads\/2019\/11\/Fat-Grafting-Stages-of-Facial-Fat-Loss.png"},{"@type":"BreadcrumbList","@id":"https:\/\/heleianestalzibo.eu\/autoloogne-rasva-transplantatsioon\/#breadcrumb","itemListElement":[{"@type":"ListItem","position":1,"name":"Home","item":"https:\/\/heleianestalzibo.eu\/"},{"@type":"ListItem","position":2,"name":"Rasva siirdamine n\u00e4ole"}]},{"@type":"WebSite","@id":"https:\/\/heleianestalzibo.eu\/#website","url":"https:\/\/heleianestalzibo.eu\/","name":"Heleia Nestal Zibo","description":"Kolju- ja n&auml;okirurg","publisher":{"@id":"https:\/\/heleianestalzibo.eu\/#\/schema\/person\/0d02ef88bc0fa1398e9263e383a51584"},"potentialAction":[{"@type":"SearchAction","target":{"@type":"EntryPoint","urlTemplate":"https:\/\/heleianestalzibo.eu\/?s={search_term_string}"},"query-input":{"@type":"PropertyValueSpecification","valueRequired":true,"valueName":"search_term_string"}}],"inLanguage":"et"},{"@type":["Person","Organization"],"@id":"https:\/\/heleianestalzibo.eu\/#\/schema\/person\/0d02ef88bc0fa1398e9263e383a51584","name":"hnz","logo":{"@id":"https:\/\/heleianestalzibo.eu\/#\/schema\/person\/image\/"}}]}},"rttpg_featured_image_url":null,"rttpg_author":{"display_name":"J K","author_link":"https:\/\/heleianestalzibo.eu\/et\/author\/jcrist\/"},"rttpg_comment":0,"rttpg_category":null,"rttpg_excerpt":"Mis on autoloogne rasva transplantatsioon? Autoloogne rasva transplantatsioon on protseduur, mille k\u00e4igus kasutatakse patsiendi enda rasvkude n\u00e4o pehmete kudede mahu taastamiseks v\u00f5i suurendamiseks. See aitab parandada n\u00e4o kontuuri, siluda kortse ja anda nooruslikuma v\u00e4limuse. N\u00e4o kontuur s\u00f5ltub mitte ainult luude ja lihaste ehitusest, vaid ka naha elastsusest ja selle all olevatest rasvapadjakestest. Vananedes rasvkoe maht&hellip;","_links":{"self":[{"href":"https:\/\/heleianestalzibo.eu\/et\/wp-json\/wp\/v2\/pages\/133","targetHints":{"allow":["GET"]}}],"collection":[{"href":"https:\/\/heleianestalzibo.eu\/et\/wp-json\/wp\/v2\/pages"}],"about":[{"href":"https:\/\/heleianestalzibo.eu\/et\/wp-json\/wp\/v2\/types\/page"}],"author":[{"embeddable":true,"href":"https:\/\/heleianestalzibo.eu\/et\/wp-json\/wp\/v2\/users\/2"}],"replies":[{"embeddable":true,"href":"https:\/\/heleianestalzibo.eu\/et\/wp-json\/wp\/v2\/comments?post=133"}],"version-history":[{"count":10,"href":"https:\/\/heleianestalzibo.eu\/et\/wp-json\/wp\/v2\/pages\/133\/revisions"}],"predecessor-version":[{"id":1205,"href":"https:\/\/heleianestalzibo.eu\/et\/wp-json\/wp\/v2\/pages\/133\/revisions\/1205"}],"wp:attachment":[{"href":"https:\/\/heleianestalzibo.eu\/et\/wp-json\/wp\/v2\/media?parent=133"}],"curies":[{"name":"wp","href":"https:\/\/api.w.org\/{rel}","templated":true}]}}