{"id":141,"date":"2019-10-06T17:10:33","date_gmt":"2019-10-06T15:10:33","guid":{"rendered":"https:\/\/heleianestalzibo.eu\/?page_id=141"},"modified":"2025-09-17T18:26:36","modified_gmt":"2025-09-17T16:26:36","slug":"kraniosunostoosid","status":"publish","type":"page","link":"https:\/\/heleianestalzibo.eu\/et\/kraniosunostoosid\/","title":{"rendered":"Kranios\u00fcnostoosid"},"content":{"rendered":"\n<h2 class=\"wp-block-heading\">Mis on kranios\u00fcnostoos?<\/h2>\n\n\n\n<p>Kranios\u00fcnostoos on \u00fcks sagedasemaid pea- ja n\u00e4o v\u00e4\u00e4rarenguid huule- ja suulael\u00f5he k\u00f5rval. Selle puhul toimub \u00fche v\u00f5i mitme koljuluu \u00f5mbluse enneaegne luustumine, mis v\u00f5ib alata enne s\u00fcndi v\u00f5i p\u00e4rast s\u00fcndi.<\/p>\n\n\n\n<p>S\u00f5ltuvalt sellest, milline kolju\u00f5mblus on enneaegselt sulgunud, v\u00f5ib kujuneda:<\/p>\n\n\n\n<ul class=\"wp-block-list\">\n<li><p dir=\"ltr\" style=\"line-height: 1.38; margin-top: 12pt; margin-bottom: 0pt;\" role=\"presentation\">kolju ebanormaalne kuju,<\/p><\/li>\n\n\n\n<li><p dir=\"ltr\" style=\"line-height: 1.38; margin-top: 0pt; margin-bottom: 0pt;\" role=\"presentation\">kolju aeglasem areng,<\/p><\/li>\n\n\n\n<li><p dir=\"ltr\" style=\"line-height: 1.38; margin-top: 0pt; margin-bottom: 0pt;\" role=\"presentation\">n\u00e4o- ja ajukolju as\u00fcmmeetria.<\/p><\/li>\n<\/ul>\n\n\n\n<p>K\u00f5ige olulisem t\u00fcsistus on intrakraniaalse r\u00f5hu (IKR) t\u00f5us, mis v\u00f5ib esineda isegi siis, kui n\u00e4htavad s\u00fcmptomid puuduvad.<\/p>\n\n\n\n<p><\/p>\n\n\n\n<h3 class=\"wp-block-heading\">Esinemine<\/h3>\n\n\n\n<ul class=\"wp-block-list\">\n<li><p dir=\"ltr\" style=\"line-height: 1.38; margin-top: 12pt; margin-bottom: 0pt;\" role=\"presentation\">Kranios\u00fcnostoosi esineb umbes 1:800 eluss\u00fcndinutel aastas.<\/p><\/li>\n\n\n\n<li><p dir=\"ltr\" style=\"line-height: 1.38; margin-top: 12pt; margin-bottom: 0pt;\" role=\"presentation\">Enneaegsetel lastel on suurem risk selle arenguks.<\/p><\/li>\n\n\n\n<li><p dir=\"ltr\" style=\"line-height: 1.38; margin-top: 12pt; margin-bottom: 0pt;\" role=\"presentation\">K\u00f5ige sagedamini on haaratud \u00fcks \u00f5mblus; mitme \u00f5mbluse enneaegne sulgumine on tihti seotud geneetiliste s\u00fcndroomidega.<\/p><\/li>\n<\/ul>\n\n\n\n<p><\/p>\n\n\n\n<h3 class=\"wp-block-heading\">Miks on varajane diagnoos oluline?<\/h3>\n\n\n\n<p>\u00d5igeaegne diagnoos on v\u00e4ga t\u00e4htis, sest ravimata kranios\u00fcnostoos v\u00f5ib p\u00f5hjustada:<\/p>\n\n\n\n<ul class=\"wp-block-list\">\n<li><p dir=\"ltr\" style=\"line-height: 1.38; margin-top: 12pt; margin-bottom: 0pt;\" role=\"presentation\">kolju ja n\u00e4oluude p\u00fcsivat deformatsiooni,<\/p><\/li>\n\n\n\n<li><p dir=\"ltr\" style=\"line-height: 1.38; margin-top: 12pt; margin-bottom: 0pt;\" role=\"presentation\">ajukahjustuse riski,<\/p><\/li>\n\n\n\n<li><p dir=\"ltr\" style=\"line-height: 1.38; margin-top: 12pt; margin-bottom: 0pt;\" role=\"presentation\">k\u00f5rgenenud koljusisese r\u00f5hu t\u00f5ttu tekkinud t\u00fcsistusi.<\/p><\/li>\n<\/ul>\n\n\n\n<p><\/p>\n\n\n\n<h3 class=\"wp-block-heading\">Kranios\u00fcnostoosi ravi Eestis<\/h3>\n\n\n\n<p>Eestis tegeleb kranios\u00fcnostooside raviga spetsialiseerunud interdistsiplinaarne meeskond:<\/p>\n\n\n\n<ul class=\"wp-block-list\">\n<li><p dir=\"ltr\" style=\"line-height: 1.38; margin-top: 12pt; margin-bottom: 0pt;\" role=\"presentation\">2011. aastal loodi Regionaalhaiglas kranios\u00fcnostoosi ravikeskus koost\u00f6\u00f6s Tallinna Lastehaiglaga.<\/p><\/li>\n\n\n\n<li><p dir=\"ltr\" style=\"line-height: 1.38; margin-top: 12pt; margin-bottom: 0pt;\" role=\"presentation\">Igal aastal tehakse selles valdkonnas umbes 15 operatsiooni.<\/p><\/li>\n\n\n\n<li><p dir=\"ltr\" style=\"line-height: 1.38; margin-top: 0pt; margin-bottom: 0pt;\" role=\"presentation\">Operatsioonid viiakse l\u00e4bi Tallinna Lastehaiglas, ambulatoorne j\u00e4lgimine toimub Regionaalhaigla polikliinikus.<\/p><\/li>\n\n\n\n<li><p dir=\"ltr\" style=\"line-height: 1.38; margin-top: 0pt; margin-bottom: 0pt;\" role=\"presentation\">Kogu kranios\u00fcnostoosi ravi Eestis koordineerib dr Heleia Nestal Zibo.<\/p><br><\/li>\n<\/ul>\n\n\n\n<h3 class=\"wp-block-heading\">Kuidas toimida, kui kahtlustate kranios\u00fcnostoosi?<\/h3>\n\n\n\n<p>Kui kahtlustate oma lapsel kranios\u00fcnostoosi:<\/p>\n\n\n\n<ol class=\"wp-block-list\">\n<li><p dir=\"ltr\" style=\"line-height: 1.38; margin-top: 12pt; margin-bottom: 12pt;\" role=\"presentation\">P\u00f6\u00f6rduge dr Heleia Nestal Zibo konsultatsioonile.<\/p><\/li>\n\n\n\n<li><p dir=\"ltr\" style=\"line-height: 1.38; margin-top: 12pt; margin-bottom: 12pt;\" role=\"presentation\">Konsultatsiooni k\u00e4igus t\u00e4psustatakse diagnoos ja koostatakse raviplaan.<\/p><br><\/li>\n<\/ol>\n\n\n\n<div class=\"wp-block-buttons is-content-justification-center is-layout-flex wp-container-core-buttons-is-layout-a89b3969 wp-block-buttons-is-layout-flex\">\n<div class=\"wp-block-button\"><a class=\"wp-block-button__link wp-element-button\" href=\"https:\/\/www.confido.ee\/info-ja-kontaktid\/meie-inimesed\/dr-heleia-nestal-zibo\/\">Tule konsultatsioonile<\/a><\/div>\n<\/div>\n\n\n\n<figure class=\"wp-block-image\"><img decoding=\"async\" src=\"https:\/\/heleianestalzibo.eu\/wp-content\/uploads\/2019\/11\/cranial-sutures-290x300.png\" alt=\"\" title=\"Kranios\u00fcnostoos\"\/><\/figure>\n\n\n\n<p><\/p>\n\n\n\n<figure class=\"wp-block-image\"><img decoding=\"async\" src=\"https:\/\/heleianestalzibo.eu\/wp-content\/uploads\/2019\/11\/Nonsyndromic-craniosynostosis-1.jpg\" alt=\"\" title=\"Kranios\u00fcnostoos\"\/><\/figure>\n","protected":false},"excerpt":{"rendered":"<p>Mis on kranios\u00fcnostoos? Kranios\u00fcnostoos on \u00fcks sagedasemaid pea- ja n\u00e4o v\u00e4\u00e4rarenguid huule- ja suulael\u00f5he k\u00f5rval. Selle puhul toimub \u00fche v\u00f5i mitme koljuluu \u00f5mbluse enneaegne luustumine, mis v\u00f5ib alata enne s\u00fcndi v\u00f5i p\u00e4rast s\u00fcndi. S\u00f5ltuvalt sellest, milline kolju\u00f5mblus on enneaegselt sulgunud, v\u00f5ib kujuneda: K\u00f5ige olulisem t\u00fcsistus on intrakraniaalse r\u00f5hu (IKR) t\u00f5us, mis v\u00f5ib esineda isegi siis, [&hellip;]<\/p>\n","protected":false},"author":2,"featured_media":0,"parent":0,"menu_order":0,"comment_status":"closed","ping_status":"closed","template":"","meta":{"footnotes":""},"class_list":["post-141","page","type-page","status-publish","hentry"],"yoast_head":"<!-- This site is optimized with the Yoast SEO plugin v25.9 - https:\/\/yoast.com\/wordpress\/plugins\/seo\/ -->\n<title>Kranios\u00fcnostoos Kranios\u00fcnostoosid - Heleia Nestal Zibo<\/title>\n<meta name=\"description\" content=\"Kranios\u00fcnostoos on huule- ja suulael\u00f5he k\u00f5rval \u00fcks sagedamini esinevaid pea- ja n\u00e4o v\u00e4\u00e4rarenguid. Heleia Nestal Zibo Kranios\u00fcnostoosid\" \/>\n<meta name=\"robots\" content=\"index, follow, max-snippet:-1, max-image-preview:large, max-video-preview:-1\" \/>\n<link rel=\"canonical\" href=\"https:\/\/heleianestalzibo.eu\/et\/kraniosunostoosid\/\" \/>\n<meta property=\"og:locale\" content=\"et_EE\" \/>\n<meta property=\"og:type\" content=\"article\" \/>\n<meta property=\"og:title\" content=\"Kranios\u00fcnostoos Kranios\u00fcnostoosid - Heleia Nestal Zibo\" \/>\n<meta property=\"og:description\" content=\"Kranios\u00fcnostoos on huule- ja suulael\u00f5he k\u00f5rval \u00fcks sagedamini esinevaid pea- ja n\u00e4o v\u00e4\u00e4rarenguid. Heleia Nestal Zibo Kranios\u00fcnostoosid\" \/>\n<meta property=\"og:url\" content=\"https:\/\/heleianestalzibo.eu\/et\/kraniosunostoosid\/\" \/>\n<meta property=\"og:site_name\" content=\"Heleia Nestal Zibo\" \/>\n<meta property=\"article:modified_time\" content=\"2025-09-17T16:26:36+00:00\" \/>\n<meta property=\"og:image\" content=\"https:\/\/heleianestalzibo.eu\/wp-content\/uploads\/2019\/11\/cranial-sutures-290x300.png\" \/>\n<meta name=\"twitter:card\" content=\"summary_large_image\" \/>\n<meta name=\"twitter:label1\" content=\"Est. reading time\" \/>\n\t<meta name=\"twitter:data1\" content=\"2 minutit\" \/>\n<script type=\"application\/ld+json\" class=\"yoast-schema-graph\">{\"@context\":\"https:\/\/schema.org\",\"@graph\":[{\"@type\":\"WebPage\",\"@id\":\"https:\/\/heleianestalzibo.eu\/et\/kraniosunostoosid\/\",\"url\":\"https:\/\/heleianestalzibo.eu\/et\/kraniosunostoosid\/\",\"name\":\"Kranios\u00fcnostoos Kranios\u00fcnostoosid - Heleia Nestal Zibo\",\"isPartOf\":{\"@id\":\"https:\/\/heleianestalzibo.eu\/#website\"},\"primaryImageOfPage\":{\"@id\":\"https:\/\/heleianestalzibo.eu\/et\/kraniosunostoosid\/#primaryimage\"},\"image\":{\"@id\":\"https:\/\/heleianestalzibo.eu\/et\/kraniosunostoosid\/#primaryimage\"},\"thumbnailUrl\":\"https:\/\/heleianestalzibo.eu\/wp-content\/uploads\/2019\/11\/cranial-sutures-290x300.png\",\"datePublished\":\"2019-10-06T15:10:33+00:00\",\"dateModified\":\"2025-09-17T16:26:36+00:00\",\"description\":\"Kranios\u00fcnostoos on huule- ja suulael\u00f5he k\u00f5rval \u00fcks sagedamini esinevaid pea- ja n\u00e4o v\u00e4\u00e4rarenguid. Heleia Nestal Zibo Kranios\u00fcnostoosid\",\"breadcrumb\":{\"@id\":\"https:\/\/heleianestalzibo.eu\/et\/kraniosunostoosid\/#breadcrumb\"},\"inLanguage\":\"et\",\"potentialAction\":[{\"@type\":\"ReadAction\",\"target\":[\"https:\/\/heleianestalzibo.eu\/et\/kraniosunostoosid\/\"]}]},{\"@type\":\"ImageObject\",\"inLanguage\":\"et\",\"@id\":\"https:\/\/heleianestalzibo.eu\/et\/kraniosunostoosid\/#primaryimage\",\"url\":\"https:\/\/heleianestalzibo.eu\/wp-content\/uploads\/2019\/11\/cranial-sutures-290x300.png\",\"contentUrl\":\"https:\/\/heleianestalzibo.eu\/wp-content\/uploads\/2019\/11\/cranial-sutures-290x300.png\"},{\"@type\":\"BreadcrumbList\",\"@id\":\"https:\/\/heleianestalzibo.eu\/et\/kraniosunostoosid\/#breadcrumb\",\"itemListElement\":[{\"@type\":\"ListItem\",\"position\":1,\"name\":\"Home\",\"item\":\"https:\/\/heleianestalzibo.eu\/\"},{\"@type\":\"ListItem\",\"position\":2,\"name\":\"Kranios\u00fcnostoosid\"}]},{\"@type\":\"WebSite\",\"@id\":\"https:\/\/heleianestalzibo.eu\/#website\",\"url\":\"https:\/\/heleianestalzibo.eu\/\",\"name\":\"Heleia Nestal Zibo\",\"description\":\"Kolju- ja n&auml;okirurg\",\"publisher\":{\"@id\":\"https:\/\/heleianestalzibo.eu\/#\/schema\/person\/0d02ef88bc0fa1398e9263e383a51584\"},\"potentialAction\":[{\"@type\":\"SearchAction\",\"target\":{\"@type\":\"EntryPoint\",\"urlTemplate\":\"https:\/\/heleianestalzibo.eu\/?s={search_term_string}\"},\"query-input\":{\"@type\":\"PropertyValueSpecification\",\"valueRequired\":true,\"valueName\":\"search_term_string\"}}],\"inLanguage\":\"et\"},{\"@type\":[\"Person\",\"Organization\"],\"@id\":\"https:\/\/heleianestalzibo.eu\/#\/schema\/person\/0d02ef88bc0fa1398e9263e383a51584\",\"name\":\"hnz\",\"logo\":{\"@id\":\"https:\/\/heleianestalzibo.eu\/#\/schema\/person\/image\/\"}}]}<\/script>\n<!-- \/ Yoast SEO plugin. -->","yoast_head_json":{"title":"Kranios\u00fcnostoos Kranios\u00fcnostoosid - Heleia Nestal Zibo","description":"Kranios\u00fcnostoos on huule- ja suulael\u00f5he k\u00f5rval \u00fcks sagedamini esinevaid pea- ja n\u00e4o v\u00e4\u00e4rarenguid. Heleia Nestal Zibo Kranios\u00fcnostoosid","robots":{"index":"index","follow":"follow","max-snippet":"max-snippet:-1","max-image-preview":"max-image-preview:large","max-video-preview":"max-video-preview:-1"},"canonical":"https:\/\/heleianestalzibo.eu\/et\/kraniosunostoosid\/","og_locale":"et_EE","og_type":"article","og_title":"Kranios\u00fcnostoos Kranios\u00fcnostoosid - Heleia Nestal Zibo","og_description":"Kranios\u00fcnostoos on huule- ja suulael\u00f5he k\u00f5rval \u00fcks sagedamini esinevaid pea- ja n\u00e4o v\u00e4\u00e4rarenguid. Heleia Nestal Zibo Kranios\u00fcnostoosid","og_url":"https:\/\/heleianestalzibo.eu\/et\/kraniosunostoosid\/","og_site_name":"Heleia Nestal Zibo","article_modified_time":"2025-09-17T16:26:36+00:00","og_image":[{"url":"https:\/\/heleianestalzibo.eu\/wp-content\/uploads\/2019\/11\/cranial-sutures-290x300.png","type":"","width":"","height":""}],"twitter_card":"summary_large_image","twitter_misc":{"Est. reading time":"2 minutit"},"schema":{"@context":"https:\/\/schema.org","@graph":[{"@type":"WebPage","@id":"https:\/\/heleianestalzibo.eu\/et\/kraniosunostoosid\/","url":"https:\/\/heleianestalzibo.eu\/et\/kraniosunostoosid\/","name":"Kranios\u00fcnostoos Kranios\u00fcnostoosid - Heleia Nestal Zibo","isPartOf":{"@id":"https:\/\/heleianestalzibo.eu\/#website"},"primaryImageOfPage":{"@id":"https:\/\/heleianestalzibo.eu\/et\/kraniosunostoosid\/#primaryimage"},"image":{"@id":"https:\/\/heleianestalzibo.eu\/et\/kraniosunostoosid\/#primaryimage"},"thumbnailUrl":"https:\/\/heleianestalzibo.eu\/wp-content\/uploads\/2019\/11\/cranial-sutures-290x300.png","datePublished":"2019-10-06T15:10:33+00:00","dateModified":"2025-09-17T16:26:36+00:00","description":"Kranios\u00fcnostoos on huule- ja suulael\u00f5he k\u00f5rval \u00fcks sagedamini esinevaid pea- ja n\u00e4o v\u00e4\u00e4rarenguid. Heleia Nestal Zibo Kranios\u00fcnostoosid","breadcrumb":{"@id":"https:\/\/heleianestalzibo.eu\/et\/kraniosunostoosid\/#breadcrumb"},"inLanguage":"et","potentialAction":[{"@type":"ReadAction","target":["https:\/\/heleianestalzibo.eu\/et\/kraniosunostoosid\/"]}]},{"@type":"ImageObject","inLanguage":"et","@id":"https:\/\/heleianestalzibo.eu\/et\/kraniosunostoosid\/#primaryimage","url":"https:\/\/heleianestalzibo.eu\/wp-content\/uploads\/2019\/11\/cranial-sutures-290x300.png","contentUrl":"https:\/\/heleianestalzibo.eu\/wp-content\/uploads\/2019\/11\/cranial-sutures-290x300.png"},{"@type":"BreadcrumbList","@id":"https:\/\/heleianestalzibo.eu\/et\/kraniosunostoosid\/#breadcrumb","itemListElement":[{"@type":"ListItem","position":1,"name":"Home","item":"https:\/\/heleianestalzibo.eu\/"},{"@type":"ListItem","position":2,"name":"Kranios\u00fcnostoosid"}]},{"@type":"WebSite","@id":"https:\/\/heleianestalzibo.eu\/#website","url":"https:\/\/heleianestalzibo.eu\/","name":"Heleia Nestal Zibo","description":"Kolju- ja n&auml;okirurg","publisher":{"@id":"https:\/\/heleianestalzibo.eu\/#\/schema\/person\/0d02ef88bc0fa1398e9263e383a51584"},"potentialAction":[{"@type":"SearchAction","target":{"@type":"EntryPoint","urlTemplate":"https:\/\/heleianestalzibo.eu\/?s={search_term_string}"},"query-input":{"@type":"PropertyValueSpecification","valueRequired":true,"valueName":"search_term_string"}}],"inLanguage":"et"},{"@type":["Person","Organization"],"@id":"https:\/\/heleianestalzibo.eu\/#\/schema\/person\/0d02ef88bc0fa1398e9263e383a51584","name":"hnz","logo":{"@id":"https:\/\/heleianestalzibo.eu\/#\/schema\/person\/image\/"}}]}},"rttpg_featured_image_url":null,"rttpg_author":{"display_name":"J K","author_link":"https:\/\/heleianestalzibo.eu\/et\/author\/jcrist\/"},"rttpg_comment":0,"rttpg_category":null,"rttpg_excerpt":"Mis on kranios\u00fcnostoos? Kranios\u00fcnostoos on \u00fcks sagedasemaid pea- ja n\u00e4o v\u00e4\u00e4rarenguid huule- ja suulael\u00f5he k\u00f5rval. Selle puhul toimub \u00fche v\u00f5i mitme koljuluu \u00f5mbluse enneaegne luustumine, mis v\u00f5ib alata enne s\u00fcndi v\u00f5i p\u00e4rast s\u00fcndi. S\u00f5ltuvalt sellest, milline kolju\u00f5mblus on enneaegselt sulgunud, v\u00f5ib kujuneda: K\u00f5ige olulisem t\u00fcsistus on intrakraniaalse r\u00f5hu (IKR) t\u00f5us, mis v\u00f5ib esineda isegi siis,&hellip;","_links":{"self":[{"href":"https:\/\/heleianestalzibo.eu\/et\/wp-json\/wp\/v2\/pages\/141","targetHints":{"allow":["GET"]}}],"collection":[{"href":"https:\/\/heleianestalzibo.eu\/et\/wp-json\/wp\/v2\/pages"}],"about":[{"href":"https:\/\/heleianestalzibo.eu\/et\/wp-json\/wp\/v2\/types\/page"}],"author":[{"embeddable":true,"href":"https:\/\/heleianestalzibo.eu\/et\/wp-json\/wp\/v2\/users\/2"}],"replies":[{"embeddable":true,"href":"https:\/\/heleianestalzibo.eu\/et\/wp-json\/wp\/v2\/comments?post=141"}],"version-history":[{"count":9,"href":"https:\/\/heleianestalzibo.eu\/et\/wp-json\/wp\/v2\/pages\/141\/revisions"}],"predecessor-version":[{"id":1054,"href":"https:\/\/heleianestalzibo.eu\/et\/wp-json\/wp\/v2\/pages\/141\/revisions\/1054"}],"wp:attachment":[{"href":"https:\/\/heleianestalzibo.eu\/et\/wp-json\/wp\/v2\/media?parent=141"}],"curies":[{"name":"wp","href":"https:\/\/api.w.org\/{rel}","templated":true}]}}