{"id":20,"date":"2019-07-30T22:36:47","date_gmt":"2019-07-30T20:36:47","guid":{"rendered":"https:\/\/heleianestalzibo.eu\/?page_id=20"},"modified":"2025-10-18T13:10:12","modified_gmt":"2025-10-18T11:10:12","slug":"dr-heleia-nestal-zibo","status":"publish","type":"page","link":"https:\/\/heleianestalzibo.eu\/et\/","title":{"rendered":"Karj\u00e4\u00e4r"},"content":{"rendered":"\n<h2 class=\"wp-block-heading\">Dr. Heleia Nestal Zibo \u2013 kolju-ja n\u00e4o kirurg Eestis<\/h2>\n\n\n\n<p>Dr. Heleia Nestal Zibo on Brasiiliast p\u00e4rit n\u00e4o- ja l\u00f5ualuukirurg, kes t\u00f6\u00f6tab Eestis juba \u00fcle 19 aasta.<\/p>\n\n\n\n<div class=\"wp-block-group is-nowrap is-layout-flex wp-container-core-group-is-layout-6c531013 wp-block-group-is-layout-flex\">\n<h3 class=\"wp-block-heading\">Peamised tegevusvaldkonnad:<\/h3>\n<\/div>\n\n\n\n<div class=\"wp-block-columns is-layout-flex wp-container-core-columns-is-layout-28f84493 wp-block-columns-is-layout-flex\">\n<div class=\"wp-block-column is-layout-flow wp-block-column-is-layout-flow\">\n<ul class=\"wp-block-list\">\n<li>n\u00e4o esteetiline kirurgia<\/li>\n\n\n\n<li>ilus\u00fcstid ja esteetilised protseduurid<\/li>\n\n\n\n<li>Kolju ja n\u00e4o kirurgia &#8211; Kranios\u00fcnostoosi ravi ja ortognaatsed operatsioonid (L\u00f5ualuu suuruse anomaalia raviks.<\/li>\n<\/ul>\n<\/div>\n\n\n\n<div class=\"wp-block-column is-layout-flow wp-block-column-is-layout-flow\">\n<figure class=\"wp-block-image alignright size-large is-resized has-custom-border\"><img loading=\"lazy\" decoding=\"async\" width=\"683\" height=\"1024\" src=\"https:\/\/heleianestalzibo.eu\/wp-content\/uploads\/2025\/10\/RENE-LUTTERUS-8053-683x1024.jpg\" alt=\"\" class=\"wp-image-1219\" style=\"border-radius:45px;width:266px;height:auto\" srcset=\"https:\/\/heleianestalzibo.eu\/wp-content\/uploads\/2025\/10\/RENE-LUTTERUS-8053-683x1024.jpg 683w, https:\/\/heleianestalzibo.eu\/wp-content\/uploads\/2025\/10\/RENE-LUTTERUS-8053-200x300.jpg 200w, https:\/\/heleianestalzibo.eu\/wp-content\/uploads\/2025\/10\/RENE-LUTTERUS-8053-768x1151.jpg 768w, https:\/\/heleianestalzibo.eu\/wp-content\/uploads\/2025\/10\/RENE-LUTTERUS-8053-1025x1536.jpg 1025w, https:\/\/heleianestalzibo.eu\/wp-content\/uploads\/2025\/10\/RENE-LUTTERUS-8053-8x12.jpg 8w, https:\/\/heleianestalzibo.eu\/wp-content\/uploads\/2025\/10\/RENE-LUTTERUS-8053.jpg 1366w\" sizes=\"auto, (max-width: 683px) 100vw, 683px\" \/><\/figure>\n<\/div>\n<\/div>\n\n\n\n<div class=\"wp-block-group is-content-justification-left is-nowrap is-layout-flex wp-container-core-group-is-layout-fc9f69e7 wp-block-group-is-layout-flex\">\n<p>Eesti kirurgide seas on dr. Nestal ainus, kellel on nii arsti- kui hambaarsti kraad, mis annab s\u00fcvendatud teadmised kolju ja n\u00e4o anatoomiast ning nende funktsioonidest.<\/p>\n<\/div>\n\n\n\n<h3 class=\"wp-block-heading\">Missioon<\/h3>\n\n\n\n<p>Dr. Nestali eesm\u00e4rk on aidata patsientidel parandada elukvaliteeti, taastada enesekindlus ning saavutada loomulik ja t\u00e4pselt soovitud tulemus.<\/p>\n\n\n\n<h3 class=\"wp-block-heading\">Panus Eesti meditsiini<\/h3>\n\n\n\n<p>N\u00e4o- ja l\u00f5ualuukirurgina on dr. Nestal elut\u00f6\u00f6 keskmes olnud kranios\u00fcnostoosi (kolju v\u00e4\u00e4rarengu) ravi arendamine Eestis. Koos meeskonnaga vastutab ta selle haruldase haigusega patsientide ravi eest \u00fcle kogu riigi.<\/p>\n\n\n\n<h3 class=\"wp-block-heading\">Keeled<\/h3>\n\n\n\n<p>Suhtlemine toimub vabalt eesti, inglise ja portugali keeles.<\/p>\n\n\n\n<p>Dr. Nestali vastuv\u00f5tud toimuvad Confido Meditsiinikeskuses<\/p>\n\n\n\n<figure class=\"wp-block-image size-large has-custom-border\"><img loading=\"lazy\" decoding=\"async\" width=\"1024\" height=\"683\" src=\"https:\/\/heleianestalzibo.eu\/wp-content\/uploads\/2025\/10\/RENE-LUTTERUS-7850-1024x683.jpg\" alt=\"\" class=\"wp-image-1221\" style=\"border-radius:45px\" srcset=\"https:\/\/heleianestalzibo.eu\/wp-content\/uploads\/2025\/10\/RENE-LUTTERUS-7850-1024x683.jpg 1024w, https:\/\/heleianestalzibo.eu\/wp-content\/uploads\/2025\/10\/RENE-LUTTERUS-7850-300x200.jpg 300w, https:\/\/heleianestalzibo.eu\/wp-content\/uploads\/2025\/10\/RENE-LUTTERUS-7850-768x512.jpg 768w, https:\/\/heleianestalzibo.eu\/wp-content\/uploads\/2025\/10\/RENE-LUTTERUS-7850-1536x1025.jpg 1536w, https:\/\/heleianestalzibo.eu\/wp-content\/uploads\/2025\/10\/RENE-LUTTERUS-7850-18x12.jpg 18w, https:\/\/heleianestalzibo.eu\/wp-content\/uploads\/2025\/10\/RENE-LUTTERUS-7850.jpg 2048w\" sizes=\"auto, (max-width: 1024px) 100vw, 1024px\" \/><\/figure>\n\n\n\n<div class=\"wp-block-buttons is-content-justification-center is-layout-flex wp-container-core-buttons-is-layout-a89b3969 wp-block-buttons-is-layout-flex\">\n<div class=\"wp-block-button\"><a class=\"wp-block-button__link wp-element-button\" href=\"https:\/\/www.confido.ee\/info-ja-kontaktid\/meie-inimesed\/dr-heleia-nestal-zibo\/\">Broneeri konsultatsioon<\/a><\/div>\n<\/div>\n\n\n\n<p><\/p>\n","protected":false},"excerpt":{"rendered":"<p>Dr. Heleia Nestal Zibo \u2013 kolju-ja n\u00e4o kirurg Eestis Dr. Heleia Nestal Zibo on Brasiiliast p\u00e4rit n\u00e4o- ja l\u00f5ualuukirurg, kes t\u00f6\u00f6tab Eestis juba \u00fcle 19 aasta. Peamised tegevusvaldkonnad: Eesti kirurgide seas on dr. Nestal ainus, kellel on nii arsti- kui hambaarsti kraad, mis annab s\u00fcvendatud teadmised kolju ja n\u00e4o anatoomiast ning nende funktsioonidest. Missioon Dr. [&hellip;]<\/p>\n","protected":false},"author":2,"featured_media":0,"parent":0,"menu_order":0,"comment_status":"closed","ping_status":"closed","template":"","meta":{"footnotes":""},"class_list":["post-20","page","type-page","status-publish","hentry"],"yoast_head":"<!-- This site is optimized with the Yoast SEO plugin v25.9 - https:\/\/yoast.com\/wordpress\/plugins\/seo\/ -->\n<title>Dr. Heleia Nestal Zibo - Heleia Nestal Zibo Kolju- ja n&auml;okirurg<\/title>\n<meta name=\"description\" content=\"Dr. Heleia Nestal Zibo t\u00f6\u00f6tab kolju- ja n\u00e4o-l\u00f5ualuu kirurgina P\u00f5hja-Eesti Regionaalhaiglas ja Tallinna Lastehaiglas. Kranios\u00fcnostoosi ravi algataja.\" \/>\n<meta name=\"robots\" content=\"index, follow, max-snippet:-1, max-image-preview:large, max-video-preview:-1\" \/>\n<link rel=\"canonical\" href=\"https:\/\/heleianestalzibo.eu\/et\/\" \/>\n<meta property=\"og:locale\" content=\"et_EE\" \/>\n<meta property=\"og:type\" content=\"article\" \/>\n<meta property=\"og:title\" content=\"Dr. Heleia Nestal Zibo - Heleia Nestal Zibo Kolju- ja n&auml;okirurg\" \/>\n<meta property=\"og:description\" content=\"Dr. Heleia Nestal Zibo t\u00f6\u00f6tab kolju- ja n\u00e4o-l\u00f5ualuu kirurgina P\u00f5hja-Eesti Regionaalhaiglas ja Tallinna Lastehaiglas. Kranios\u00fcnostoosi ravi algataja.\" \/>\n<meta property=\"og:url\" content=\"https:\/\/heleianestalzibo.eu\/et\/\" \/>\n<meta property=\"og:site_name\" content=\"Heleia Nestal Zibo\" \/>\n<meta property=\"article:modified_time\" content=\"2025-10-18T11:10:12+00:00\" \/>\n<meta property=\"og:image\" content=\"https:\/\/heleianestalzibo.eu\/wp-content\/uploads\/2025\/10\/RENE-LUTTERUS-8053.jpg\" \/>\n\t<meta property=\"og:image:width\" content=\"1366\" \/>\n\t<meta property=\"og:image:height\" content=\"2048\" \/>\n\t<meta property=\"og:image:type\" content=\"image\/jpeg\" \/>\n<meta name=\"twitter:card\" content=\"summary_large_image\" \/>\n<meta name=\"twitter:label1\" content=\"Est. reading time\" \/>\n\t<meta name=\"twitter:data1\" content=\"2 minutit\" \/>\n<script type=\"application\/ld+json\" class=\"yoast-schema-graph\">{\"@context\":\"https:\/\/schema.org\",\"@graph\":[{\"@type\":\"WebPage\",\"@id\":\"https:\/\/heleianestalzibo.eu\/\",\"url\":\"https:\/\/heleianestalzibo.eu\/\",\"name\":\"Dr. Heleia Nestal Zibo - Heleia Nestal Zibo Kolju- ja n&auml;okirurg\",\"isPartOf\":{\"@id\":\"https:\/\/heleianestalzibo.eu\/#website\"},\"primaryImageOfPage\":{\"@id\":\"https:\/\/heleianestalzibo.eu\/#primaryimage\"},\"image\":{\"@id\":\"https:\/\/heleianestalzibo.eu\/#primaryimage\"},\"thumbnailUrl\":\"https:\/\/heleianestalzibo.eu\/wp-content\/uploads\/2025\/10\/RENE-LUTTERUS-8053-683x1024.jpg\",\"datePublished\":\"2019-07-30T20:36:47+00:00\",\"dateModified\":\"2025-10-18T11:10:12+00:00\",\"description\":\"Dr. Heleia Nestal Zibo t\u00f6\u00f6tab kolju- ja n\u00e4o-l\u00f5ualuu kirurgina P\u00f5hja-Eesti Regionaalhaiglas ja Tallinna Lastehaiglas. Kranios\u00fcnostoosi ravi algataja.\",\"breadcrumb\":{\"@id\":\"https:\/\/heleianestalzibo.eu\/#breadcrumb\"},\"inLanguage\":\"et\",\"potentialAction\":[{\"@type\":\"ReadAction\",\"target\":[\"https:\/\/heleianestalzibo.eu\/\"]}]},{\"@type\":\"ImageObject\",\"inLanguage\":\"et\",\"@id\":\"https:\/\/heleianestalzibo.eu\/#primaryimage\",\"url\":\"https:\/\/heleianestalzibo.eu\/wp-content\/uploads\/2025\/10\/RENE-LUTTERUS-8053-683x1024.jpg\",\"contentUrl\":\"https:\/\/heleianestalzibo.eu\/wp-content\/uploads\/2025\/10\/RENE-LUTTERUS-8053-683x1024.jpg\"},{\"@type\":\"BreadcrumbList\",\"@id\":\"https:\/\/heleianestalzibo.eu\/#breadcrumb\",\"itemListElement\":[{\"@type\":\"ListItem\",\"position\":1,\"name\":\"Home\",\"item\":\"https:\/\/heleianestalzibo.eu\/\"},{\"@type\":\"ListItem\",\"position\":2,\"name\":\"Karj\u00e4\u00e4r\"}]},{\"@type\":\"WebSite\",\"@id\":\"https:\/\/heleianestalzibo.eu\/#website\",\"url\":\"https:\/\/heleianestalzibo.eu\/\",\"name\":\"Heleia Nestal Zibo\",\"description\":\"Kolju- ja n&auml;okirurg\",\"publisher\":{\"@id\":\"https:\/\/heleianestalzibo.eu\/#\/schema\/person\/0d02ef88bc0fa1398e9263e383a51584\"},\"potentialAction\":[{\"@type\":\"SearchAction\",\"target\":{\"@type\":\"EntryPoint\",\"urlTemplate\":\"https:\/\/heleianestalzibo.eu\/?s={search_term_string}\"},\"query-input\":{\"@type\":\"PropertyValueSpecification\",\"valueRequired\":true,\"valueName\":\"search_term_string\"}}],\"inLanguage\":\"et\"},{\"@type\":[\"Person\",\"Organization\"],\"@id\":\"https:\/\/heleianestalzibo.eu\/#\/schema\/person\/0d02ef88bc0fa1398e9263e383a51584\",\"name\":\"hnz\",\"logo\":{\"@id\":\"https:\/\/heleianestalzibo.eu\/#\/schema\/person\/image\/\"}}]}<\/script>\n<!-- \/ Yoast SEO plugin. -->","yoast_head_json":{"title":"Dr. Heleia Nestal Zibo - Heleia Nestal Zibo Kolju- ja n&auml;okirurg","description":"Dr. Heleia Nestal Zibo t\u00f6\u00f6tab kolju- ja n\u00e4o-l\u00f5ualuu kirurgina P\u00f5hja-Eesti Regionaalhaiglas ja Tallinna Lastehaiglas. Kranios\u00fcnostoosi ravi algataja.","robots":{"index":"index","follow":"follow","max-snippet":"max-snippet:-1","max-image-preview":"max-image-preview:large","max-video-preview":"max-video-preview:-1"},"canonical":"https:\/\/heleianestalzibo.eu\/et\/","og_locale":"et_EE","og_type":"article","og_title":"Dr. Heleia Nestal Zibo - Heleia Nestal Zibo Kolju- ja n&auml;okirurg","og_description":"Dr. Heleia Nestal Zibo t\u00f6\u00f6tab kolju- ja n\u00e4o-l\u00f5ualuu kirurgina P\u00f5hja-Eesti Regionaalhaiglas ja Tallinna Lastehaiglas. Kranios\u00fcnostoosi ravi algataja.","og_url":"https:\/\/heleianestalzibo.eu\/et\/","og_site_name":"Heleia Nestal Zibo","article_modified_time":"2025-10-18T11:10:12+00:00","og_image":[{"width":1366,"height":2048,"url":"https:\/\/heleianestalzibo.eu\/wp-content\/uploads\/2025\/10\/RENE-LUTTERUS-8053.jpg","type":"image\/jpeg"}],"twitter_card":"summary_large_image","twitter_misc":{"Est. reading time":"2 minutit"},"schema":{"@context":"https:\/\/schema.org","@graph":[{"@type":"WebPage","@id":"https:\/\/heleianestalzibo.eu\/","url":"https:\/\/heleianestalzibo.eu\/","name":"Dr. Heleia Nestal Zibo - Heleia Nestal Zibo Kolju- ja n&auml;okirurg","isPartOf":{"@id":"https:\/\/heleianestalzibo.eu\/#website"},"primaryImageOfPage":{"@id":"https:\/\/heleianestalzibo.eu\/#primaryimage"},"image":{"@id":"https:\/\/heleianestalzibo.eu\/#primaryimage"},"thumbnailUrl":"https:\/\/heleianestalzibo.eu\/wp-content\/uploads\/2025\/10\/RENE-LUTTERUS-8053-683x1024.jpg","datePublished":"2019-07-30T20:36:47+00:00","dateModified":"2025-10-18T11:10:12+00:00","description":"Dr. Heleia Nestal Zibo t\u00f6\u00f6tab kolju- ja n\u00e4o-l\u00f5ualuu kirurgina P\u00f5hja-Eesti Regionaalhaiglas ja Tallinna Lastehaiglas. Kranios\u00fcnostoosi ravi algataja.","breadcrumb":{"@id":"https:\/\/heleianestalzibo.eu\/#breadcrumb"},"inLanguage":"et","potentialAction":[{"@type":"ReadAction","target":["https:\/\/heleianestalzibo.eu\/"]}]},{"@type":"ImageObject","inLanguage":"et","@id":"https:\/\/heleianestalzibo.eu\/#primaryimage","url":"https:\/\/heleianestalzibo.eu\/wp-content\/uploads\/2025\/10\/RENE-LUTTERUS-8053-683x1024.jpg","contentUrl":"https:\/\/heleianestalzibo.eu\/wp-content\/uploads\/2025\/10\/RENE-LUTTERUS-8053-683x1024.jpg"},{"@type":"BreadcrumbList","@id":"https:\/\/heleianestalzibo.eu\/#breadcrumb","itemListElement":[{"@type":"ListItem","position":1,"name":"Home","item":"https:\/\/heleianestalzibo.eu\/"},{"@type":"ListItem","position":2,"name":"Karj\u00e4\u00e4r"}]},{"@type":"WebSite","@id":"https:\/\/heleianestalzibo.eu\/#website","url":"https:\/\/heleianestalzibo.eu\/","name":"Heleia Nestal Zibo","description":"Kolju- ja n&auml;okirurg","publisher":{"@id":"https:\/\/heleianestalzibo.eu\/#\/schema\/person\/0d02ef88bc0fa1398e9263e383a51584"},"potentialAction":[{"@type":"SearchAction","target":{"@type":"EntryPoint","urlTemplate":"https:\/\/heleianestalzibo.eu\/?s={search_term_string}"},"query-input":{"@type":"PropertyValueSpecification","valueRequired":true,"valueName":"search_term_string"}}],"inLanguage":"et"},{"@type":["Person","Organization"],"@id":"https:\/\/heleianestalzibo.eu\/#\/schema\/person\/0d02ef88bc0fa1398e9263e383a51584","name":"hnz","logo":{"@id":"https:\/\/heleianestalzibo.eu\/#\/schema\/person\/image\/"}}]}},"rttpg_featured_image_url":null,"rttpg_author":{"display_name":"J K","author_link":"https:\/\/heleianestalzibo.eu\/et\/author\/jcrist\/"},"rttpg_comment":0,"rttpg_category":null,"rttpg_excerpt":"Dr. Heleia Nestal Zibo \u2013 kolju-ja n\u00e4o kirurg Eestis Dr. Heleia Nestal Zibo on Brasiiliast p\u00e4rit n\u00e4o- ja l\u00f5ualuukirurg, kes t\u00f6\u00f6tab Eestis juba \u00fcle 19 aasta. Peamised tegevusvaldkonnad: Eesti kirurgide seas on dr. Nestal ainus, kellel on nii arsti- kui hambaarsti kraad, mis annab s\u00fcvendatud teadmised kolju ja n\u00e4o anatoomiast ning nende funktsioonidest. Missioon Dr.&hellip;","_links":{"self":[{"href":"https:\/\/heleianestalzibo.eu\/et\/wp-json\/wp\/v2\/pages\/20","targetHints":{"allow":["GET"]}}],"collection":[{"href":"https:\/\/heleianestalzibo.eu\/et\/wp-json\/wp\/v2\/pages"}],"about":[{"href":"https:\/\/heleianestalzibo.eu\/et\/wp-json\/wp\/v2\/types\/page"}],"author":[{"embeddable":true,"href":"https:\/\/heleianestalzibo.eu\/et\/wp-json\/wp\/v2\/users\/2"}],"replies":[{"embeddable":true,"href":"https:\/\/heleianestalzibo.eu\/et\/wp-json\/wp\/v2\/comments?post=20"}],"version-history":[{"count":35,"href":"https:\/\/heleianestalzibo.eu\/et\/wp-json\/wp\/v2\/pages\/20\/revisions"}],"predecessor-version":[{"id":1244,"href":"https:\/\/heleianestalzibo.eu\/et\/wp-json\/wp\/v2\/pages\/20\/revisions\/1244"}],"wp:attachment":[{"href":"https:\/\/heleianestalzibo.eu\/et\/wp-json\/wp\/v2\/media?parent=20"}],"curies":[{"name":"wp","href":"https:\/\/api.w.org\/{rel}","templated":true}]}}