{"id":234,"date":"2019-10-15T13:34:30","date_gmt":"2019-10-15T11:34:30","guid":{"rendered":"https:\/\/heleianestalzibo.eu\/?page_id=234"},"modified":"2025-09-17T18:29:34","modified_gmt":"2025-09-17T16:29:34","slug":"nao-ringloikus-ja-kaela-kortsude-korrektsioon-2","status":"publish","type":"page","link":"https:\/\/heleianestalzibo.eu\/et\/nao-ringloikus-ja-kaela-kortsude-korrektsioon-2\/","title":{"rendered":"N\u00e4o ringl\u00f5ikus ja kaela kortsude korrektsioon"},"content":{"rendered":"\n<h2 class=\"wp-block-heading\">Mis on n\u00e4o ringl\u00f5ikus?<\/h2>\n\n\n\n<p>Alates 30. eluaastatest hakkavad gravitatsiooni m\u00f5jul n\u00e4o struktuurid alla vajuma. Selle tulemusel kaovad \u00fcmarad n\u00e4okontuurid, mida seostatakse noorusliku v\u00e4limusega. Osa vajumisest on tingitud n\u00e4o rasvapadjakeste langemisest.<\/p>\n\n\n\n<p>N\u00e4o ringl\u00f5ikus aitab leevendada vananemise n\u00e4htusid ning taastada noore ja v\u00e4rske v\u00e4limuse, mille m\u00f5ju v\u00f5ib p\u00fcsida aastaid.<\/p>\n\n\n\n<h3 class=\"wp-block-heading\">Kombineeritud protseduurid<\/h3>\n\n\n\n<p>N\u00e4o ringl\u00f5ikust ja kaela plastika tehakse sageli \u00fcheaegselt ning neid v\u00f5ib kombineerida ka teiste protseduuridega, n\u00e4iteks:<\/p>\n\n\n\n<ul class=\"wp-block-list\">\n<li>laugude plastika<\/li>\n\n\n\n<li>rasva siirdamine<\/li>\n\n\n\n<li>l\u00f5uaaluse rasva eemaldamine<\/li>\n\n\n\n<li>Kulmude v\u00f5i otsmiku t\u00f5stmine<\/li>\n<\/ul>\n\n\n\n<p>See v\u00f5imaldab saavutada tervikliku ja loomuliku tulemuse.<\/p>\n\n\n\n<h3 class=\"wp-block-heading\">Kuidas protseduur toimub?<\/h3>\n\n\n\n<p>Operatsiooni k\u00e4igus:<\/p>\n\n\n\n<ul class=\"wp-block-list\">\n<li>t\u00f5stetakse n\u00e4o ja kaela pindmine lihaskiht,<\/li>\n\n\n\n<li>lihas fikseeritakse spetsiaalse \u00f5mblusega,<\/li>\n\n\n\n<li>eemaldatakse liigne nahk,<\/li>\n\n\n\n<li>taastatakse selge alal\u00f5ualuu ja kaela vaheline joon.<\/li>\n<\/ul>\n\n\n\n<p>Tulemus j\u00e4\u00e4b loomulik ja armid on peidetud k\u00f5rvalesta loomulikku voldi taha, mist\u00f5ttu need on vaevum\u00e4rgatavad.<\/p>\n\n\n\n<h3 class=\"wp-block-heading\">Anesteesia ja taastumine:<\/h3>\n\n\n\n<ul class=\"wp-block-list\">\n<li>Protseduur viiakse l\u00e4bi \u00fcldnarkoosis p\u00e4evakirurgia tingimustes.<\/li>\n\n\n\n<li>Operatsiooni j\u00e4rel on v\u00f5imalik samal \u00f5htul koju minna, kuid soovitatav on j\u00e4\u00e4da \u00f6\u00f6seks haiglasse.<\/li>\n\n\n\n<li>Esmane taastumine kestab umbes 5 p\u00e4eva.<\/li>\n\n\n\n<li>Kerged verevalumid ja naha toonimuutused v\u00f5ivad p\u00fcsida kuni 2 n\u00e4dalat.<\/li>\n\n\n\n<li>\u00d5mblused eemaldatakse 10 p\u00e4eva p\u00e4rast ning haavad paranevad tavaliselt h\u00e4sti.<\/li>\n<\/ul>\n\n\n\n<div class=\"wp-block-buttons is-content-justification-center is-layout-flex wp-container-core-buttons-is-layout-a89b3969 wp-block-buttons-is-layout-flex\">\n<div class=\"wp-block-button\"><a class=\"wp-block-button__link wp-element-button\" href=\"https:\/\/www.confido.ee\/info-ja-kontaktid\/meie-inimesed\/dr-heleia-nestal-zibo\/\">Tule konsultatsioonile<\/a><\/div>\n<\/div>\n\n\n\n<h3 class=\"wp-block-heading\"><figure><img loading=\"lazy\" decoding=\"async\" src=\"https:\/\/heleianestalzibo.eu\/wp-content\/uploads\/2019\/11\/face-lift-1.jpg\" alt=\"\" width=\"566\" height=\"319\"><\/figure><\/h3>\n","protected":false},"excerpt":{"rendered":"<p>Mis on n\u00e4o ringl\u00f5ikus? Alates 30. eluaastatest hakkavad gravitatsiooni m\u00f5jul n\u00e4o struktuurid alla vajuma. Selle tulemusel kaovad \u00fcmarad n\u00e4okontuurid, mida seostatakse noorusliku v\u00e4limusega. Osa vajumisest on tingitud n\u00e4o rasvapadjakeste langemisest. N\u00e4o ringl\u00f5ikus aitab leevendada vananemise n\u00e4htusid ning taastada noore ja v\u00e4rske v\u00e4limuse, mille m\u00f5ju v\u00f5ib p\u00fcsida aastaid. Kombineeritud protseduurid N\u00e4o ringl\u00f5ikust ja kaela plastika tehakse [&hellip;]<\/p>\n","protected":false},"author":1,"featured_media":0,"parent":0,"menu_order":0,"comment_status":"closed","ping_status":"closed","template":"","meta":{"footnotes":""},"class_list":["post-234","page","type-page","status-publish","hentry"],"yoast_head":"<!-- This site is optimized with the Yoast SEO plugin v25.9 - https:\/\/yoast.com\/wordpress\/plugins\/seo\/ -->\n<title>N\u00e4o ringl\u00f5ikus ja kaela kortsude korrektsioon - Heleia Nestal Zibo<\/title>\n<meta name=\"description\" content=\"N\u00e4o ringl\u00f5ikus v\u00f5imaldab leevendada vananemise protsessi ning v\u00f5ib pakkuda noore ja v\u00e4rske v\u00e4limuse isegi aastaid p\u00e4rast korrektsiooni.\" \/>\n<meta name=\"robots\" content=\"index, follow, max-snippet:-1, max-image-preview:large, max-video-preview:-1\" \/>\n<link rel=\"canonical\" href=\"https:\/\/heleianestalzibo.eu\/et\/nao-ringloikus-ja-kaela-kortsude-korrektsioon-2\/\" \/>\n<meta property=\"og:locale\" content=\"et_EE\" \/>\n<meta property=\"og:type\" content=\"article\" \/>\n<meta property=\"og:title\" content=\"N\u00e4o ringl\u00f5ikus ja kaela kortsude korrektsioon - Heleia Nestal Zibo\" \/>\n<meta property=\"og:description\" content=\"N\u00e4o ringl\u00f5ikus v\u00f5imaldab leevendada vananemise protsessi ning v\u00f5ib pakkuda noore ja v\u00e4rske v\u00e4limuse isegi aastaid p\u00e4rast korrektsiooni.\" \/>\n<meta property=\"og:url\" content=\"https:\/\/heleianestalzibo.eu\/et\/nao-ringloikus-ja-kaela-kortsude-korrektsioon-2\/\" \/>\n<meta property=\"og:site_name\" content=\"Heleia Nestal Zibo\" \/>\n<meta property=\"article:modified_time\" content=\"2025-09-17T16:29:34+00:00\" \/>\n<meta property=\"og:image\" content=\"https:\/\/heleianestalzibo.eu\/wp-content\/uploads\/2019\/11\/face-lift-1.jpg\" \/>\n<meta name=\"twitter:card\" content=\"summary_large_image\" \/>\n<meta name=\"twitter:label1\" content=\"Est. reading time\" \/>\n\t<meta name=\"twitter:data1\" content=\"1 minut\" \/>\n<script type=\"application\/ld+json\" class=\"yoast-schema-graph\">{\"@context\":\"https:\/\/schema.org\",\"@graph\":[{\"@type\":\"WebPage\",\"@id\":\"https:\/\/heleianestalzibo.eu\/et\/nao-ringloikus-ja-kaela-kortsude-korrektsioon-2\/\",\"url\":\"https:\/\/heleianestalzibo.eu\/et\/nao-ringloikus-ja-kaela-kortsude-korrektsioon-2\/\",\"name\":\"N\u00e4o ringl\u00f5ikus ja kaela kortsude korrektsioon - Heleia Nestal Zibo\",\"isPartOf\":{\"@id\":\"https:\/\/heleianestalzibo.eu\/#website\"},\"primaryImageOfPage\":{\"@id\":\"https:\/\/heleianestalzibo.eu\/et\/nao-ringloikus-ja-kaela-kortsude-korrektsioon-2\/#primaryimage\"},\"image\":{\"@id\":\"https:\/\/heleianestalzibo.eu\/et\/nao-ringloikus-ja-kaela-kortsude-korrektsioon-2\/#primaryimage\"},\"thumbnailUrl\":\"https:\/\/heleianestalzibo.eu\/wp-content\/uploads\/2019\/11\/face-lift-1.jpg\",\"datePublished\":\"2019-10-15T11:34:30+00:00\",\"dateModified\":\"2025-09-17T16:29:34+00:00\",\"description\":\"N\u00e4o ringl\u00f5ikus v\u00f5imaldab leevendada vananemise protsessi ning v\u00f5ib pakkuda noore ja v\u00e4rske v\u00e4limuse isegi aastaid p\u00e4rast korrektsiooni.\",\"breadcrumb\":{\"@id\":\"https:\/\/heleianestalzibo.eu\/et\/nao-ringloikus-ja-kaela-kortsude-korrektsioon-2\/#breadcrumb\"},\"inLanguage\":\"et\",\"potentialAction\":[{\"@type\":\"ReadAction\",\"target\":[\"https:\/\/heleianestalzibo.eu\/et\/nao-ringloikus-ja-kaela-kortsude-korrektsioon-2\/\"]}]},{\"@type\":\"ImageObject\",\"inLanguage\":\"et\",\"@id\":\"https:\/\/heleianestalzibo.eu\/et\/nao-ringloikus-ja-kaela-kortsude-korrektsioon-2\/#primaryimage\",\"url\":\"https:\/\/heleianestalzibo.eu\/wp-content\/uploads\/2019\/11\/face-lift-1.jpg\",\"contentUrl\":\"https:\/\/heleianestalzibo.eu\/wp-content\/uploads\/2019\/11\/face-lift-1.jpg\"},{\"@type\":\"BreadcrumbList\",\"@id\":\"https:\/\/heleianestalzibo.eu\/et\/nao-ringloikus-ja-kaela-kortsude-korrektsioon-2\/#breadcrumb\",\"itemListElement\":[{\"@type\":\"ListItem\",\"position\":1,\"name\":\"Home\",\"item\":\"https:\/\/heleianestalzibo.eu\/\"},{\"@type\":\"ListItem\",\"position\":2,\"name\":\"N\u00e4o ringl\u00f5ikus ja kaela kortsude korrektsioon\"}]},{\"@type\":\"WebSite\",\"@id\":\"https:\/\/heleianestalzibo.eu\/#website\",\"url\":\"https:\/\/heleianestalzibo.eu\/\",\"name\":\"Heleia Nestal Zibo\",\"description\":\"Kolju- ja n&auml;okirurg\",\"publisher\":{\"@id\":\"https:\/\/heleianestalzibo.eu\/#\/schema\/person\/0d02ef88bc0fa1398e9263e383a51584\"},\"potentialAction\":[{\"@type\":\"SearchAction\",\"target\":{\"@type\":\"EntryPoint\",\"urlTemplate\":\"https:\/\/heleianestalzibo.eu\/?s={search_term_string}\"},\"query-input\":{\"@type\":\"PropertyValueSpecification\",\"valueRequired\":true,\"valueName\":\"search_term_string\"}}],\"inLanguage\":\"et\"},{\"@type\":[\"Person\",\"Organization\"],\"@id\":\"https:\/\/heleianestalzibo.eu\/#\/schema\/person\/0d02ef88bc0fa1398e9263e383a51584\",\"name\":\"hnz\",\"logo\":{\"@id\":\"https:\/\/heleianestalzibo.eu\/#\/schema\/person\/image\/\"}}]}<\/script>\n<!-- \/ Yoast SEO plugin. -->","yoast_head_json":{"title":"N\u00e4o ringl\u00f5ikus ja kaela kortsude korrektsioon - Heleia Nestal Zibo","description":"N\u00e4o ringl\u00f5ikus v\u00f5imaldab leevendada vananemise protsessi ning v\u00f5ib pakkuda noore ja v\u00e4rske v\u00e4limuse isegi aastaid p\u00e4rast korrektsiooni.","robots":{"index":"index","follow":"follow","max-snippet":"max-snippet:-1","max-image-preview":"max-image-preview:large","max-video-preview":"max-video-preview:-1"},"canonical":"https:\/\/heleianestalzibo.eu\/et\/nao-ringloikus-ja-kaela-kortsude-korrektsioon-2\/","og_locale":"et_EE","og_type":"article","og_title":"N\u00e4o ringl\u00f5ikus ja kaela kortsude korrektsioon - Heleia Nestal Zibo","og_description":"N\u00e4o ringl\u00f5ikus v\u00f5imaldab leevendada vananemise protsessi ning v\u00f5ib pakkuda noore ja v\u00e4rske v\u00e4limuse isegi aastaid p\u00e4rast korrektsiooni.","og_url":"https:\/\/heleianestalzibo.eu\/et\/nao-ringloikus-ja-kaela-kortsude-korrektsioon-2\/","og_site_name":"Heleia Nestal Zibo","article_modified_time":"2025-09-17T16:29:34+00:00","og_image":[{"url":"https:\/\/heleianestalzibo.eu\/wp-content\/uploads\/2019\/11\/face-lift-1.jpg","type":"","width":"","height":""}],"twitter_card":"summary_large_image","twitter_misc":{"Est. reading time":"1 minut"},"schema":{"@context":"https:\/\/schema.org","@graph":[{"@type":"WebPage","@id":"https:\/\/heleianestalzibo.eu\/et\/nao-ringloikus-ja-kaela-kortsude-korrektsioon-2\/","url":"https:\/\/heleianestalzibo.eu\/et\/nao-ringloikus-ja-kaela-kortsude-korrektsioon-2\/","name":"N\u00e4o ringl\u00f5ikus ja kaela kortsude korrektsioon - Heleia Nestal Zibo","isPartOf":{"@id":"https:\/\/heleianestalzibo.eu\/#website"},"primaryImageOfPage":{"@id":"https:\/\/heleianestalzibo.eu\/et\/nao-ringloikus-ja-kaela-kortsude-korrektsioon-2\/#primaryimage"},"image":{"@id":"https:\/\/heleianestalzibo.eu\/et\/nao-ringloikus-ja-kaela-kortsude-korrektsioon-2\/#primaryimage"},"thumbnailUrl":"https:\/\/heleianestalzibo.eu\/wp-content\/uploads\/2019\/11\/face-lift-1.jpg","datePublished":"2019-10-15T11:34:30+00:00","dateModified":"2025-09-17T16:29:34+00:00","description":"N\u00e4o ringl\u00f5ikus v\u00f5imaldab leevendada vananemise protsessi ning v\u00f5ib pakkuda noore ja v\u00e4rske v\u00e4limuse isegi aastaid p\u00e4rast korrektsiooni.","breadcrumb":{"@id":"https:\/\/heleianestalzibo.eu\/et\/nao-ringloikus-ja-kaela-kortsude-korrektsioon-2\/#breadcrumb"},"inLanguage":"et","potentialAction":[{"@type":"ReadAction","target":["https:\/\/heleianestalzibo.eu\/et\/nao-ringloikus-ja-kaela-kortsude-korrektsioon-2\/"]}]},{"@type":"ImageObject","inLanguage":"et","@id":"https:\/\/heleianestalzibo.eu\/et\/nao-ringloikus-ja-kaela-kortsude-korrektsioon-2\/#primaryimage","url":"https:\/\/heleianestalzibo.eu\/wp-content\/uploads\/2019\/11\/face-lift-1.jpg","contentUrl":"https:\/\/heleianestalzibo.eu\/wp-content\/uploads\/2019\/11\/face-lift-1.jpg"},{"@type":"BreadcrumbList","@id":"https:\/\/heleianestalzibo.eu\/et\/nao-ringloikus-ja-kaela-kortsude-korrektsioon-2\/#breadcrumb","itemListElement":[{"@type":"ListItem","position":1,"name":"Home","item":"https:\/\/heleianestalzibo.eu\/"},{"@type":"ListItem","position":2,"name":"N\u00e4o ringl\u00f5ikus ja kaela kortsude korrektsioon"}]},{"@type":"WebSite","@id":"https:\/\/heleianestalzibo.eu\/#website","url":"https:\/\/heleianestalzibo.eu\/","name":"Heleia Nestal Zibo","description":"Kolju- ja n&auml;okirurg","publisher":{"@id":"https:\/\/heleianestalzibo.eu\/#\/schema\/person\/0d02ef88bc0fa1398e9263e383a51584"},"potentialAction":[{"@type":"SearchAction","target":{"@type":"EntryPoint","urlTemplate":"https:\/\/heleianestalzibo.eu\/?s={search_term_string}"},"query-input":{"@type":"PropertyValueSpecification","valueRequired":true,"valueName":"search_term_string"}}],"inLanguage":"et"},{"@type":["Person","Organization"],"@id":"https:\/\/heleianestalzibo.eu\/#\/schema\/person\/0d02ef88bc0fa1398e9263e383a51584","name":"hnz","logo":{"@id":"https:\/\/heleianestalzibo.eu\/#\/schema\/person\/image\/"}}]}},"rttpg_featured_image_url":null,"rttpg_author":{"display_name":"hnz","author_link":"https:\/\/heleianestalzibo.eu\/et\/author\/hnz\/"},"rttpg_comment":0,"rttpg_category":null,"rttpg_excerpt":"Mis on n\u00e4o ringl\u00f5ikus? Alates 30. eluaastatest hakkavad gravitatsiooni m\u00f5jul n\u00e4o struktuurid alla vajuma. Selle tulemusel kaovad \u00fcmarad n\u00e4okontuurid, mida seostatakse noorusliku v\u00e4limusega. Osa vajumisest on tingitud n\u00e4o rasvapadjakeste langemisest. N\u00e4o ringl\u00f5ikus aitab leevendada vananemise n\u00e4htusid ning taastada noore ja v\u00e4rske v\u00e4limuse, mille m\u00f5ju v\u00f5ib p\u00fcsida aastaid. Kombineeritud protseduurid N\u00e4o ringl\u00f5ikust ja kaela plastika tehakse&hellip;","_links":{"self":[{"href":"https:\/\/heleianestalzibo.eu\/et\/wp-json\/wp\/v2\/pages\/234","targetHints":{"allow":["GET"]}}],"collection":[{"href":"https:\/\/heleianestalzibo.eu\/et\/wp-json\/wp\/v2\/pages"}],"about":[{"href":"https:\/\/heleianestalzibo.eu\/et\/wp-json\/wp\/v2\/types\/page"}],"author":[{"embeddable":true,"href":"https:\/\/heleianestalzibo.eu\/et\/wp-json\/wp\/v2\/users\/1"}],"replies":[{"embeddable":true,"href":"https:\/\/heleianestalzibo.eu\/et\/wp-json\/wp\/v2\/comments?post=234"}],"version-history":[{"count":9,"href":"https:\/\/heleianestalzibo.eu\/et\/wp-json\/wp\/v2\/pages\/234\/revisions"}],"predecessor-version":[{"id":1060,"href":"https:\/\/heleianestalzibo.eu\/et\/wp-json\/wp\/v2\/pages\/234\/revisions\/1060"}],"wp:attachment":[{"href":"https:\/\/heleianestalzibo.eu\/et\/wp-json\/wp\/v2\/media?parent=234"}],"curies":[{"name":"wp","href":"https:\/\/api.w.org\/{rel}","templated":true}]}}