{"id":682,"date":"2025-01-27T13:44:21","date_gmt":"2025-01-27T11:44:21","guid":{"rendered":"https:\/\/heleianestalzibo.eu\/?page_id=682"},"modified":"2026-02-17T20:04:51","modified_gmt":"2026-02-17T18:04:51","slug":"vastutuskindlustuse-info","status":"publish","type":"page","link":"https:\/\/heleianestalzibo.eu\/et\/vastutuskindlustuse-info\/","title":{"rendered":"Vastutuskindlustuse info"},"content":{"rendered":"\n<h2 class=\"wp-block-heading\">Vastutuskindlustus ja kahjun\u00f5ude esitamise info<\/h2>\n\n\n\n<p>Eesm\u00e4rgiks on tagada, et patsiendid saavad enne teenuse kasutamist vajaliku kindlustusinfo k\u00e4tte, et tagada nende turvalisus ja heaolu.<\/p>\n\n\n\n<h2 class=\"wp-block-heading\">Vastutuskindlustuse info<\/h2>\n\n\n\n<p>Minu vastutuskindlustuse andja on PZU Kindlustus (AB \u201eLietuvos draudimas\u201c Eesti filiaal), mille kindlustusperiood kestab\u00a001.11.2025 kuni 31.10.2026.. Kindlustus tagab teenuste osutamise ajal v\u00f5imalikud riskid, pakkudes kindlustuskatteid, mis kaitsevad patsientide huve.<\/p>\n\n\n\n<p>Kindlustussumma:<\/p>\n\n\n\n<ul class=\"wp-block-list\">\n<li>3 000 000 \u20ac kindlustusperioodi kohta<\/li>\n\n\n\n<li>300 000 \u20ac kindlustusjuhtumi kohta<\/li>\n\n\n\n<li>100 000 \u20ac \u00f5igustatud isiku kohta<\/li>\n<\/ul>\n\n\n\n<p>Mittevaralise kahju kindlustussumma:<\/p>\n\n\n\n<ul class=\"wp-block-list\">\n<li>100 000 \u20ac kindlustusjuhtumi kohta<\/li>\n\n\n\n<li>30 000 \u20ac \u00f5igustatud isiku kohta<\/li>\n<\/ul>\n\n\n\n<h2 class=\"wp-block-heading\">Kahjun\u00f5ude esitamine:<\/h2>\n\n\n\n<p>Tervishoiuteenuse enda kontakt v\u00f5i <a href=\"https:\/\/www.pzu.ee\/iseteenindus\/\">PZU Kindlustuse Iseteenindus<\/a><br>Kahju esitamiseks palun t\u00e4itke <a href=\"https:\/\/www.pzu.ee\/iseteenindus\/\">PZU Kindlustuse Iseteeninduses<\/a> olev vorm ning kindlustusandja v\u00f5tab teiega \u00fchendust.<\/p>\n","protected":false},"excerpt":{"rendered":"<p>Vastutuskindlustus ja kahjun\u00f5ude esitamise info Eesm\u00e4rgiks on tagada, et patsiendid saavad enne teenuse kasutamist vajaliku kindlustusinfo k\u00e4tte, et tagada nende turvalisus ja heaolu. Vastutuskindlustuse info Minu vastutuskindlustuse andja on PZU Kindlustus (AB \u201eLietuvos draudimas\u201c Eesti filiaal), mille kindlustusperiood kestab\u00a001.11.2025 kuni 31.10.2026.. Kindlustus tagab teenuste osutamise ajal v\u00f5imalikud riskid, pakkudes kindlustuskatteid, mis kaitsevad patsientide huve. Kindlustussumma: [&hellip;]<\/p>\n","protected":false},"author":1,"featured_media":0,"parent":0,"menu_order":0,"comment_status":"closed","ping_status":"closed","template":"","meta":{"footnotes":""},"class_list":["post-682","page","type-page","status-publish","hentry"],"yoast_head":"<!-- This site is optimized with the Yoast SEO plugin v25.9 - https:\/\/yoast.com\/wordpress\/plugins\/seo\/ -->\n<title>Vastutuskindlustuse info - Heleia Nestal Zibo<\/title>\n<meta name=\"description\" content=\"Heleia Nestal Zibo\" \/>\n<meta name=\"robots\" content=\"index, follow, max-snippet:-1, max-image-preview:large, max-video-preview:-1\" \/>\n<link rel=\"canonical\" href=\"https:\/\/heleianestalzibo.eu\/et\/vastutuskindlustuse-info\/\" \/>\n<meta property=\"og:locale\" content=\"et_EE\" \/>\n<meta property=\"og:type\" content=\"article\" \/>\n<meta property=\"og:title\" content=\"Vastutuskindlustuse info - Heleia Nestal Zibo\" \/>\n<meta property=\"og:description\" content=\"Heleia Nestal Zibo\" \/>\n<meta property=\"og:url\" content=\"https:\/\/heleianestalzibo.eu\/et\/vastutuskindlustuse-info\/\" \/>\n<meta property=\"og:site_name\" content=\"Heleia Nestal Zibo\" \/>\n<meta property=\"article:modified_time\" content=\"2026-02-17T18:04:51+00:00\" \/>\n<meta name=\"twitter:card\" content=\"summary_large_image\" \/>\n<meta name=\"twitter:label1\" content=\"Est. reading time\" \/>\n\t<meta name=\"twitter:data1\" content=\"1 minut\" \/>\n<script type=\"application\/ld+json\" class=\"yoast-schema-graph\">{\"@context\":\"https:\/\/schema.org\",\"@graph\":[{\"@type\":\"WebPage\",\"@id\":\"https:\/\/heleianestalzibo.eu\/vastutuskindlustuse-info\/\",\"url\":\"https:\/\/heleianestalzibo.eu\/vastutuskindlustuse-info\/\",\"name\":\"Vastutuskindlustuse info - Heleia Nestal Zibo\",\"isPartOf\":{\"@id\":\"https:\/\/heleianestalzibo.eu\/#website\"},\"datePublished\":\"2025-01-27T11:44:21+00:00\",\"dateModified\":\"2026-02-17T18:04:51+00:00\",\"description\":\"Heleia Nestal Zibo\",\"breadcrumb\":{\"@id\":\"https:\/\/heleianestalzibo.eu\/vastutuskindlustuse-info\/#breadcrumb\"},\"inLanguage\":\"et\",\"potentialAction\":[{\"@type\":\"ReadAction\",\"target\":[\"https:\/\/heleianestalzibo.eu\/vastutuskindlustuse-info\/\"]}]},{\"@type\":\"BreadcrumbList\",\"@id\":\"https:\/\/heleianestalzibo.eu\/vastutuskindlustuse-info\/#breadcrumb\",\"itemListElement\":[{\"@type\":\"ListItem\",\"position\":1,\"name\":\"Home\",\"item\":\"https:\/\/heleianestalzibo.eu\/\"},{\"@type\":\"ListItem\",\"position\":2,\"name\":\"Vastutuskindlustuse info\"}]},{\"@type\":\"WebSite\",\"@id\":\"https:\/\/heleianestalzibo.eu\/#website\",\"url\":\"https:\/\/heleianestalzibo.eu\/\",\"name\":\"Heleia Nestal Zibo\",\"description\":\"Kolju- ja n&auml;okirurg\",\"publisher\":{\"@id\":\"https:\/\/heleianestalzibo.eu\/#\/schema\/person\/0d02ef88bc0fa1398e9263e383a51584\"},\"potentialAction\":[{\"@type\":\"SearchAction\",\"target\":{\"@type\":\"EntryPoint\",\"urlTemplate\":\"https:\/\/heleianestalzibo.eu\/?s={search_term_string}\"},\"query-input\":{\"@type\":\"PropertyValueSpecification\",\"valueRequired\":true,\"valueName\":\"search_term_string\"}}],\"inLanguage\":\"et\"},{\"@type\":[\"Person\",\"Organization\"],\"@id\":\"https:\/\/heleianestalzibo.eu\/#\/schema\/person\/0d02ef88bc0fa1398e9263e383a51584\",\"name\":\"hnz\",\"logo\":{\"@id\":\"https:\/\/heleianestalzibo.eu\/#\/schema\/person\/image\/\"}}]}<\/script>\n<!-- \/ Yoast SEO plugin. -->","yoast_head_json":{"title":"Vastutuskindlustuse info - Heleia Nestal Zibo","description":"Heleia Nestal Zibo","robots":{"index":"index","follow":"follow","max-snippet":"max-snippet:-1","max-image-preview":"max-image-preview:large","max-video-preview":"max-video-preview:-1"},"canonical":"https:\/\/heleianestalzibo.eu\/et\/vastutuskindlustuse-info\/","og_locale":"et_EE","og_type":"article","og_title":"Vastutuskindlustuse info - Heleia Nestal Zibo","og_description":"Heleia Nestal Zibo","og_url":"https:\/\/heleianestalzibo.eu\/et\/vastutuskindlustuse-info\/","og_site_name":"Heleia Nestal Zibo","article_modified_time":"2026-02-17T18:04:51+00:00","twitter_card":"summary_large_image","twitter_misc":{"Est. reading time":"1 minut"},"schema":{"@context":"https:\/\/schema.org","@graph":[{"@type":"WebPage","@id":"https:\/\/heleianestalzibo.eu\/vastutuskindlustuse-info\/","url":"https:\/\/heleianestalzibo.eu\/vastutuskindlustuse-info\/","name":"Vastutuskindlustuse info - Heleia Nestal Zibo","isPartOf":{"@id":"https:\/\/heleianestalzibo.eu\/#website"},"datePublished":"2025-01-27T11:44:21+00:00","dateModified":"2026-02-17T18:04:51+00:00","description":"Heleia Nestal Zibo","breadcrumb":{"@id":"https:\/\/heleianestalzibo.eu\/vastutuskindlustuse-info\/#breadcrumb"},"inLanguage":"et","potentialAction":[{"@type":"ReadAction","target":["https:\/\/heleianestalzibo.eu\/vastutuskindlustuse-info\/"]}]},{"@type":"BreadcrumbList","@id":"https:\/\/heleianestalzibo.eu\/vastutuskindlustuse-info\/#breadcrumb","itemListElement":[{"@type":"ListItem","position":1,"name":"Home","item":"https:\/\/heleianestalzibo.eu\/"},{"@type":"ListItem","position":2,"name":"Vastutuskindlustuse info"}]},{"@type":"WebSite","@id":"https:\/\/heleianestalzibo.eu\/#website","url":"https:\/\/heleianestalzibo.eu\/","name":"Heleia Nestal Zibo","description":"Kolju- ja n&auml;okirurg","publisher":{"@id":"https:\/\/heleianestalzibo.eu\/#\/schema\/person\/0d02ef88bc0fa1398e9263e383a51584"},"potentialAction":[{"@type":"SearchAction","target":{"@type":"EntryPoint","urlTemplate":"https:\/\/heleianestalzibo.eu\/?s={search_term_string}"},"query-input":{"@type":"PropertyValueSpecification","valueRequired":true,"valueName":"search_term_string"}}],"inLanguage":"et"},{"@type":["Person","Organization"],"@id":"https:\/\/heleianestalzibo.eu\/#\/schema\/person\/0d02ef88bc0fa1398e9263e383a51584","name":"hnz","logo":{"@id":"https:\/\/heleianestalzibo.eu\/#\/schema\/person\/image\/"}}]}},"rttpg_featured_image_url":null,"rttpg_author":{"display_name":"hnz","author_link":"https:\/\/heleianestalzibo.eu\/et\/author\/hnz\/"},"rttpg_comment":0,"rttpg_category":null,"rttpg_excerpt":"Vastutuskindlustus ja kahjun\u00f5ude esitamise info Eesm\u00e4rgiks on tagada, et patsiendid saavad enne teenuse kasutamist vajaliku kindlustusinfo k\u00e4tte, et tagada nende turvalisus ja heaolu. Vastutuskindlustuse info Minu vastutuskindlustuse andja on PZU Kindlustus (AB \u201eLietuvos draudimas\u201c Eesti filiaal), mille kindlustusperiood kestab\u00a001.11.2025 kuni 31.10.2026.. Kindlustus tagab teenuste osutamise ajal v\u00f5imalikud riskid, pakkudes kindlustuskatteid, mis kaitsevad patsientide huve. Kindlustussumma:&hellip;","_links":{"self":[{"href":"https:\/\/heleianestalzibo.eu\/et\/wp-json\/wp\/v2\/pages\/682","targetHints":{"allow":["GET"]}}],"collection":[{"href":"https:\/\/heleianestalzibo.eu\/et\/wp-json\/wp\/v2\/pages"}],"about":[{"href":"https:\/\/heleianestalzibo.eu\/et\/wp-json\/wp\/v2\/types\/page"}],"author":[{"embeddable":true,"href":"https:\/\/heleianestalzibo.eu\/et\/wp-json\/wp\/v2\/users\/1"}],"replies":[{"embeddable":true,"href":"https:\/\/heleianestalzibo.eu\/et\/wp-json\/wp\/v2\/comments?post=682"}],"version-history":[{"count":22,"href":"https:\/\/heleianestalzibo.eu\/et\/wp-json\/wp\/v2\/pages\/682\/revisions"}],"predecessor-version":[{"id":1428,"href":"https:\/\/heleianestalzibo.eu\/et\/wp-json\/wp\/v2\/pages\/682\/revisions\/1428"}],"wp:attachment":[{"href":"https:\/\/heleianestalzibo.eu\/et\/wp-json\/wp\/v2\/media?parent=682"}],"curies":[{"name":"wp","href":"https:\/\/api.w.org\/{rel}","templated":true}]}}