{"id":88,"date":"2019-10-06T13:07:23","date_gmt":"2019-10-06T11:07:23","guid":{"rendered":"https:\/\/heleianestalzibo.eu\/?page_id=88"},"modified":"2025-10-18T13:13:22","modified_gmt":"2025-10-18T11:13:22","slug":"nao-ja-loualuu-kirurgia","status":"publish","type":"page","link":"https:\/\/heleianestalzibo.eu\/et\/nao-ja-loualuu-kirurgia\/","title":{"rendered":"N\u00e4o- ja l\u00f5ualuukirurgia"},"content":{"rendered":"\n<h2 class=\"wp-block-heading\">Mis on n\u00e4o- ja l\u00f5ualuukirurgia?<\/h2>\n\n\n\n<p>N\u00e4o- ja l\u00f5ualuukirurgia on meditsiini eriala, mis tegeleb kolju, n\u00e4o, l\u00f5ualuude ja kaela kaasas\u00fcndinud ning omandatud haiguste ja v\u00e4\u00e4rarengute raviga.<\/p>\n\n\n\n<p>Omandatud haigused ja seisundid v\u00f5ivad tuleneda:<\/p>\n\n\n\n<ul class=\"wp-block-list\">\n<li><p dir=\"ltr\" style=\"line-height: 1.38; margin-top: 12pt; margin-bottom: 0pt;\" role=\"presentation\">traumadest,<\/p><\/li>\n\n\n\n<li><p dir=\"ltr\" style=\"line-height: 1.38; margin-top: 12pt; margin-bottom: 0pt;\" role=\"presentation\">arengu anomaaliatest,<\/p><\/li>\n\n\n\n<li><p dir=\"ltr\" style=\"line-height: 1.38; margin-top: 12pt; margin-bottom: 0pt;\" role=\"presentation\">kasvajatest,<\/p><\/li>\n\n\n\n<li><p dir=\"ltr\" style=\"line-height: 1.38; margin-top: 12pt; margin-bottom: 0pt;\" role=\"presentation\">degeneratiivsetest haigustest,<\/p><\/li>\n\n\n\n<li><p dir=\"ltr\" style=\"line-height: 1.38; margin-top: 12pt; margin-bottom: 0pt;\" role=\"presentation\">vananemisega seotud muutustest.<\/p><\/li>\n<\/ul>\n\n\n\n<p><\/p>\n\n\n\n<h3 class=\"wp-block-heading\">Esteetiline n\u00e4okirurgia<\/h3>\n\n\n\n<p>N\u00e4o- ja l\u00f5ualuukirurgia h\u00f5lmab ka kosmeetilisi operatsioone, mille eesm\u00e4rk on noorendada v\u00e4limust ja parandada enesekindlust:<\/p>\n\n\n\n<ul class=\"wp-block-list\">\n<li><p dir=\"ltr\" style=\"line-height: 1.38; margin-top: 12pt; margin-bottom: 0pt;\" role=\"presentation\">N\u00e4o ringl\u00f5ikus ja kaela kortsude korrektsioon<\/p><\/li>\n\n\n\n<li><p dir=\"ltr\" style=\"line-height: 1.38; margin-top: 12pt; margin-bottom: 0pt;\" role=\"presentation\">Laugude plastika (blefaroplastika)<\/p><\/li>\n\n\n\n<li><p dir=\"ltr\" style=\"line-height: 1.38; margin-top: 12pt; margin-bottom: 0pt;\" role=\"presentation\">Kulmude ja otsmiku t\u00f5stmine<\/p><\/li>\n\n\n\n<li><p dir=\"ltr\" style=\"line-height: 1.38; margin-top: 12pt; margin-bottom: 0pt;\" role=\"presentation\">L\u00f5ua operatsioonid ja implantaadid<\/p><\/li>\n\n\n\n<li><p dir=\"ltr\" style=\"line-height: 1.38; margin-top: 12pt; margin-bottom: 0pt;\" role=\"presentation\">N\u00e4o armide korrektsioon<\/p><\/li>\n\n\n\n<li><p dir=\"ltr\" style=\"line-height: 1.38; margin-top: 12pt; margin-bottom: 0pt;\" role=\"presentation\">Rinoplastika (nina plastika)<\/p><\/li>\n\n\n\n<li><p dir=\"ltr\" style=\"line-height: 1.38; margin-top: 12pt; margin-bottom: 0pt;\" role=\"presentation\">K\u00f5rvalesta plastika (otoplastika)<\/p><\/li>\n\n\n\n<li><p dir=\"ltr\" style=\"line-height: 1.38; margin-top: 12pt; margin-bottom: 0pt;\" role=\"presentation\">Rasva siirdamine n\u00e4o piirkonda<\/p><br><\/li>\n<\/ul>\n\n\n\n<p>Lisaks kuuluvad siia ka mittekirurgilised protseduurid:<\/p>\n\n\n\n<ul class=\"wp-block-list\">\n<li><p dir=\"ltr\" style=\"line-height: 1.38; margin-top: 12pt; margin-bottom: 0pt;\" role=\"presentation\">Botuliintoksiini s\u00fcstid<\/p><\/li>\n\n\n\n<li><p dir=\"ltr\" style=\"line-height: 1.38; margin-top: 12pt; margin-bottom: 0pt;\" role=\"presentation\">T\u00e4ites\u00fcstid (h\u00fcaluroonhape, huulte ja n\u00e4o pehmete kudede t\u00e4itmine)<\/p><br><\/li>\n<\/ul>\n\n\n\n<h3 class=\"wp-block-heading\">Rekonstruktiivne ja funktsionaalne kirurgia<\/h3>\n\n\n\n<p>N\u00e4o- ja l\u00f5ualuukirurgia tegeleb ka t\u00f5sisemate haiguste ja seisunditega, n\u00e4iteks:<\/p>\n\n\n\n<ul class=\"wp-block-list\">\n<li><p dir=\"ltr\" style=\"line-height: 1.38; margin-top: 12pt; margin-bottom: 0pt;\" role=\"presentation\">Ortognaatne kirurgia \u2013 l\u00f5ualuude asendi korrigeerimine ja uneapnoe ravi<\/p><\/li>\n\n\n\n<li><p dir=\"ltr\" style=\"line-height: 1.38; margin-top: 12pt; margin-bottom: 0pt;\" role=\"presentation\">L\u00f5ualuude luu siirdamine hamba implantatsiooni ettevalmistuseks<\/p><\/li>\n\n\n\n<li><p dir=\"ltr\" style=\"line-height: 1.38; margin-top: 12pt; margin-bottom: 0pt;\" role=\"presentation\">Pea ja kaela piirkonna naha kasvajate ravi<\/p><\/li>\n\n\n\n<li><p dir=\"ltr\" style=\"line-height: 1.38; margin-top: 12pt; margin-bottom: 0pt;\" role=\"presentation\">Kolju ja n\u00e4o-l\u00f5ualuu v\u00e4\u00e4rarendite kirurgiline ravi, sh<\/p>\n<ul class=\"wp-block-list\">\n<li><p dir=\"ltr\" style=\"line-height: 1.38; margin-top: 0pt; margin-bottom: 0pt;\" role=\"presentation\">kranios\u00fcnostoos<\/p><\/li>\n\n\n\n<li><p dir=\"ltr\" style=\"line-height: 1.38; margin-top: 0pt; margin-bottom: 0pt;\" role=\"presentation\">huule- ja suulael\u00f5he<\/p><\/li>\n<\/ul>\n<\/li>\n<\/ul>\n\n\n\n<p><\/p>\n\n\n\n<h3 class=\"wp-block-heading\">Eesm\u00e4rk<\/h3>\n\n\n\n<p>N\u00e4o- ja l\u00f5ualuukirurgia eesm\u00e4rk on taastada nii v\u00e4limus kui ka funktsioon, et parandada patsiendi elukvaliteeti, enesetunnet ja tervist.<\/p>\n\n\n\n<div class=\"wp-block-group is-content-justification-center is-nowrap is-layout-flex wp-container-core-group-is-layout-23441af8 wp-block-group-is-layout-flex\">\n<figure class=\"wp-block-image size-large is-resized has-custom-border\"><img loading=\"lazy\" decoding=\"async\" width=\"1024\" height=\"683\" src=\"https:\/\/heleianestalzibo.eu\/wp-content\/uploads\/2025\/10\/RENE-LUTTERUS-7696-1024x683.jpg\" alt=\"\" class=\"wp-image-1226\" style=\"border-radius:45px;width:533px;height:auto\" srcset=\"https:\/\/heleianestalzibo.eu\/wp-content\/uploads\/2025\/10\/RENE-LUTTERUS-7696-1024x683.jpg 1024w, https:\/\/heleianestalzibo.eu\/wp-content\/uploads\/2025\/10\/RENE-LUTTERUS-7696-300x200.jpg 300w, https:\/\/heleianestalzibo.eu\/wp-content\/uploads\/2025\/10\/RENE-LUTTERUS-7696-768x512.jpg 768w, https:\/\/heleianestalzibo.eu\/wp-content\/uploads\/2025\/10\/RENE-LUTTERUS-7696-1536x1025.jpg 1536w, https:\/\/heleianestalzibo.eu\/wp-content\/uploads\/2025\/10\/RENE-LUTTERUS-7696-18x12.jpg 18w, https:\/\/heleianestalzibo.eu\/wp-content\/uploads\/2025\/10\/RENE-LUTTERUS-7696.jpg 2048w\" sizes=\"auto, (max-width: 1024px) 100vw, 1024px\" \/><\/figure>\n<\/div>\n\n\n\n<div class=\"wp-block-buttons is-content-justification-center is-layout-flex wp-container-core-buttons-is-layout-a89b3969 wp-block-buttons-is-layout-flex\">\n<div class=\"wp-block-button\"><a class=\"wp-block-button__link wp-element-button\" href=\"https:\/\/www.confido.ee\/info-ja-kontaktid\/meie-inimesed\/dr-heleia-nestal-zibo\/\">Tule konsultatsioonile<\/a><\/div>\n<\/div>\n\n\n\n<p><\/p>\n","protected":false},"excerpt":{"rendered":"<p>Mis on n\u00e4o- ja l\u00f5ualuukirurgia? N\u00e4o- ja l\u00f5ualuukirurgia on meditsiini eriala, mis tegeleb kolju, n\u00e4o, l\u00f5ualuude ja kaela kaasas\u00fcndinud ning omandatud haiguste ja v\u00e4\u00e4rarengute raviga. Omandatud haigused ja seisundid v\u00f5ivad tuleneda: Esteetiline n\u00e4okirurgia N\u00e4o- ja l\u00f5ualuukirurgia h\u00f5lmab ka kosmeetilisi operatsioone, mille eesm\u00e4rk on noorendada v\u00e4limust ja parandada enesekindlust: Lisaks kuuluvad siia ka mittekirurgilised protseduurid: Rekonstruktiivne [&hellip;]<\/p>\n","protected":false},"author":2,"featured_media":0,"parent":0,"menu_order":0,"comment_status":"closed","ping_status":"closed","template":"","meta":{"footnotes":""},"class_list":["post-88","page","type-page","status-publish","hentry"],"yoast_head":"<!-- This site is optimized with the Yoast SEO plugin v25.9 - https:\/\/yoast.com\/wordpress\/plugins\/seo\/ -->\n<title>N\u00e4o- ja l\u00f5ualuu kirurgia - Heleia Nestal Zibo N\u00e4o- ja l\u00f5ualuukirurgia<\/title>\n<meta name=\"description\" content=\"N\u00e4o- ja l\u00f5ualuu kirurgia eriala tegeleb kolju, n\u00e4o, l\u00f5ualuu ja kaela kaasas\u00fcndinud ja omandatud haiguste raviga. Erinevad operatsioonid ja protseduurid.\" \/>\n<meta name=\"robots\" content=\"index, follow, max-snippet:-1, max-image-preview:large, max-video-preview:-1\" \/>\n<link rel=\"canonical\" href=\"https:\/\/heleianestalzibo.eu\/et\/nao-ja-loualuu-kirurgia\/\" \/>\n<meta property=\"og:locale\" content=\"et_EE\" \/>\n<meta property=\"og:type\" content=\"article\" \/>\n<meta property=\"og:title\" content=\"N\u00e4o- ja l\u00f5ualuu kirurgia - Heleia Nestal Zibo N\u00e4o- ja l\u00f5ualuukirurgia\" \/>\n<meta property=\"og:description\" content=\"N\u00e4o- ja l\u00f5ualuu kirurgia eriala tegeleb kolju, n\u00e4o, l\u00f5ualuu ja kaela kaasas\u00fcndinud ja omandatud haiguste raviga. Erinevad operatsioonid ja protseduurid.\" \/>\n<meta property=\"og:url\" content=\"https:\/\/heleianestalzibo.eu\/et\/nao-ja-loualuu-kirurgia\/\" \/>\n<meta property=\"og:site_name\" content=\"Heleia Nestal Zibo\" \/>\n<meta property=\"article:modified_time\" content=\"2025-10-18T11:13:22+00:00\" \/>\n<meta property=\"og:image\" content=\"https:\/\/heleianestalzibo.eu\/wp-content\/uploads\/2025\/10\/RENE-LUTTERUS-7696.jpg\" \/>\n\t<meta property=\"og:image:width\" content=\"2048\" \/>\n\t<meta property=\"og:image:height\" content=\"1366\" \/>\n\t<meta property=\"og:image:type\" content=\"image\/jpeg\" \/>\n<meta name=\"twitter:card\" content=\"summary_large_image\" \/>\n<meta name=\"twitter:label1\" content=\"Est. reading time\" \/>\n\t<meta name=\"twitter:data1\" content=\"1 minut\" \/>\n<script type=\"application\/ld+json\" class=\"yoast-schema-graph\">{\"@context\":\"https:\/\/schema.org\",\"@graph\":[{\"@type\":\"WebPage\",\"@id\":\"https:\/\/heleianestalzibo.eu\/nao-ja-loualuu-kirurgia\/\",\"url\":\"https:\/\/heleianestalzibo.eu\/nao-ja-loualuu-kirurgia\/\",\"name\":\"N\u00e4o- ja l\u00f5ualuu kirurgia - Heleia Nestal Zibo N\u00e4o- ja l\u00f5ualuukirurgia\",\"isPartOf\":{\"@id\":\"https:\/\/heleianestalzibo.eu\/#website\"},\"primaryImageOfPage\":{\"@id\":\"https:\/\/heleianestalzibo.eu\/nao-ja-loualuu-kirurgia\/#primaryimage\"},\"image\":{\"@id\":\"https:\/\/heleianestalzibo.eu\/nao-ja-loualuu-kirurgia\/#primaryimage\"},\"thumbnailUrl\":\"https:\/\/heleianestalzibo.eu\/wp-content\/uploads\/2025\/10\/RENE-LUTTERUS-7696-1024x683.jpg\",\"datePublished\":\"2019-10-06T11:07:23+00:00\",\"dateModified\":\"2025-10-18T11:13:22+00:00\",\"description\":\"N\u00e4o- ja l\u00f5ualuu kirurgia eriala tegeleb kolju, n\u00e4o, l\u00f5ualuu ja kaela kaasas\u00fcndinud ja omandatud haiguste raviga. Erinevad operatsioonid ja protseduurid.\",\"breadcrumb\":{\"@id\":\"https:\/\/heleianestalzibo.eu\/nao-ja-loualuu-kirurgia\/#breadcrumb\"},\"inLanguage\":\"et\",\"potentialAction\":[{\"@type\":\"ReadAction\",\"target\":[\"https:\/\/heleianestalzibo.eu\/nao-ja-loualuu-kirurgia\/\"]}]},{\"@type\":\"ImageObject\",\"inLanguage\":\"et\",\"@id\":\"https:\/\/heleianestalzibo.eu\/nao-ja-loualuu-kirurgia\/#primaryimage\",\"url\":\"https:\/\/heleianestalzibo.eu\/wp-content\/uploads\/2025\/10\/RENE-LUTTERUS-7696-1024x683.jpg\",\"contentUrl\":\"https:\/\/heleianestalzibo.eu\/wp-content\/uploads\/2025\/10\/RENE-LUTTERUS-7696-1024x683.jpg\"},{\"@type\":\"BreadcrumbList\",\"@id\":\"https:\/\/heleianestalzibo.eu\/nao-ja-loualuu-kirurgia\/#breadcrumb\",\"itemListElement\":[{\"@type\":\"ListItem\",\"position\":1,\"name\":\"Home\",\"item\":\"https:\/\/heleianestalzibo.eu\/\"},{\"@type\":\"ListItem\",\"position\":2,\"name\":\"N\u00e4o- ja l\u00f5ualuukirurgia\"}]},{\"@type\":\"WebSite\",\"@id\":\"https:\/\/heleianestalzibo.eu\/#website\",\"url\":\"https:\/\/heleianestalzibo.eu\/\",\"name\":\"Heleia Nestal Zibo\",\"description\":\"Kolju- ja n&auml;okirurg\",\"publisher\":{\"@id\":\"https:\/\/heleianestalzibo.eu\/#\/schema\/person\/0d02ef88bc0fa1398e9263e383a51584\"},\"potentialAction\":[{\"@type\":\"SearchAction\",\"target\":{\"@type\":\"EntryPoint\",\"urlTemplate\":\"https:\/\/heleianestalzibo.eu\/?s={search_term_string}\"},\"query-input\":{\"@type\":\"PropertyValueSpecification\",\"valueRequired\":true,\"valueName\":\"search_term_string\"}}],\"inLanguage\":\"et\"},{\"@type\":[\"Person\",\"Organization\"],\"@id\":\"https:\/\/heleianestalzibo.eu\/#\/schema\/person\/0d02ef88bc0fa1398e9263e383a51584\",\"name\":\"hnz\",\"logo\":{\"@id\":\"https:\/\/heleianestalzibo.eu\/#\/schema\/person\/image\/\"}}]}<\/script>\n<!-- \/ Yoast SEO plugin. -->","yoast_head_json":{"title":"N\u00e4o- ja l\u00f5ualuu kirurgia - Heleia Nestal Zibo N\u00e4o- ja l\u00f5ualuukirurgia","description":"N\u00e4o- ja l\u00f5ualuu kirurgia eriala tegeleb kolju, n\u00e4o, l\u00f5ualuu ja kaela kaasas\u00fcndinud ja omandatud haiguste raviga. Erinevad operatsioonid ja protseduurid.","robots":{"index":"index","follow":"follow","max-snippet":"max-snippet:-1","max-image-preview":"max-image-preview:large","max-video-preview":"max-video-preview:-1"},"canonical":"https:\/\/heleianestalzibo.eu\/et\/nao-ja-loualuu-kirurgia\/","og_locale":"et_EE","og_type":"article","og_title":"N\u00e4o- ja l\u00f5ualuu kirurgia - Heleia Nestal Zibo N\u00e4o- ja l\u00f5ualuukirurgia","og_description":"N\u00e4o- ja l\u00f5ualuu kirurgia eriala tegeleb kolju, n\u00e4o, l\u00f5ualuu ja kaela kaasas\u00fcndinud ja omandatud haiguste raviga. Erinevad operatsioonid ja protseduurid.","og_url":"https:\/\/heleianestalzibo.eu\/et\/nao-ja-loualuu-kirurgia\/","og_site_name":"Heleia Nestal Zibo","article_modified_time":"2025-10-18T11:13:22+00:00","og_image":[{"width":2048,"height":1366,"url":"https:\/\/heleianestalzibo.eu\/wp-content\/uploads\/2025\/10\/RENE-LUTTERUS-7696.jpg","type":"image\/jpeg"}],"twitter_card":"summary_large_image","twitter_misc":{"Est. reading time":"1 minut"},"schema":{"@context":"https:\/\/schema.org","@graph":[{"@type":"WebPage","@id":"https:\/\/heleianestalzibo.eu\/nao-ja-loualuu-kirurgia\/","url":"https:\/\/heleianestalzibo.eu\/nao-ja-loualuu-kirurgia\/","name":"N\u00e4o- ja l\u00f5ualuu kirurgia - Heleia Nestal Zibo N\u00e4o- ja l\u00f5ualuukirurgia","isPartOf":{"@id":"https:\/\/heleianestalzibo.eu\/#website"},"primaryImageOfPage":{"@id":"https:\/\/heleianestalzibo.eu\/nao-ja-loualuu-kirurgia\/#primaryimage"},"image":{"@id":"https:\/\/heleianestalzibo.eu\/nao-ja-loualuu-kirurgia\/#primaryimage"},"thumbnailUrl":"https:\/\/heleianestalzibo.eu\/wp-content\/uploads\/2025\/10\/RENE-LUTTERUS-7696-1024x683.jpg","datePublished":"2019-10-06T11:07:23+00:00","dateModified":"2025-10-18T11:13:22+00:00","description":"N\u00e4o- ja l\u00f5ualuu kirurgia eriala tegeleb kolju, n\u00e4o, l\u00f5ualuu ja kaela kaasas\u00fcndinud ja omandatud haiguste raviga. Erinevad operatsioonid ja protseduurid.","breadcrumb":{"@id":"https:\/\/heleianestalzibo.eu\/nao-ja-loualuu-kirurgia\/#breadcrumb"},"inLanguage":"et","potentialAction":[{"@type":"ReadAction","target":["https:\/\/heleianestalzibo.eu\/nao-ja-loualuu-kirurgia\/"]}]},{"@type":"ImageObject","inLanguage":"et","@id":"https:\/\/heleianestalzibo.eu\/nao-ja-loualuu-kirurgia\/#primaryimage","url":"https:\/\/heleianestalzibo.eu\/wp-content\/uploads\/2025\/10\/RENE-LUTTERUS-7696-1024x683.jpg","contentUrl":"https:\/\/heleianestalzibo.eu\/wp-content\/uploads\/2025\/10\/RENE-LUTTERUS-7696-1024x683.jpg"},{"@type":"BreadcrumbList","@id":"https:\/\/heleianestalzibo.eu\/nao-ja-loualuu-kirurgia\/#breadcrumb","itemListElement":[{"@type":"ListItem","position":1,"name":"Home","item":"https:\/\/heleianestalzibo.eu\/"},{"@type":"ListItem","position":2,"name":"N\u00e4o- ja l\u00f5ualuukirurgia"}]},{"@type":"WebSite","@id":"https:\/\/heleianestalzibo.eu\/#website","url":"https:\/\/heleianestalzibo.eu\/","name":"Heleia Nestal Zibo","description":"Kolju- ja n&auml;okirurg","publisher":{"@id":"https:\/\/heleianestalzibo.eu\/#\/schema\/person\/0d02ef88bc0fa1398e9263e383a51584"},"potentialAction":[{"@type":"SearchAction","target":{"@type":"EntryPoint","urlTemplate":"https:\/\/heleianestalzibo.eu\/?s={search_term_string}"},"query-input":{"@type":"PropertyValueSpecification","valueRequired":true,"valueName":"search_term_string"}}],"inLanguage":"et"},{"@type":["Person","Organization"],"@id":"https:\/\/heleianestalzibo.eu\/#\/schema\/person\/0d02ef88bc0fa1398e9263e383a51584","name":"hnz","logo":{"@id":"https:\/\/heleianestalzibo.eu\/#\/schema\/person\/image\/"}}]}},"rttpg_featured_image_url":null,"rttpg_author":{"display_name":"J K","author_link":"https:\/\/heleianestalzibo.eu\/et\/author\/jcrist\/"},"rttpg_comment":0,"rttpg_category":null,"rttpg_excerpt":"Mis on n\u00e4o- ja l\u00f5ualuukirurgia? N\u00e4o- ja l\u00f5ualuukirurgia on meditsiini eriala, mis tegeleb kolju, n\u00e4o, l\u00f5ualuude ja kaela kaasas\u00fcndinud ning omandatud haiguste ja v\u00e4\u00e4rarengute raviga. Omandatud haigused ja seisundid v\u00f5ivad tuleneda: Esteetiline n\u00e4okirurgia N\u00e4o- ja l\u00f5ualuukirurgia h\u00f5lmab ka kosmeetilisi operatsioone, mille eesm\u00e4rk on noorendada v\u00e4limust ja parandada enesekindlust: Lisaks kuuluvad siia ka mittekirurgilised protseduurid: Rekonstruktiivne&hellip;","_links":{"self":[{"href":"https:\/\/heleianestalzibo.eu\/et\/wp-json\/wp\/v2\/pages\/88","targetHints":{"allow":["GET"]}}],"collection":[{"href":"https:\/\/heleianestalzibo.eu\/et\/wp-json\/wp\/v2\/pages"}],"about":[{"href":"https:\/\/heleianestalzibo.eu\/et\/wp-json\/wp\/v2\/types\/page"}],"author":[{"embeddable":true,"href":"https:\/\/heleianestalzibo.eu\/et\/wp-json\/wp\/v2\/users\/2"}],"replies":[{"embeddable":true,"href":"https:\/\/heleianestalzibo.eu\/et\/wp-json\/wp\/v2\/comments?post=88"}],"version-history":[{"count":10,"href":"https:\/\/heleianestalzibo.eu\/et\/wp-json\/wp\/v2\/pages\/88\/revisions"}],"predecessor-version":[{"id":1227,"href":"https:\/\/heleianestalzibo.eu\/et\/wp-json\/wp\/v2\/pages\/88\/revisions\/1227"}],"wp:attachment":[{"href":"https:\/\/heleianestalzibo.eu\/et\/wp-json\/wp\/v2\/media?parent=88"}],"curies":[{"name":"wp","href":"https:\/\/api.w.org\/{rel}","templated":true}]}}