{"id":97,"date":"2019-10-06T16:54:09","date_gmt":"2019-10-06T14:54:09","guid":{"rendered":"https:\/\/heleianestalzibo.eu\/?page_id=97"},"modified":"2025-10-31T20:10:05","modified_gmt":"2025-10-31T18:10:05","slug":"laugude-plastika","status":"publish","type":"page","link":"https:\/\/heleianestalzibo.eu\/et\/laugude-plastika\/","title":{"rendered":"Silmalaugude plastika"},"content":{"rendered":"\n<h3 class=\"wp-block-heading\">Mis on blefaroplastika?<\/h3>\n\n\n\n<p>Laugude plastika (blefaroplastika) on kirurgiline protseduur, millega eemaldatakse \u00fclemiste ja\/v\u00f5i alumiste laugude liigset nahka ja rasva. Vananedes muutub laugude nahk \u00f5hemaks ja v\u00e4hem elastseks, mis p\u00f5hjustab \u00fclalaugudele naha voldid ning alalaugude alla kotikeste tekke. See annab n\u00e4ole v\u00e4sinud ja vananenud ilme.<\/p>\n\n\n\n<p>M\u00f5nel juhul v\u00f5ib liigne laugude nahk hakata segama ka n\u00e4gemist, mist\u00f5ttu on blefaroplastika vajalik mitte ainult esteetilistel, vaid ka meditsiinilistel p\u00f5hjustel.<\/p>\n\n\n\n<h3 class=\"wp-block-heading\">Kellele laugude plastika sobib?<\/h3>\n\n\n\n<p>Blefaroplastika on sobiv lahendus, kui:<\/p>\n\n\n\n<ul class=\"wp-block-list\">\n<li><p dir=\"ltr\" style=\"line-height: 1.38; margin-top: 12pt; margin-bottom: 0pt;\" role=\"presentation\">\u00fclalaugude liigne nahk vajub silmadele ja muudab v\u00e4limuse v\u00e4sinuks;<\/p><\/li>\n\n\n\n<li><p dir=\"ltr\" style=\"line-height: 1.38; margin-top: 12pt; margin-bottom: 0pt;\" role=\"presentation\">alalaugude alla on tekkinud kotikesed v\u00f5i turse;<\/p><\/li>\n\n\n\n<li><p dir=\"ltr\" style=\"line-height: 1.38; margin-top: 12pt; margin-bottom: 0pt;\" role=\"presentation\">laugude nahk on l\u00f5tv ja kortsus;<\/p><\/li>\n\n\n\n<li><p dir=\"ltr\" style=\"line-height: 1.38; margin-top: 12pt; margin-bottom: 0pt;\" role=\"presentation\">laugude voldid piiravad n\u00e4gemist;<\/p><\/li>\n\n\n\n<li><p dir=\"ltr\" style=\"line-height: 1.38; margin-top: 12pt; margin-bottom: 0pt;\" role=\"presentation\">patsient soovib v\u00e4rskemat ja nooruslikumat ilmet;<\/p><\/li>\n\n\n\n<li><p dir=\"ltr\" style=\"line-height: 1.38; margin-top: 12pt; margin-bottom: 0pt;\" role=\"presentation\">patsient soovib silmad avaramaks muuta.<\/p><\/li>\n<\/ul>\n\n\n\n<p><\/p>\n\n\n\n<h3 class=\"wp-block-heading\">Kuidas protseduur toimub?<\/h3>\n\n\n\n<ul class=\"wp-block-list\">\n<li><p dir=\"ltr\" style=\"line-height: 1.38; margin-top: 12pt; margin-bottom: 0pt;\" role=\"presentation\">\u00dclalaugude plastika on suhteliselt v\u00e4ike operatsioon, mis tehakse tavaliselt kohaliku tuimestusega.<\/p><\/li>\n\n\n\n<li><p dir=\"ltr\" style=\"line-height: 1.38; margin-top: 12pt; margin-bottom: 0pt;\" role=\"presentation\">Patsient v\u00f5ib samal p\u00e4eval kliinikust lahkuda.<\/p><\/li>\n\n\n\n<li><p dir=\"ltr\" style=\"line-height: 1.38; margin-top: 12pt; margin-bottom: 0pt;\" role=\"presentation\">Operatsioon tehakse l\u00e4bi v\u00e4ikeste l\u00f5igete laugude loomulikes kortsudes.<\/p><\/li>\n\n\n\n<li>Selle k\u00e4igus eemaldatakse liigne nahk ja vajadusel ka rasvkude.<\/li>\n\n\n\n<li>V\u00f5imalik on korrigeerida ainult \u00fcla- v\u00f5i alalaugu v\u00f5i teha m\u00f5lema laugude plastika samaaegselt.<\/li>\n\n\n\n<li><span style=\"font-size: revert; letter-spacing: -0.1px;\">Kui tehakse m\u00f5lema silmalau plastika samaaegselt, on soovitatav protseduur l\u00e4bi viia narkoosis<\/span><span style=\"background-color: rgba(17, 17, 17, 0.2); font-size: revert; letter-spacing: -0.1px;\"><\/span><br><\/li>\n<\/ul>\n\n\n\n<h3 class=\"wp-block-heading\">Taastumine ja tulemused<\/h3>\n\n\n\n<ul class=\"wp-block-list\">\n<li><p dir=\"ltr\" style=\"line-height: 1.38; margin-top: 12pt; margin-bottom: 0pt;\" role=\"presentation\">Operatsioonij\u00e4rgselt tekib m\u00f5\u00f5dukas turse ja verevalum, mis hakkab v\u00e4henema alates 3. p\u00e4evast.<\/p><\/li>\n\n\n\n<li><p dir=\"ltr\" style=\"line-height: 1.38; margin-top: 12pt; margin-bottom: 0pt;\" role=\"presentation\">Kerged verevalumid v\u00f5ivad p\u00fcsida kuni 2 n\u00e4dalat.<\/p><\/li>\n\n\n\n<li><p dir=\"ltr\" style=\"line-height: 1.38; margin-top: 12pt; margin-bottom: 0pt;\" role=\"presentation\">\u00d5mblused eemaldatakse umbes 6 p\u00e4eva p\u00e4rast.<\/p><\/li>\n\n\n\n<li><p dir=\"ltr\" style=\"line-height: 1.38; margin-top: 12pt; margin-bottom: 0pt;\" role=\"presentation\">Armid paranevad tavaliselt kiiresti ja j\u00e4\u00e4vad m\u00e4rkamatuks laugude loomulikesse voltidesse.<\/p><\/li>\n\n\n\n<li><p dir=\"ltr\" style=\"line-height: 1.38; margin-top: 12pt; margin-bottom: 0pt;\" role=\"presentation\">Tulemus on v\u00e4rskem, nooruslikum ja avatum silmade piirkond.<\/p><\/li>\n<\/ul>\n\n\n\n<p>&nbsp;<\/p>\n\n\n\n<div class=\"wp-block-buttons is-content-justification-center is-layout-flex wp-container-core-buttons-is-layout-a89b3969 wp-block-buttons-is-layout-flex\">\n<div class=\"wp-block-button\"><a class=\"wp-block-button__link wp-element-button\" href=\"https:\/\/www.confido.ee\/info-ja-kontaktid\/meie-inimesed\/dr-heleia-nestal-zibo\/\">Tule konsultatsioonile<\/a><\/div>\n<\/div>\n\n\n\n<figure class=\"wp-block-image\"><img decoding=\"async\" src=\"https:\/\/heleianestalzibo.eu\/wp-content\/uploads\/2019\/11\/Blepharo.png\" alt=\"\" title=\"Laugude plastika\"\/><\/figure>\n\n\n\n<p><\/p>\n\n\n\n<div class=\"wp-block-columns is-layout-flex wp-container-core-columns-is-layout-28f84493 wp-block-columns-is-layout-flex\">\n<div class=\"wp-block-column is-layout-flow wp-block-column-is-layout-flow\">\n<p>Enne \u00fclalaugude blefaroplastikat<\/p>\n\n\n\n<p><figure><figure><figure><figure><img loading=\"lazy\" decoding=\"async\" width=\"300\" height=\"114\" class=\"aligncenter wp-image-521 size-medium\" src=\"https:\/\/heleianestalzibo.eu\/wp-content\/uploads\/2021\/08\/F-300x114.jpg\" alt=\"\" srcset=\"https:\/\/heleianestalzibo.eu\/wp-content\/uploads\/2021\/08\/F-300x114.jpg 300w, https:\/\/heleianestalzibo.eu\/wp-content\/uploads\/2021\/08\/F.jpg 768w\" sizes=\"auto, (max-width: 300px) 100vw, 300px\" \/><\/figure><\/figure><\/figure><\/figure><\/p>\n\n\n\n<p><figure><img loading=\"lazy\" decoding=\"async\" title=\"Laugude plastika\" width=\"300\" height=\"174\" src=\"https:\/\/heleianestalzibo.eu\/wp-content\/uploads\/2019\/10\/m21-300x174.jpg\" alt=\"\"><\/figure><\/p>\n\n\n\n<p><figure><img loading=\"lazy\" decoding=\"async\" title=\"Laugude plastika\" width=\"300\" height=\"174\" src=\"https:\/\/heleianestalzibo.eu\/wp-content\/uploads\/2019\/10\/m31-300x174.jpg\" alt=\"\"><\/figure><\/p>\n<\/div>\n\n\n\n<div class=\"wp-block-column is-layout-flow wp-block-column-is-layout-flow\">\n<p>Peale \u00fclalaugude blefaroplastikat<\/p>\n\n\n\n<p><figure><img loading=\"lazy\" decoding=\"async\" title=\"Laugude plastika\" width=\"300\" height=\"124\" src=\"https:\/\/heleianestalzibo.eu\/wp-content\/uploads\/2019\/10\/1.afterM-300x124.jpg\" alt=\"\"><\/figure><\/p>\n\n\n\n<p><figure><img loading=\"lazy\" decoding=\"async\" title=\"Laugude plastika\" width=\"300\" height=\"174\" src=\"https:\/\/heleianestalzibo.eu\/wp-content\/uploads\/2019\/10\/m22-300x174.jpg\" alt=\"\"><\/figure><\/p>\n\n\n\n<p><figure><img loading=\"lazy\" decoding=\"async\" title=\"Laugude plastika\" width=\"300\" height=\"174\" src=\"https:\/\/heleianestalzibo.eu\/wp-content\/uploads\/2019\/10\/m32-300x174.jpg\" alt=\"\"><\/figure><\/p>\n<\/div>\n<\/div>\n\n\n\n<p><\/p>\n","protected":false},"excerpt":{"rendered":"<p>Mis on blefaroplastika? Laugude plastika (blefaroplastika) on kirurgiline protseduur, millega eemaldatakse \u00fclemiste ja\/v\u00f5i alumiste laugude liigset nahka ja rasva. Vananedes muutub laugude nahk \u00f5hemaks ja v\u00e4hem elastseks, mis p\u00f5hjustab \u00fclalaugudele naha voldid ning alalaugude alla kotikeste tekke. See annab n\u00e4ole v\u00e4sinud ja vananenud ilme. M\u00f5nel juhul v\u00f5ib liigne laugude nahk hakata segama ka n\u00e4gemist, mist\u00f5ttu [&hellip;]<\/p>\n","protected":false},"author":2,"featured_media":0,"parent":0,"menu_order":0,"comment_status":"closed","ping_status":"closed","template":"","meta":{"footnotes":""},"class_list":["post-97","page","type-page","status-publish","hentry"],"yoast_head":"<!-- This site is optimized with the Yoast SEO plugin v25.9 - https:\/\/yoast.com\/wordpress\/plugins\/seo\/ -->\n<title>Laugude plastika - Heleia Nestal Zibo Silmalaugude plastika<\/title>\n<meta name=\"description\" content=\"Laugude plastika on v\u00e4ike kirurgiline protseduur, mis on v\u00f5imalik teostada kohaliku tuimestusega. Klient v\u00f5ib lahkuda kliinikust kohe peale operatsiooni.\" \/>\n<meta name=\"robots\" content=\"index, follow, max-snippet:-1, max-image-preview:large, max-video-preview:-1\" \/>\n<link rel=\"canonical\" href=\"https:\/\/heleianestalzibo.eu\/et\/laugude-plastika\/\" \/>\n<meta property=\"og:locale\" content=\"et_EE\" \/>\n<meta property=\"og:type\" content=\"article\" \/>\n<meta property=\"og:title\" content=\"Laugude plastika - Heleia Nestal Zibo Silmalaugude plastika\" \/>\n<meta property=\"og:description\" content=\"Laugude plastika on v\u00e4ike kirurgiline protseduur, mis on v\u00f5imalik teostada kohaliku tuimestusega. Klient v\u00f5ib lahkuda kliinikust kohe peale operatsiooni.\" \/>\n<meta property=\"og:url\" content=\"https:\/\/heleianestalzibo.eu\/et\/laugude-plastika\/\" \/>\n<meta property=\"og:site_name\" content=\"Heleia Nestal Zibo\" \/>\n<meta property=\"article:modified_time\" content=\"2025-10-31T18:10:05+00:00\" \/>\n<meta property=\"og:image\" content=\"https:\/\/heleianestalzibo.eu\/wp-content\/uploads\/2019\/11\/Blepharo.png\" \/>\n<meta name=\"twitter:card\" content=\"summary_large_image\" \/>\n<meta name=\"twitter:label1\" content=\"Est. reading time\" \/>\n\t<meta name=\"twitter:data1\" content=\"3 minutit\" \/>\n<script type=\"application\/ld+json\" class=\"yoast-schema-graph\">{\"@context\":\"https:\/\/schema.org\",\"@graph\":[{\"@type\":\"WebPage\",\"@id\":\"https:\/\/heleianestalzibo.eu\/laugude-plastika\/\",\"url\":\"https:\/\/heleianestalzibo.eu\/laugude-plastika\/\",\"name\":\"Laugude plastika - Heleia Nestal Zibo Silmalaugude plastika\",\"isPartOf\":{\"@id\":\"https:\/\/heleianestalzibo.eu\/#website\"},\"primaryImageOfPage\":{\"@id\":\"https:\/\/heleianestalzibo.eu\/laugude-plastika\/#primaryimage\"},\"image\":{\"@id\":\"https:\/\/heleianestalzibo.eu\/laugude-plastika\/#primaryimage\"},\"thumbnailUrl\":\"https:\/\/heleianestalzibo.eu\/wp-content\/uploads\/2019\/11\/Blepharo.png\",\"datePublished\":\"2019-10-06T14:54:09+00:00\",\"dateModified\":\"2025-10-31T18:10:05+00:00\",\"description\":\"Laugude plastika on v\u00e4ike kirurgiline protseduur, mis on v\u00f5imalik teostada kohaliku tuimestusega. Klient v\u00f5ib lahkuda kliinikust kohe peale operatsiooni.\",\"breadcrumb\":{\"@id\":\"https:\/\/heleianestalzibo.eu\/laugude-plastika\/#breadcrumb\"},\"inLanguage\":\"et\",\"potentialAction\":[{\"@type\":\"ReadAction\",\"target\":[\"https:\/\/heleianestalzibo.eu\/laugude-plastika\/\"]}]},{\"@type\":\"ImageObject\",\"inLanguage\":\"et\",\"@id\":\"https:\/\/heleianestalzibo.eu\/laugude-plastika\/#primaryimage\",\"url\":\"https:\/\/heleianestalzibo.eu\/wp-content\/uploads\/2019\/11\/Blepharo.png\",\"contentUrl\":\"https:\/\/heleianestalzibo.eu\/wp-content\/uploads\/2019\/11\/Blepharo.png\"},{\"@type\":\"BreadcrumbList\",\"@id\":\"https:\/\/heleianestalzibo.eu\/laugude-plastika\/#breadcrumb\",\"itemListElement\":[{\"@type\":\"ListItem\",\"position\":1,\"name\":\"Home\",\"item\":\"https:\/\/heleianestalzibo.eu\/\"},{\"@type\":\"ListItem\",\"position\":2,\"name\":\"Silmalaugude plastika\"}]},{\"@type\":\"WebSite\",\"@id\":\"https:\/\/heleianestalzibo.eu\/#website\",\"url\":\"https:\/\/heleianestalzibo.eu\/\",\"name\":\"Heleia Nestal Zibo\",\"description\":\"Kolju- ja n&auml;okirurg\",\"publisher\":{\"@id\":\"https:\/\/heleianestalzibo.eu\/#\/schema\/person\/0d02ef88bc0fa1398e9263e383a51584\"},\"potentialAction\":[{\"@type\":\"SearchAction\",\"target\":{\"@type\":\"EntryPoint\",\"urlTemplate\":\"https:\/\/heleianestalzibo.eu\/?s={search_term_string}\"},\"query-input\":{\"@type\":\"PropertyValueSpecification\",\"valueRequired\":true,\"valueName\":\"search_term_string\"}}],\"inLanguage\":\"et\"},{\"@type\":[\"Person\",\"Organization\"],\"@id\":\"https:\/\/heleianestalzibo.eu\/#\/schema\/person\/0d02ef88bc0fa1398e9263e383a51584\",\"name\":\"hnz\",\"logo\":{\"@id\":\"https:\/\/heleianestalzibo.eu\/#\/schema\/person\/image\/\"}}]}<\/script>\n<!-- \/ Yoast SEO plugin. -->","yoast_head_json":{"title":"Laugude plastika - Heleia Nestal Zibo Silmalaugude plastika","description":"Laugude plastika on v\u00e4ike kirurgiline protseduur, mis on v\u00f5imalik teostada kohaliku tuimestusega. Klient v\u00f5ib lahkuda kliinikust kohe peale operatsiooni.","robots":{"index":"index","follow":"follow","max-snippet":"max-snippet:-1","max-image-preview":"max-image-preview:large","max-video-preview":"max-video-preview:-1"},"canonical":"https:\/\/heleianestalzibo.eu\/et\/laugude-plastika\/","og_locale":"et_EE","og_type":"article","og_title":"Laugude plastika - Heleia Nestal Zibo Silmalaugude plastika","og_description":"Laugude plastika on v\u00e4ike kirurgiline protseduur, mis on v\u00f5imalik teostada kohaliku tuimestusega. Klient v\u00f5ib lahkuda kliinikust kohe peale operatsiooni.","og_url":"https:\/\/heleianestalzibo.eu\/et\/laugude-plastika\/","og_site_name":"Heleia Nestal Zibo","article_modified_time":"2025-10-31T18:10:05+00:00","og_image":[{"url":"https:\/\/heleianestalzibo.eu\/wp-content\/uploads\/2019\/11\/Blepharo.png","type":"","width":"","height":""}],"twitter_card":"summary_large_image","twitter_misc":{"Est. reading time":"3 minutit"},"schema":{"@context":"https:\/\/schema.org","@graph":[{"@type":"WebPage","@id":"https:\/\/heleianestalzibo.eu\/laugude-plastika\/","url":"https:\/\/heleianestalzibo.eu\/laugude-plastika\/","name":"Laugude plastika - Heleia Nestal Zibo Silmalaugude plastika","isPartOf":{"@id":"https:\/\/heleianestalzibo.eu\/#website"},"primaryImageOfPage":{"@id":"https:\/\/heleianestalzibo.eu\/laugude-plastika\/#primaryimage"},"image":{"@id":"https:\/\/heleianestalzibo.eu\/laugude-plastika\/#primaryimage"},"thumbnailUrl":"https:\/\/heleianestalzibo.eu\/wp-content\/uploads\/2019\/11\/Blepharo.png","datePublished":"2019-10-06T14:54:09+00:00","dateModified":"2025-10-31T18:10:05+00:00","description":"Laugude plastika on v\u00e4ike kirurgiline protseduur, mis on v\u00f5imalik teostada kohaliku tuimestusega. Klient v\u00f5ib lahkuda kliinikust kohe peale operatsiooni.","breadcrumb":{"@id":"https:\/\/heleianestalzibo.eu\/laugude-plastika\/#breadcrumb"},"inLanguage":"et","potentialAction":[{"@type":"ReadAction","target":["https:\/\/heleianestalzibo.eu\/laugude-plastika\/"]}]},{"@type":"ImageObject","inLanguage":"et","@id":"https:\/\/heleianestalzibo.eu\/laugude-plastika\/#primaryimage","url":"https:\/\/heleianestalzibo.eu\/wp-content\/uploads\/2019\/11\/Blepharo.png","contentUrl":"https:\/\/heleianestalzibo.eu\/wp-content\/uploads\/2019\/11\/Blepharo.png"},{"@type":"BreadcrumbList","@id":"https:\/\/heleianestalzibo.eu\/laugude-plastika\/#breadcrumb","itemListElement":[{"@type":"ListItem","position":1,"name":"Home","item":"https:\/\/heleianestalzibo.eu\/"},{"@type":"ListItem","position":2,"name":"Silmalaugude plastika"}]},{"@type":"WebSite","@id":"https:\/\/heleianestalzibo.eu\/#website","url":"https:\/\/heleianestalzibo.eu\/","name":"Heleia Nestal Zibo","description":"Kolju- ja n&auml;okirurg","publisher":{"@id":"https:\/\/heleianestalzibo.eu\/#\/schema\/person\/0d02ef88bc0fa1398e9263e383a51584"},"potentialAction":[{"@type":"SearchAction","target":{"@type":"EntryPoint","urlTemplate":"https:\/\/heleianestalzibo.eu\/?s={search_term_string}"},"query-input":{"@type":"PropertyValueSpecification","valueRequired":true,"valueName":"search_term_string"}}],"inLanguage":"et"},{"@type":["Person","Organization"],"@id":"https:\/\/heleianestalzibo.eu\/#\/schema\/person\/0d02ef88bc0fa1398e9263e383a51584","name":"hnz","logo":{"@id":"https:\/\/heleianestalzibo.eu\/#\/schema\/person\/image\/"}}]}},"rttpg_featured_image_url":null,"rttpg_author":{"display_name":"J K","author_link":"https:\/\/heleianestalzibo.eu\/et\/author\/jcrist\/"},"rttpg_comment":0,"rttpg_category":null,"rttpg_excerpt":"Mis on blefaroplastika? Laugude plastika (blefaroplastika) on kirurgiline protseduur, millega eemaldatakse \u00fclemiste ja\/v\u00f5i alumiste laugude liigset nahka ja rasva. Vananedes muutub laugude nahk \u00f5hemaks ja v\u00e4hem elastseks, mis p\u00f5hjustab \u00fclalaugudele naha voldid ning alalaugude alla kotikeste tekke. See annab n\u00e4ole v\u00e4sinud ja vananenud ilme. M\u00f5nel juhul v\u00f5ib liigne laugude nahk hakata segama ka n\u00e4gemist, mist\u00f5ttu&hellip;","_links":{"self":[{"href":"https:\/\/heleianestalzibo.eu\/et\/wp-json\/wp\/v2\/pages\/97","targetHints":{"allow":["GET"]}}],"collection":[{"href":"https:\/\/heleianestalzibo.eu\/et\/wp-json\/wp\/v2\/pages"}],"about":[{"href":"https:\/\/heleianestalzibo.eu\/et\/wp-json\/wp\/v2\/types\/page"}],"author":[{"embeddable":true,"href":"https:\/\/heleianestalzibo.eu\/et\/wp-json\/wp\/v2\/users\/2"}],"replies":[{"embeddable":true,"href":"https:\/\/heleianestalzibo.eu\/et\/wp-json\/wp\/v2\/comments?post=97"}],"version-history":[{"count":11,"href":"https:\/\/heleianestalzibo.eu\/et\/wp-json\/wp\/v2\/pages\/97\/revisions"}],"predecessor-version":[{"id":1240,"href":"https:\/\/heleianestalzibo.eu\/et\/wp-json\/wp\/v2\/pages\/97\/revisions\/1240"}],"wp:attachment":[{"href":"https:\/\/heleianestalzibo.eu\/et\/wp-json\/wp\/v2\/media?parent=97"}],"curies":[{"name":"wp","href":"https:\/\/api.w.org\/{rel}","templated":true}]}}